{"id":408133,"date":"2025-05-18T23:19:20","date_gmt":"2025-05-18T23:19:20","guid":{"rendered":"https:\/\/staging2.stylingagenten.com\/no\/produkt\/filorga-neocica-moisturizing-repairing-care-40ml\/"},"modified":"2026-04-02T09:36:31","modified_gmt":"2026-04-02T09:36:31","slug":"filorga-neocica-moisturizing-repairing-care-40ml","status":"publish","type":"product","link":"https:\/\/stylingagenten.com\/no\/produkt\/filorga-neocica-moisturizing-repairing-care-40ml\/","title":{"rendered":"Filorga Neocica Moisturizing Repairing Care 40ml"},"content":{"rendered":"<p>Denne reparerende hudpleien med en beroligende og reparerende formel kombinerer:<\/p>\n<p>&#8211; et kompleks rikt p\u00e5; beroligende rhamnose for \u00e5 berolige f\u00f8lelsen av irritasjon.<\/p>\n<p>&#8211; et ureaderivat beriket med innkapslet hyaluronsyre for varig hydrering.<\/p>\n<p>Ikke-fet lett kremtekstur &#8211; ekstremt beroligende. 40 ml<\/p>\n<p><strong>Bruk<\/strong>:<\/p>\n<p>P\u00e5f\u00f8r 3 til 6 ganger om dagen p\u00e5 det skadede omr\u00e5det, i sv\u00e6rt lette duppebevegelser. Designet for \u00e5 p\u00e5f\u00f8res etter estetiske prosedyrer og p&aring; &auml;rr.<\/p>\n","protected":false},"excerpt":{"rendered":"<p>Denne reparerende hudpleien med en beroligende og reparerende formel kombinerer: &#8211; et kompleks rikt p\u00e5; beroligende rhamnose for \u00e5 berolige f\u00f8lelsen av irritasjon. &#8211; et ureaderivat beriket med innkapslet hyaluronsyre for varig hydrering. Ikke-fet lett kremtekstur &#8211; ekstremt beroligende. 40 ml Bruk: P\u00e5f\u00f8r 3 til 6 ganger om dagen p\u00e5 det skadede omr\u00e5det, i sv\u00e6rt [&hellip;]<\/p>\n","protected":false},"featured_media":408132,"comment_status":"open","ping_status":"closed","template":"","meta":{"_trash_the_other_posts":false},"product_brand":[],"product_cat":[614],"product_tag":[],"berocket_brand":[1317],"class_list":{"0":"post-408133","1":"product","2":"type-product","3":"status-publish","4":"has-post-thumbnail","6":"product_cat-serum","7":"pa_brand-filorga","8":"berocket_brand-filorga","10":"first","11":"instock","12":"sale","13":"taxable","14":"shipping-taxable","15":"purchasable","16":"product-type-simple"},"_links":{"self":[{"href":"https:\/\/stylingagenten.com\/no\/wp-json\/wp\/v2\/product\/408133","targetHints":{"allow":["GET"]}}],"collection":[{"href":"https:\/\/stylingagenten.com\/no\/wp-json\/wp\/v2\/product"}],"about":[{"href":"https:\/\/stylingagenten.com\/no\/wp-json\/wp\/v2\/types\/product"}],"replies":[{"embeddable":true,"href":"https:\/\/stylingagenten.com\/no\/wp-json\/wp\/v2\/comments?post=408133"}],"version-history":[{"count":0,"href":"https:\/\/stylingagenten.com\/no\/wp-json\/wp\/v2\/product\/408133\/revisions"}],"wp:featuredmedia":[{"embeddable":true,"href":"https:\/\/stylingagenten.com\/no\/wp-json\/wp\/v2\/media\/408132"}],"wp:attachment":[{"href":"https:\/\/stylingagenten.com\/no\/wp-json\/wp\/v2\/media?parent=408133"}],"wp:term":[{"taxonomy":"product_brand","embeddable":true,"href":"https:\/\/stylingagenten.com\/no\/wp-json\/wp\/v2\/product_brand?post=408133"},{"taxonomy":"product_cat","embeddable":true,"href":"https:\/\/stylingagenten.com\/no\/wp-json\/wp\/v2\/product_cat?post=408133"},{"taxonomy":"product_tag","embeddable":true,"href":"https:\/\/stylingagenten.com\/no\/wp-json\/wp\/v2\/product_tag?post=408133"},{"taxonomy":"berocket_brand","embeddable":true,"href":"https:\/\/stylingagenten.com\/no\/wp-json\/wp\/v2\/berocket_brand?post=408133"}],"curies":[{"name":"wp","href":"https:\/\/api.w.org\/{rel}","templated":true}]}}