{"id":408095,"date":"2025-05-18T23:19:11","date_gmt":"2025-05-18T23:19:11","guid":{"rendered":"https:\/\/staging2.stylingagenten.com\/no\/produkt\/filorga-age-purify-intensive-serum-30ml\/"},"modified":"2026-03-27T21:58:39","modified_gmt":"2026-03-27T21:58:39","slug":"filorga-age-purify-intensive-serum-30ml","status":"publish","type":"product","link":"https:\/\/stylingagenten.com\/no\/produkt\/filorga-age-purify-intensive-serum-30ml\/","title":{"rendered":"Filorga Age-Purify Intensive Serum 30ml"},"content":{"rendered":"<p>Antialdringsserum mot rynker og ubalansert hud. Et antialdrings- og anti-forurensningsserum med en unik formel, utviklet av eksperter innen estetisk medisin og dermatologi.<\/p>\n<p>Huden blir mer balansert, klarere med f\u00e6rre rynker samtidig som den beskytter mot forurensning. Beriket med planteekstrakter som gjenoppretter hudens balanse med en langvarig effekt.<\/p>\n<p>Et serum med en ultralett fuktighetsgivende tekstur som passer for kombinert eller fet hud som er i ubalanse.<\/p>\n<p>&#8211; Utjevnende effekt og fyller ut rynker<br \/>&#8211; Krympe porene<br \/>&#8211; Reduserer kviser og urenheter<br \/>&#8211; Mattgj\u00f8r huden<br \/>&#8211; Rebalanserer huden<\/p>\n<p>HYALURO-YOUTH CX en kombinasjon av tre anti- rynkeingredienser som har en plumpende og glattende effekt for \u00e5 korrigere rynker og fine linjer. Utjevnende effekt etter 7 dager.<\/p>\n<p>DERMO-RESCUE CX [5 mikro-peeling-syrer + sink + vegetabilsk ekstrakt] gir korrigering mot urenheter og ubalansert hud. Synlig effekt etter 7 dager.<\/p>\n<p>Plantebasert ekstrakt gir en langsiktig gjenoppretting av hudens balanse.<\/p>\n<p>Skj\u00f8nnhetstips! P\u00e5f\u00f8r forsiktig p\u00e5 ufullkommenheter og urenheter, unng\u00e5 \u00e5 p\u00e5f\u00f8re for mye p\u00e5 disse omr\u00e5dene.<\/p>\n","protected":false},"excerpt":{"rendered":"<p>Antialdringsserum mot rynker og ubalansert hud. Et antialdrings- og anti-forurensningsserum med en unik formel, utviklet av eksperter innen estetisk medisin og dermatologi. Huden blir mer balansert, klarere med f\u00e6rre rynker samtidig som den beskytter mot forurensning. Beriket med planteekstrakter som gjenoppretter hudens balanse med en langvarig effekt. Et serum med en ultralett fuktighetsgivende tekstur som [&hellip;]<\/p>\n","protected":false},"featured_media":408069,"comment_status":"open","ping_status":"closed","template":"","meta":{"_trash_the_other_posts":false},"product_brand":[],"product_cat":[614],"product_tag":[],"berocket_brand":[1317],"class_list":{"0":"post-408095","1":"product","2":"type-product","3":"status-publish","4":"has-post-thumbnail","6":"product_cat-serum","7":"pa_brand-filorga","8":"berocket_brand-filorga","10":"first","11":"instock","12":"sale","13":"taxable","14":"shipping-taxable","15":"purchasable","16":"product-type-simple"},"_links":{"self":[{"href":"https:\/\/stylingagenten.com\/no\/wp-json\/wp\/v2\/product\/408095","targetHints":{"allow":["GET"]}}],"collection":[{"href":"https:\/\/stylingagenten.com\/no\/wp-json\/wp\/v2\/product"}],"about":[{"href":"https:\/\/stylingagenten.com\/no\/wp-json\/wp\/v2\/types\/product"}],"replies":[{"embeddable":true,"href":"https:\/\/stylingagenten.com\/no\/wp-json\/wp\/v2\/comments?post=408095"}],"version-history":[{"count":0,"href":"https:\/\/stylingagenten.com\/no\/wp-json\/wp\/v2\/product\/408095\/revisions"}],"wp:featuredmedia":[{"embeddable":true,"href":"https:\/\/stylingagenten.com\/no\/wp-json\/wp\/v2\/media\/408069"}],"wp:attachment":[{"href":"https:\/\/stylingagenten.com\/no\/wp-json\/wp\/v2\/media?parent=408095"}],"wp:term":[{"taxonomy":"product_brand","embeddable":true,"href":"https:\/\/stylingagenten.com\/no\/wp-json\/wp\/v2\/product_brand?post=408095"},{"taxonomy":"product_cat","embeddable":true,"href":"https:\/\/stylingagenten.com\/no\/wp-json\/wp\/v2\/product_cat?post=408095"},{"taxonomy":"product_tag","embeddable":true,"href":"https:\/\/stylingagenten.com\/no\/wp-json\/wp\/v2\/product_tag?post=408095"},{"taxonomy":"berocket_brand","embeddable":true,"href":"https:\/\/stylingagenten.com\/no\/wp-json\/wp\/v2\/berocket_brand?post=408095"}],"curies":[{"name":"wp","href":"https:\/\/api.w.org\/{rel}","templated":true}]}}