{"id":407941,"date":"2025-05-18T23:18:43","date_gmt":"2025-05-18T23:18:43","guid":{"rendered":"https:\/\/staging2.stylingagenten.com\/no\/produkt\/beauty-of-joseon-ginseng-essence-water-150ml\/"},"modified":"2026-03-04T13:19:48","modified_gmt":"2026-03-04T13:19:48","slug":"beauty-of-joseon-ginseng-essence-water-150ml","status":"publish","type":"product","link":"https:\/\/stylingagenten.com\/no\/produkt\/beauty-of-joseon-ginseng-essence-water-150ml\/","title":{"rendered":"Beauty of Joseon Ginseng Essence Water 150ml"},"content":{"rendered":"<p>Beauty of Joseon Ginseng Essence Water 150ml<br \/>Ginseng Essence Water inneholder 80 % ginsengvann og fokuserer p\u00e5 fordelene med ginseng i seg selv, som gir tilstrekkelig fuktighet og n\u00e6ring til huden. Den fyller p\u00e5 fuktighet og n\u00e6ringsstoffer for \u00e5 holde huden hydrert i lang tid.<br \/>Denne essensen er for hud som er fet p\u00e5 utsiden, men t\u00f8rr p\u00e5 innsiden, og for sensitiv hud som lett blir skadet av eksterne faktorer. <br \/>Den inneholder ogs\u00e5 2 % niacinamid og 0,04 % adenosin, noe som gir ytterligere fordeler for \u00e5 kontrollere talg og rynker.<\/p>\n","protected":false},"excerpt":{"rendered":"<p>Beauty of Joseon Ginseng Essence Water 150mlGinseng Essence Water inneholder 80 % ginsengvann og fokuserer p\u00e5 fordelene med ginseng i seg selv, som gir tilstrekkelig fuktighet og n\u00e6ring til huden. Den fyller p\u00e5 fuktighet og n\u00e6ringsstoffer for \u00e5 holde huden hydrert i lang tid.Denne essensen er for hud som er fet p\u00e5 utsiden, men t\u00f8rr [&hellip;]<\/p>\n","protected":false},"featured_media":407916,"comment_status":"open","ping_status":"closed","template":"","meta":{"_trash_the_other_posts":false},"product_brand":[],"product_cat":[1001,654],"product_tag":[2477],"berocket_brand":[1395],"class_list":{"0":"post-407941","1":"product","2":"type-product","3":"status-publish","4":"has-post-thumbnail","6":"product_cat-k-beauty","7":"product_cat-toner","8":"product_tag-beauty-of-joseon-ginseng-essence-water","9":"pa_brand-beauty-of-joseon","10":"pa_variant-150ml","11":"berocket_brand-beauty-of-joseon","13":"first","14":"instock","15":"sale","16":"taxable","17":"shipping-taxable","18":"purchasable","19":"product-type-simple"},"_links":{"self":[{"href":"https:\/\/stylingagenten.com\/no\/wp-json\/wp\/v2\/product\/407941","targetHints":{"allow":["GET"]}}],"collection":[{"href":"https:\/\/stylingagenten.com\/no\/wp-json\/wp\/v2\/product"}],"about":[{"href":"https:\/\/stylingagenten.com\/no\/wp-json\/wp\/v2\/types\/product"}],"replies":[{"embeddable":true,"href":"https:\/\/stylingagenten.com\/no\/wp-json\/wp\/v2\/comments?post=407941"}],"version-history":[{"count":0,"href":"https:\/\/stylingagenten.com\/no\/wp-json\/wp\/v2\/product\/407941\/revisions"}],"wp:featuredmedia":[{"embeddable":true,"href":"https:\/\/stylingagenten.com\/no\/wp-json\/wp\/v2\/media\/407916"}],"wp:attachment":[{"href":"https:\/\/stylingagenten.com\/no\/wp-json\/wp\/v2\/media?parent=407941"}],"wp:term":[{"taxonomy":"product_brand","embeddable":true,"href":"https:\/\/stylingagenten.com\/no\/wp-json\/wp\/v2\/product_brand?post=407941"},{"taxonomy":"product_cat","embeddable":true,"href":"https:\/\/stylingagenten.com\/no\/wp-json\/wp\/v2\/product_cat?post=407941"},{"taxonomy":"product_tag","embeddable":true,"href":"https:\/\/stylingagenten.com\/no\/wp-json\/wp\/v2\/product_tag?post=407941"},{"taxonomy":"berocket_brand","embeddable":true,"href":"https:\/\/stylingagenten.com\/no\/wp-json\/wp\/v2\/berocket_brand?post=407941"}],"curies":[{"name":"wp","href":"https:\/\/api.w.org\/{rel}","templated":true}]}}