{"id":407938,"date":"2025-05-18T23:18:42","date_gmt":"2025-05-18T23:18:42","guid":{"rendered":"https:\/\/staging2.stylingagenten.com\/no\/produkt\/klairs-fundamental-watery-oil-drop-50ml\/"},"modified":"2025-12-18T21:46:04","modified_gmt":"2025-12-18T21:46:04","slug":"klairs-fundamental-watery-oil-drop-50ml","status":"publish","type":"product","link":"https:\/\/stylingagenten.com\/no\/produkt\/klairs-fundamental-watery-oil-drop-50ml\/","title":{"rendered":"Klairs Fundamental Watery Oil Drop 50ml"},"content":{"rendered":"<p>Klairs Fundamental Watery Oil Drop 50ml<br \/>Klairs Fundamental Watery Oil er et vannbasert serum med samme h\u00f8ye fuktighetsgivende kraft som en ansiktsolje. Den inneholder blant annet ceramider, camellia sinensis (gr\u00f8nn te), peptider og fermenterte ingredienser. Disse ingrediensene inneholder massevis av antioksidanter og foryngende egenskaper som gir huden din en gl\u00f8d med bare noen f\u00e5 dr\u00e5per.<br \/>&#8211; Hydraterer dypt med en base av gr\u00f8nn te og antioksidanter<br \/>&#8211; Gir gl\u00f8d og n\u00e6ring<br \/>&#8211; Reduserer tegn p\u00e5 aldring Med en base av essensielt vann i gr\u00f8nn te har dette serumet en lett, ikke-klebrig tekstur som absorberes raskt og effektivt samtidig som den fukter huden dypt.<\/p>\n","protected":false},"excerpt":{"rendered":"<p>Klairs Fundamental Watery Oil Drop 50mlKlairs Fundamental Watery Oil er et vannbasert serum med samme h\u00f8ye fuktighetsgivende kraft som en ansiktsolje. Den inneholder blant annet ceramider, camellia sinensis (gr\u00f8nn te), peptider og fermenterte ingredienser. Disse ingrediensene inneholder massevis av antioksidanter og foryngende egenskaper som gir huden din en gl\u00f8d med bare noen f\u00e5 dr\u00e5per.&#8211; Hydraterer [&hellip;]<\/p>\n","protected":false},"featured_media":407914,"comment_status":"open","ping_status":"closed","template":"","meta":{"_trash_the_other_posts":false},"product_brand":[],"product_cat":[1001,654],"product_tag":[],"berocket_brand":[1397],"class_list":{"0":"post-407938","1":"product","2":"type-product","3":"status-publish","4":"has-post-thumbnail","6":"product_cat-k-beauty","7":"product_cat-toner","8":"pa_brand-klairs","9":"berocket_brand-klairs","11":"first","12":"instock","13":"sale","14":"taxable","15":"shipping-taxable","16":"purchasable","17":"product-type-simple"},"_links":{"self":[{"href":"https:\/\/stylingagenten.com\/no\/wp-json\/wp\/v2\/product\/407938","targetHints":{"allow":["GET"]}}],"collection":[{"href":"https:\/\/stylingagenten.com\/no\/wp-json\/wp\/v2\/product"}],"about":[{"href":"https:\/\/stylingagenten.com\/no\/wp-json\/wp\/v2\/types\/product"}],"replies":[{"embeddable":true,"href":"https:\/\/stylingagenten.com\/no\/wp-json\/wp\/v2\/comments?post=407938"}],"version-history":[{"count":0,"href":"https:\/\/stylingagenten.com\/no\/wp-json\/wp\/v2\/product\/407938\/revisions"}],"wp:featuredmedia":[{"embeddable":true,"href":"https:\/\/stylingagenten.com\/no\/wp-json\/wp\/v2\/media\/407914"}],"wp:attachment":[{"href":"https:\/\/stylingagenten.com\/no\/wp-json\/wp\/v2\/media?parent=407938"}],"wp:term":[{"taxonomy":"product_brand","embeddable":true,"href":"https:\/\/stylingagenten.com\/no\/wp-json\/wp\/v2\/product_brand?post=407938"},{"taxonomy":"product_cat","embeddable":true,"href":"https:\/\/stylingagenten.com\/no\/wp-json\/wp\/v2\/product_cat?post=407938"},{"taxonomy":"product_tag","embeddable":true,"href":"https:\/\/stylingagenten.com\/no\/wp-json\/wp\/v2\/product_tag?post=407938"},{"taxonomy":"berocket_brand","embeddable":true,"href":"https:\/\/stylingagenten.com\/no\/wp-json\/wp\/v2\/berocket_brand?post=407938"}],"curies":[{"name":"wp","href":"https:\/\/api.w.org\/{rel}","templated":true}]}}