{"id":407902,"date":"2025-05-18T23:18:36","date_gmt":"2025-05-18T23:18:36","guid":{"rendered":"https:\/\/staging2.stylingagenten.com\/no\/produkt\/klairs-rich-moist-soothing-serum-80ml\/"},"modified":"2026-03-31T06:59:54","modified_gmt":"2026-03-31T06:59:54","slug":"klairs-rich-moist-soothing-serum-80ml","status":"publish","type":"product","link":"https:\/\/stylingagenten.com\/no\/produkt\/klairs-rich-moist-soothing-serum-80ml\/","title":{"rendered":"Klairs Rich Moist Soothing Serum 80ml"},"content":{"rendered":"<p>Klairs Rich Moist Soothing Serum 80ml<br \/>Dette serumet fukter helt ned p\u00e5 celleniv\u00e5, lindrer huden og gir en optimal fuktighetsbalanse. Har du problemer med hud som lett blir irritert og vanskelig \u00e5 roe ned? F\u00f8ler du at huden din aldri f\u00e5r nok fuktighet? Da er dette serumet for deg. Gir du huden nok fuktighet produserer den mindre olje, noe som gj\u00f8r at for eksempel sminken sitter bedre. Fungerer for alle hudtyper og spesielt for sensitiv hud.<\/p>\n","protected":false},"excerpt":{"rendered":"<p>Klairs Rich Moist Soothing Serum 80mlDette serumet fukter helt ned p\u00e5 celleniv\u00e5, lindrer huden og gir en optimal fuktighetsbalanse. Har du problemer med hud som lett blir irritert og vanskelig \u00e5 roe ned? F\u00f8ler du at huden din aldri f\u00e5r nok fuktighet? Da er dette serumet for deg. Gir du huden nok fuktighet produserer den [&hellip;]<\/p>\n","protected":false},"featured_media":407885,"comment_status":"open","ping_status":"closed","template":"","meta":{"_trash_the_other_posts":false},"product_brand":[],"product_cat":[1003,1001,614],"product_tag":[],"berocket_brand":[1397],"class_list":{"0":"post-407902","1":"product","2":"type-product","3":"status-publish","4":"has-post-thumbnail","6":"product_cat-bestselgere","7":"product_cat-k-beauty","8":"product_cat-serum","9":"pa_brand-klairs","10":"berocket_brand-klairs","12":"first","13":"instock","14":"sale","15":"taxable","16":"shipping-taxable","17":"purchasable","18":"product-type-simple"},"_links":{"self":[{"href":"https:\/\/stylingagenten.com\/no\/wp-json\/wp\/v2\/product\/407902","targetHints":{"allow":["GET"]}}],"collection":[{"href":"https:\/\/stylingagenten.com\/no\/wp-json\/wp\/v2\/product"}],"about":[{"href":"https:\/\/stylingagenten.com\/no\/wp-json\/wp\/v2\/types\/product"}],"replies":[{"embeddable":true,"href":"https:\/\/stylingagenten.com\/no\/wp-json\/wp\/v2\/comments?post=407902"}],"version-history":[{"count":0,"href":"https:\/\/stylingagenten.com\/no\/wp-json\/wp\/v2\/product\/407902\/revisions"}],"wp:featuredmedia":[{"embeddable":true,"href":"https:\/\/stylingagenten.com\/no\/wp-json\/wp\/v2\/media\/407885"}],"wp:attachment":[{"href":"https:\/\/stylingagenten.com\/no\/wp-json\/wp\/v2\/media?parent=407902"}],"wp:term":[{"taxonomy":"product_brand","embeddable":true,"href":"https:\/\/stylingagenten.com\/no\/wp-json\/wp\/v2\/product_brand?post=407902"},{"taxonomy":"product_cat","embeddable":true,"href":"https:\/\/stylingagenten.com\/no\/wp-json\/wp\/v2\/product_cat?post=407902"},{"taxonomy":"product_tag","embeddable":true,"href":"https:\/\/stylingagenten.com\/no\/wp-json\/wp\/v2\/product_tag?post=407902"},{"taxonomy":"berocket_brand","embeddable":true,"href":"https:\/\/stylingagenten.com\/no\/wp-json\/wp\/v2\/berocket_brand?post=407902"}],"curies":[{"name":"wp","href":"https:\/\/api.w.org\/{rel}","templated":true}]}}