{"id":407839,"date":"2025-05-18T23:18:26","date_gmt":"2025-05-18T23:18:26","guid":{"rendered":"https:\/\/staging2.stylingagenten.com\/no\/produkt\/im-from-mugwort-essence-160ml\/"},"modified":"2025-12-18T21:44:33","modified_gmt":"2025-12-18T21:44:33","slug":"im-from-mugwort-essence-160ml","status":"publish","type":"product","link":"https:\/\/stylingagenten.com\/no\/produkt\/im-from-mugwort-essence-160ml\/","title":{"rendered":"I&#8217;m From Mugwort Essence 160ml"},"content":{"rendered":"<p>Dette er en veldig beroligende essens som best\u00e5r av 100 % rent bynkeekstrakt. Den forfriskende, lette formelen absorberes raskt av huden og bist\u00e5r med dyp hydrering dypt inn i huden. Virker veldig beroligende og reparerende p\u00e5 sensitiv hud.<\/p>\n<p>Tips! Kan ogs\u00e5 brukes som fuktighetsmaske n\u00e5r huden f\u00f8les tr\u00f8tt og t\u00f8rr. P\u00e5f\u00f8r en sjener\u00f8s mengde essens p\u00e5 bomullspads og press mot omr\u00e5der som trenger ekstra fuktighet. La virke i 5-10 minutter.<\/p>\n<p>Passer alle hudtyper.<\/p>\n","protected":false},"excerpt":{"rendered":"<p>Dette er en veldig beroligende essens som best\u00e5r av 100 % rent bynkeekstrakt. Den forfriskende, lette formelen absorberes raskt av huden og bist\u00e5r med dyp hydrering dypt inn i huden. Virker veldig beroligende og reparerende p\u00e5 sensitiv hud. Tips! Kan ogs\u00e5 brukes som fuktighetsmaske n\u00e5r huden f\u00f8les tr\u00f8tt og t\u00f8rr. P\u00e5f\u00f8r en sjener\u00f8s mengde essens [&hellip;]<\/p>\n","protected":false},"featured_media":407827,"comment_status":"open","ping_status":"closed","template":"","meta":{"_trash_the_other_posts":false},"product_brand":[],"product_cat":[1001,614],"product_tag":[3010],"berocket_brand":[1407],"class_list":{"0":"post-407839","1":"product","2":"type-product","3":"status-publish","4":"has-post-thumbnail","6":"product_cat-k-beauty","7":"product_cat-serum","8":"product_tag-im-from-mugwort-essence","9":"pa_brand-im-from","10":"pa_variant-160ml","11":"berocket_brand-im-from","13":"first","14":"instock","15":"sale","16":"taxable","17":"shipping-taxable","18":"purchasable","19":"product-type-simple"},"_links":{"self":[{"href":"https:\/\/stylingagenten.com\/no\/wp-json\/wp\/v2\/product\/407839","targetHints":{"allow":["GET"]}}],"collection":[{"href":"https:\/\/stylingagenten.com\/no\/wp-json\/wp\/v2\/product"}],"about":[{"href":"https:\/\/stylingagenten.com\/no\/wp-json\/wp\/v2\/types\/product"}],"replies":[{"embeddable":true,"href":"https:\/\/stylingagenten.com\/no\/wp-json\/wp\/v2\/comments?post=407839"}],"version-history":[{"count":0,"href":"https:\/\/stylingagenten.com\/no\/wp-json\/wp\/v2\/product\/407839\/revisions"}],"wp:featuredmedia":[{"embeddable":true,"href":"https:\/\/stylingagenten.com\/no\/wp-json\/wp\/v2\/media\/407827"}],"wp:attachment":[{"href":"https:\/\/stylingagenten.com\/no\/wp-json\/wp\/v2\/media?parent=407839"}],"wp:term":[{"taxonomy":"product_brand","embeddable":true,"href":"https:\/\/stylingagenten.com\/no\/wp-json\/wp\/v2\/product_brand?post=407839"},{"taxonomy":"product_cat","embeddable":true,"href":"https:\/\/stylingagenten.com\/no\/wp-json\/wp\/v2\/product_cat?post=407839"},{"taxonomy":"product_tag","embeddable":true,"href":"https:\/\/stylingagenten.com\/no\/wp-json\/wp\/v2\/product_tag?post=407839"},{"taxonomy":"berocket_brand","embeddable":true,"href":"https:\/\/stylingagenten.com\/no\/wp-json\/wp\/v2\/berocket_brand?post=407839"}],"curies":[{"name":"wp","href":"https:\/\/api.w.org\/{rel}","templated":true}]}}