{"id":407786,"date":"2025-05-18T23:18:16","date_gmt":"2025-05-18T23:18:16","guid":{"rendered":"https:\/\/staging2.stylingagenten.com\/no\/produkt\/dermalogica-age-smart-biolumin-c-serum-30ml\/"},"modified":"2026-04-08T15:30:09","modified_gmt":"2026-04-08T15:30:09","slug":"dermalogica-age-smart-biolumin-c-serum-30ml","status":"publish","type":"product","link":"https:\/\/stylingagenten.com\/no\/produkt\/dermalogica-age-smart-biolumin-c-serum-30ml\/","title":{"rendered":"Dermalogica AGE Smart BioLumin-C Serum 30ml"},"content":{"rendered":"<p>Dermalogica AGE Smart BioLumin-C Serum leverer en maksimal dose av stabilt vitamin C for en hud med mer gl\u00f8d og jevnere struktur. Hudtonen blir jevnere, og ujevn pigmentering motvirkes. Ved hjelp av cellefornyende ingredienser blir hudoverflaten jevnere, og elastisiteten forbedres. Skader for\u00e5rsaket av frie radikaler motvirkes.<\/p>\n<p>Vitamin C-kompleks: To sv\u00e6rt stabile derivater av vitamin C samt en unik peptid (palmitoyltripeptid-5) som stimulerer hudens naturlige kollagenproduksjon. Resultatet er jevnere, glattere hud med mer gl\u00f8d.<br \/>\n<br \/>Melkesyre: Denne AHA-syren fjerner d\u00f8de hudceller, \u00f8ker cellefornyelsen og forbereder huden for andre aktive ingredienser. Den virker generelt gl\u00f8dgivende og balanserende for hudens bakterieflora.<br \/>\n<br \/>Pagodetreekstrakt (Sophora Japonica Blomstekstrakt): Inneholder flavonoider med kraftige antioksidantegenskaper som beroliger huden n\u00e5r den utsettes for frie radikaler.<br \/>\n<br \/>Chiafr\u00f8olje (Salvia Hispanica Olje): Har antioksidante og mykgj\u00f8rende egenskaper.<br \/>\n<br \/>30 ml<\/p>\n","protected":false},"excerpt":{"rendered":"<p>Dermalogica AGE Smart BioLumin-C Serum leverer en maksimal dose av stabilt vitamin C for en hud med mer gl\u00f8d og jevnere struktur. Hudtonen blir jevnere, og ujevn pigmentering motvirkes. Ved hjelp av cellefornyende ingredienser blir hudoverflaten jevnere, og elastisiteten forbedres. Skader for\u00e5rsaket av frie radikaler motvirkes. Vitamin C-kompleks: To sv\u00e6rt stabile derivater av vitamin C [&hellip;]<\/p>\n","protected":false},"featured_media":407769,"comment_status":"open","ping_status":"closed","template":"","meta":{"_trash_the_other_posts":false},"product_brand":[],"product_cat":[614],"product_tag":[2786],"berocket_brand":[1420],"class_list":{"0":"post-407786","1":"product","2":"type-product","3":"status-publish","4":"has-post-thumbnail","6":"product_cat-serum","7":"product_tag-dermalogica-age-smart-biolumin-c-serum","8":"pa_brand-dermalogica","9":"pa_variant-30ml","10":"berocket_brand-dermalogica","12":"first","13":"instock","14":"sale","15":"taxable","16":"shipping-taxable","17":"purchasable","18":"product-type-simple"},"_links":{"self":[{"href":"https:\/\/stylingagenten.com\/no\/wp-json\/wp\/v2\/product\/407786","targetHints":{"allow":["GET"]}}],"collection":[{"href":"https:\/\/stylingagenten.com\/no\/wp-json\/wp\/v2\/product"}],"about":[{"href":"https:\/\/stylingagenten.com\/no\/wp-json\/wp\/v2\/types\/product"}],"replies":[{"embeddable":true,"href":"https:\/\/stylingagenten.com\/no\/wp-json\/wp\/v2\/comments?post=407786"}],"version-history":[{"count":0,"href":"https:\/\/stylingagenten.com\/no\/wp-json\/wp\/v2\/product\/407786\/revisions"}],"wp:featuredmedia":[{"embeddable":true,"href":"https:\/\/stylingagenten.com\/no\/wp-json\/wp\/v2\/media\/407769"}],"wp:attachment":[{"href":"https:\/\/stylingagenten.com\/no\/wp-json\/wp\/v2\/media?parent=407786"}],"wp:term":[{"taxonomy":"product_brand","embeddable":true,"href":"https:\/\/stylingagenten.com\/no\/wp-json\/wp\/v2\/product_brand?post=407786"},{"taxonomy":"product_cat","embeddable":true,"href":"https:\/\/stylingagenten.com\/no\/wp-json\/wp\/v2\/product_cat?post=407786"},{"taxonomy":"product_tag","embeddable":true,"href":"https:\/\/stylingagenten.com\/no\/wp-json\/wp\/v2\/product_tag?post=407786"},{"taxonomy":"berocket_brand","embeddable":true,"href":"https:\/\/stylingagenten.com\/no\/wp-json\/wp\/v2\/berocket_brand?post=407786"}],"curies":[{"name":"wp","href":"https:\/\/api.w.org\/{rel}","templated":true}]}}