{"id":407735,"date":"2025-05-18T23:18:08","date_gmt":"2025-05-18T23:18:08","guid":{"rendered":"https:\/\/staging2.stylingagenten.com\/no\/produkt\/banila-co-dear-hydration-crystal-glow-essence-50ml\/"},"modified":"2025-12-18T21:30:49","modified_gmt":"2025-12-18T21:30:49","slug":"banila-co-dear-hydration-crystal-glow-essence-50ml","status":"publish","type":"product","link":"https:\/\/stylingagenten.com\/no\/produkt\/banila-co-dear-hydration-crystal-glow-essence-50ml\/","title":{"rendered":"Banila Co Dear Hydration Crystal Glow Essence 50ml"},"content":{"rendered":"<p>Banila Co Dear Hydration Crystal Glow Essence er et innovativt og fuktgivende essence\/serum som f\u00f8les lett og fleksibelt p\u00e5 huden. Den inneholder en kraftig blanding av hyaluronsyre, Pink Cactus Water\u2122 og Pink Hydra Biome\u2122, som gj\u00f8r t\u00f8rr og stram hud fuktig og full av gl\u00f8d.<\/p>\n<p>50ml<\/p>\n","protected":false},"excerpt":{"rendered":"<p>Banila Co Dear Hydration Crystal Glow Essence er et innovativt og fuktgivende essence\/serum som f\u00f8les lett og fleksibelt p\u00e5 huden. Den inneholder en kraftig blanding av hyaluronsyre, Pink Cactus Water\u2122 og Pink Hydra Biome\u2122, som gj\u00f8r t\u00f8rr og stram hud fuktig og full av gl\u00f8d. 50ml<\/p>\n","protected":false},"featured_media":407721,"comment_status":"open","ping_status":"closed","template":"","meta":{"_trash_the_other_posts":false},"product_brand":[],"product_cat":[614],"product_tag":[],"berocket_brand":[1394],"class_list":{"0":"post-407735","1":"product","2":"type-product","3":"status-publish","4":"has-post-thumbnail","6":"product_cat-serum","7":"pa_brand-banila-co","8":"berocket_brand-banila-co","10":"first","11":"instock","12":"sale","13":"taxable","14":"shipping-taxable","15":"purchasable","16":"product-type-simple"},"_links":{"self":[{"href":"https:\/\/stylingagenten.com\/no\/wp-json\/wp\/v2\/product\/407735","targetHints":{"allow":["GET"]}}],"collection":[{"href":"https:\/\/stylingagenten.com\/no\/wp-json\/wp\/v2\/product"}],"about":[{"href":"https:\/\/stylingagenten.com\/no\/wp-json\/wp\/v2\/types\/product"}],"replies":[{"embeddable":true,"href":"https:\/\/stylingagenten.com\/no\/wp-json\/wp\/v2\/comments?post=407735"}],"version-history":[{"count":0,"href":"https:\/\/stylingagenten.com\/no\/wp-json\/wp\/v2\/product\/407735\/revisions"}],"wp:featuredmedia":[{"embeddable":true,"href":"https:\/\/stylingagenten.com\/no\/wp-json\/wp\/v2\/media\/407721"}],"wp:attachment":[{"href":"https:\/\/stylingagenten.com\/no\/wp-json\/wp\/v2\/media?parent=407735"}],"wp:term":[{"taxonomy":"product_brand","embeddable":true,"href":"https:\/\/stylingagenten.com\/no\/wp-json\/wp\/v2\/product_brand?post=407735"},{"taxonomy":"product_cat","embeddable":true,"href":"https:\/\/stylingagenten.com\/no\/wp-json\/wp\/v2\/product_cat?post=407735"},{"taxonomy":"product_tag","embeddable":true,"href":"https:\/\/stylingagenten.com\/no\/wp-json\/wp\/v2\/product_tag?post=407735"},{"taxonomy":"berocket_brand","embeddable":true,"href":"https:\/\/stylingagenten.com\/no\/wp-json\/wp\/v2\/berocket_brand?post=407735"}],"curies":[{"name":"wp","href":"https:\/\/api.w.org\/{rel}","templated":true}]}}