{"id":407730,"date":"2025-05-18T23:18:07","date_gmt":"2025-05-18T23:18:07","guid":{"rendered":"https:\/\/staging2.stylingagenten.com\/no\/produkt\/purito-fermented-complex-94-boosting-essence-150ml\/"},"modified":"2025-12-18T21:57:09","modified_gmt":"2025-12-18T21:57:09","slug":"purito-fermented-complex-94-boosting-essence-150ml","status":"publish","type":"product","link":"https:\/\/stylingagenten.com\/no\/produkt\/purito-fermented-complex-94-boosting-essence-150ml\/","title":{"rendered":"Purito Fermented Complex 94 Boosting Essence 150ml"},"content":{"rendered":"<p>Purito Fermented Complex 94 Boosting Essence er en effektiv essens med 94 % fermenterte komplekser.<br \/>\n<br \/>Lactobacillus\/risferment virker sk\u00e5nsomt p\u00e5 hudtonen og bekjemper hyperpigmentering, mens bifida ferment lysat hjelper med \u00e5 feste seg til og fukte huden, og forebygger hudskader.<\/p>\n<p>Essensen inneholder ogs\u00e5 3 % niacinamid, en ingrediens mange anser som et hudpleie-must, og som bidrar til en mykere og jevnere hudtone.<\/p>\n<p>150ml<\/p>\n","protected":false},"excerpt":{"rendered":"<p>Purito Fermented Complex 94 Boosting Essence er en effektiv essens med 94 % fermenterte komplekser. Lactobacillus\/risferment virker sk\u00e5nsomt p\u00e5 hudtonen og bekjemper hyperpigmentering, mens bifida ferment lysat hjelper med \u00e5 feste seg til og fukte huden, og forebygger hudskader. Essensen inneholder ogs\u00e5 3 % niacinamid, en ingrediens mange anser som et hudpleie-must, og som bidrar [&hellip;]<\/p>\n","protected":false},"featured_media":407713,"comment_status":"open","ping_status":"closed","template":"","meta":{"_trash_the_other_posts":false},"product_brand":[],"product_cat":[614],"product_tag":[],"berocket_brand":[1412],"class_list":{"0":"post-407730","1":"product","2":"type-product","3":"status-publish","4":"has-post-thumbnail","6":"product_cat-serum","7":"pa_brand-purito","8":"berocket_brand-purito","10":"first","11":"instock","12":"sale","13":"taxable","14":"shipping-taxable","15":"purchasable","16":"product-type-simple"},"_links":{"self":[{"href":"https:\/\/stylingagenten.com\/no\/wp-json\/wp\/v2\/product\/407730","targetHints":{"allow":["GET"]}}],"collection":[{"href":"https:\/\/stylingagenten.com\/no\/wp-json\/wp\/v2\/product"}],"about":[{"href":"https:\/\/stylingagenten.com\/no\/wp-json\/wp\/v2\/types\/product"}],"replies":[{"embeddable":true,"href":"https:\/\/stylingagenten.com\/no\/wp-json\/wp\/v2\/comments?post=407730"}],"version-history":[{"count":0,"href":"https:\/\/stylingagenten.com\/no\/wp-json\/wp\/v2\/product\/407730\/revisions"}],"wp:featuredmedia":[{"embeddable":true,"href":"https:\/\/stylingagenten.com\/no\/wp-json\/wp\/v2\/media\/407713"}],"wp:attachment":[{"href":"https:\/\/stylingagenten.com\/no\/wp-json\/wp\/v2\/media?parent=407730"}],"wp:term":[{"taxonomy":"product_brand","embeddable":true,"href":"https:\/\/stylingagenten.com\/no\/wp-json\/wp\/v2\/product_brand?post=407730"},{"taxonomy":"product_cat","embeddable":true,"href":"https:\/\/stylingagenten.com\/no\/wp-json\/wp\/v2\/product_cat?post=407730"},{"taxonomy":"product_tag","embeddable":true,"href":"https:\/\/stylingagenten.com\/no\/wp-json\/wp\/v2\/product_tag?post=407730"},{"taxonomy":"berocket_brand","embeddable":true,"href":"https:\/\/stylingagenten.com\/no\/wp-json\/wp\/v2\/berocket_brand?post=407730"}],"curies":[{"name":"wp","href":"https:\/\/api.w.org\/{rel}","templated":true}]}}