{"id":407672,"date":"2025-05-18T23:17:59","date_gmt":"2025-05-18T23:17:59","guid":{"rendered":"https:\/\/staging2.stylingagenten.com\/no\/produkt\/elemis-pro-collagen-future-restore-serum-30ml\/"},"modified":"2026-04-09T06:39:25","modified_gmt":"2026-04-09T06:39:25","slug":"elemis-pro-collagen-future-restore-serum-30ml","status":"publish","type":"product","link":"https:\/\/stylingagenten.com\/no\/produkt\/elemis-pro-collagen-future-restore-serum-30ml\/","title":{"rendered":"Elemis Pro-Collagen Future Restore Serum 30ml"},"content":{"rendered":"<p>Elemis Pro-Collagen Future Restore Serum inneholder en verdens f\u00f8rste marine oppdagelse \u2013 v\u00e5rt eksklusive Opal Skin Algae Complex \u2013 som sammen med kraftfulle marine aktive ingredienser forbedrer hudens fasthet med opptil 46 % p\u00e5 bare 4 dager.* Den avanserte formelen retter seg mot effekten av kollagentap i huden og forbedrer synlige aldringstegn over tid. V\u00e5r egenutviklede Opal Skin Algae Complex best\u00e5r av en trio marine mikroalgediatomer, hvorav \u00e9n er eksklusivt oppdaget av ELEMIS, kapslet inn i et intelligent leveringssystem. Fornyende marine cellelipider, revitaliserende Marine Bacillus Ferment og fuktighetsgivende Padina Pavonica Ferment st\u00f8tter optimal hudfunksjon og fremmer hudens motstandskraft og styrke. Fine linjer og dypere rynker^ reduseres synlig p\u00e5 bare 4 dager*, og volum og elastisitet forbedres. Huden ser jevnere og mer str\u00e5lende ut. Gjennom bioteknologi reproduserer vi de viktige ingrediensene vi trenger fra en liten pr\u00f8ve av alger, noe som maksimerer resultatene og minimerer v\u00e5r p\u00e5virkning p\u00e5 planeten. V\u00e5r innovative 100 % resirkulerbare flaske er designet for \u00e5 sikre at hver siste dr\u00e5pe av denne banebrytende formelen kan brukes.<br \/>*Uavhengige kliniske studier 2024, 30 personer i l\u00f8pet av 4 uker<\/p>\n<p>30 ml<\/p>\n","protected":false},"excerpt":{"rendered":"<p>Elemis Pro-Collagen Future Restore Serum inneholder en verdens f\u00f8rste marine oppdagelse \u2013 v\u00e5rt eksklusive Opal Skin Algae Complex \u2013 som sammen med kraftfulle marine aktive ingredienser forbedrer hudens fasthet med opptil 46 % p\u00e5 bare 4 dager.* Den avanserte formelen retter seg mot effekten av kollagentap i huden og forbedrer synlige aldringstegn over tid. V\u00e5r [&hellip;]<\/p>\n","protected":false},"featured_media":407648,"comment_status":"open","ping_status":"closed","template":"","meta":{"_trash_the_other_posts":false},"product_brand":[],"product_cat":[614],"product_tag":[],"berocket_brand":[1301],"class_list":{"0":"post-407672","1":"product","2":"type-product","3":"status-publish","4":"has-post-thumbnail","6":"product_cat-serum","7":"pa_brand-elemis","8":"berocket_brand-elemis","10":"first","11":"instock","12":"sale","13":"taxable","14":"shipping-taxable","15":"purchasable","16":"product-type-simple"},"_links":{"self":[{"href":"https:\/\/stylingagenten.com\/no\/wp-json\/wp\/v2\/product\/407672","targetHints":{"allow":["GET"]}}],"collection":[{"href":"https:\/\/stylingagenten.com\/no\/wp-json\/wp\/v2\/product"}],"about":[{"href":"https:\/\/stylingagenten.com\/no\/wp-json\/wp\/v2\/types\/product"}],"replies":[{"embeddable":true,"href":"https:\/\/stylingagenten.com\/no\/wp-json\/wp\/v2\/comments?post=407672"}],"version-history":[{"count":0,"href":"https:\/\/stylingagenten.com\/no\/wp-json\/wp\/v2\/product\/407672\/revisions"}],"wp:featuredmedia":[{"embeddable":true,"href":"https:\/\/stylingagenten.com\/no\/wp-json\/wp\/v2\/media\/407648"}],"wp:attachment":[{"href":"https:\/\/stylingagenten.com\/no\/wp-json\/wp\/v2\/media?parent=407672"}],"wp:term":[{"taxonomy":"product_brand","embeddable":true,"href":"https:\/\/stylingagenten.com\/no\/wp-json\/wp\/v2\/product_brand?post=407672"},{"taxonomy":"product_cat","embeddable":true,"href":"https:\/\/stylingagenten.com\/no\/wp-json\/wp\/v2\/product_cat?post=407672"},{"taxonomy":"product_tag","embeddable":true,"href":"https:\/\/stylingagenten.com\/no\/wp-json\/wp\/v2\/product_tag?post=407672"},{"taxonomy":"berocket_brand","embeddable":true,"href":"https:\/\/stylingagenten.com\/no\/wp-json\/wp\/v2\/berocket_brand?post=407672"}],"curies":[{"name":"wp","href":"https:\/\/api.w.org\/{rel}","templated":true}]}}