{"id":407660,"date":"2025-05-18T23:17:57","date_gmt":"2025-05-18T23:17:57","guid":{"rendered":"https:\/\/staging2.stylingagenten.com\/no\/produkt\/skin1004-madagascar-centella-ampoule-100ml\/"},"modified":"2026-02-27T07:56:41","modified_gmt":"2026-02-27T07:56:41","slug":"skin1004-madagascar-centella-ampoule-100ml","status":"publish","type":"product","link":"https:\/\/stylingagenten.com\/no\/produkt\/skin1004-madagascar-centella-ampoule-100ml\/","title":{"rendered":"SKIN1004 Madagascar Centella Ampoule 100ml"},"content":{"rendered":"<p>SKIN1004 Madagascar Centella Ampoule er et effektivt serum for behandling av en svekket og irritert hudbarriere. Dette serumet fra SKIN1004 er utviklet for \u00e5 styrke hudbarrieren og bidra til \u00e5 regulere hudens olje\/vann-balansen, slik at du oppn\u00e5r et optimalt fuktighetsniv\u00e5 som verken er for fet eller for t\u00f8rr.<\/p>\n<p>Madagascar Centella Ampoule er basert p\u00e5 Centella Asiatica-ekstrakt fra Madagaskar, som fukter, pleier og styrker hudbarrieren, og gir huden din en sunn gl\u00f8d. Centella Asiatica er en asiatisk urt kjent for sine beroligende, pleiende og betennelsesdempende egenskaper p\u00e5 huden.<\/p>\n<p>Serumet kan brukes p\u00e5 alle hudtyper og hudtilstander som \u00f8nsker \u00e5 behandle en svekket og irritert hudbarriere.<\/p>\n<p>100ml<\/p>\n","protected":false},"excerpt":{"rendered":"<p>SKIN1004 Madagascar Centella Ampoule er et effektivt serum for behandling av en svekket og irritert hudbarriere. Dette serumet fra SKIN1004 er utviklet for \u00e5 styrke hudbarrieren og bidra til \u00e5 regulere hudens olje\/vann-balansen, slik at du oppn\u00e5r et optimalt fuktighetsniv\u00e5 som verken er for fet eller for t\u00f8rr. Madagascar Centella Ampoule er basert p\u00e5 Centella [&hellip;]<\/p>\n","protected":false},"featured_media":407647,"comment_status":"open","ping_status":"closed","template":"","meta":{"_trash_the_other_posts":false},"product_brand":[],"product_cat":[614],"product_tag":[3996],"berocket_brand":[1422],"class_list":{"0":"post-407660","1":"product","2":"type-product","3":"status-publish","4":"has-post-thumbnail","6":"product_cat-serum","7":"product_tag-skin1004-madagascar-centella-ampoule","8":"pa_brand-skin1004","9":"pa_variant-100ml","10":"berocket_brand-skin1004","12":"first","13":"instock","14":"sale","15":"taxable","16":"shipping-taxable","17":"purchasable","18":"product-type-simple"},"_links":{"self":[{"href":"https:\/\/stylingagenten.com\/no\/wp-json\/wp\/v2\/product\/407660","targetHints":{"allow":["GET"]}}],"collection":[{"href":"https:\/\/stylingagenten.com\/no\/wp-json\/wp\/v2\/product"}],"about":[{"href":"https:\/\/stylingagenten.com\/no\/wp-json\/wp\/v2\/types\/product"}],"replies":[{"embeddable":true,"href":"https:\/\/stylingagenten.com\/no\/wp-json\/wp\/v2\/comments?post=407660"}],"version-history":[{"count":0,"href":"https:\/\/stylingagenten.com\/no\/wp-json\/wp\/v2\/product\/407660\/revisions"}],"wp:featuredmedia":[{"embeddable":true,"href":"https:\/\/stylingagenten.com\/no\/wp-json\/wp\/v2\/media\/407647"}],"wp:attachment":[{"href":"https:\/\/stylingagenten.com\/no\/wp-json\/wp\/v2\/media?parent=407660"}],"wp:term":[{"taxonomy":"product_brand","embeddable":true,"href":"https:\/\/stylingagenten.com\/no\/wp-json\/wp\/v2\/product_brand?post=407660"},{"taxonomy":"product_cat","embeddable":true,"href":"https:\/\/stylingagenten.com\/no\/wp-json\/wp\/v2\/product_cat?post=407660"},{"taxonomy":"product_tag","embeddable":true,"href":"https:\/\/stylingagenten.com\/no\/wp-json\/wp\/v2\/product_tag?post=407660"},{"taxonomy":"berocket_brand","embeddable":true,"href":"https:\/\/stylingagenten.com\/no\/wp-json\/wp\/v2\/berocket_brand?post=407660"}],"curies":[{"name":"wp","href":"https:\/\/api.w.org\/{rel}","templated":true}]}}