{"id":407570,"date":"2025-05-18T23:17:38","date_gmt":"2025-05-18T23:17:38","guid":{"rendered":"https:\/\/staging2.stylingagenten.com\/no\/produkt\/paul-mitchell-extra-body-daily-shampoo-1000ml\/"},"modified":"2025-11-19T08:05:01","modified_gmt":"2025-11-19T08:05:01","slug":"paul-mitchell-extra-body-daily-shampoo-1000ml","status":"publish","type":"product","link":"https:\/\/stylingagenten.com\/no\/produkt\/paul-mitchell-extra-body-daily-shampoo-1000ml\/","title":{"rendered":"Paul Mitchell Extra Body Daily Shampoo 1000ml"},"content":{"rendered":"<p>L\u00f8fter for fint h\u00e5r.<br \/>Panthenol bygger opp volum, reparerer skader og lukker negleb\u00e5ndet.<br \/>Gir glans.<\/p>\n","protected":false},"excerpt":{"rendered":"<p>L\u00f8fter for fint h\u00e5r.Panthenol bygger opp volum, reparerer skader og lukker negleb\u00e5ndet.Gir glans.<\/p>\n","protected":false},"featured_media":407559,"comment_status":"open","ping_status":"closed","template":"","meta":{"_trash_the_other_posts":false},"product_brand":[],"product_cat":[563],"product_tag":[3769],"berocket_brand":[1053],"class_list":{"0":"post-407570","1":"product","2":"type-product","3":"status-publish","4":"has-post-thumbnail","6":"product_cat-sjampo","7":"product_tag-paul-mitchell-extra-body-daily-shampoo","8":"pa_brand-paul-mitchell","9":"pa_variant-000ml","10":"berocket_brand-paul-mitchell","12":"first","13":"outofstock","14":"sale","15":"taxable","16":"shipping-taxable","17":"purchasable","18":"product-type-simple"},"_links":{"self":[{"href":"https:\/\/stylingagenten.com\/no\/wp-json\/wp\/v2\/product\/407570","targetHints":{"allow":["GET"]}}],"collection":[{"href":"https:\/\/stylingagenten.com\/no\/wp-json\/wp\/v2\/product"}],"about":[{"href":"https:\/\/stylingagenten.com\/no\/wp-json\/wp\/v2\/types\/product"}],"replies":[{"embeddable":true,"href":"https:\/\/stylingagenten.com\/no\/wp-json\/wp\/v2\/comments?post=407570"}],"version-history":[{"count":0,"href":"https:\/\/stylingagenten.com\/no\/wp-json\/wp\/v2\/product\/407570\/revisions"}],"wp:featuredmedia":[{"embeddable":true,"href":"https:\/\/stylingagenten.com\/no\/wp-json\/wp\/v2\/media\/407559"}],"wp:attachment":[{"href":"https:\/\/stylingagenten.com\/no\/wp-json\/wp\/v2\/media?parent=407570"}],"wp:term":[{"taxonomy":"product_brand","embeddable":true,"href":"https:\/\/stylingagenten.com\/no\/wp-json\/wp\/v2\/product_brand?post=407570"},{"taxonomy":"product_cat","embeddable":true,"href":"https:\/\/stylingagenten.com\/no\/wp-json\/wp\/v2\/product_cat?post=407570"},{"taxonomy":"product_tag","embeddable":true,"href":"https:\/\/stylingagenten.com\/no\/wp-json\/wp\/v2\/product_tag?post=407570"},{"taxonomy":"berocket_brand","embeddable":true,"href":"https:\/\/stylingagenten.com\/no\/wp-json\/wp\/v2\/berocket_brand?post=407570"}],"curies":[{"name":"wp","href":"https:\/\/api.w.org\/{rel}","templated":true}]}}