{"id":407562,"date":"2025-05-18T23:17:37","date_gmt":"2025-05-18T23:17:37","guid":{"rendered":"https:\/\/staging2.stylingagenten.com\/no\/produkt\/paul-mitchell-curls-spring-loaded-frizz-fighting-shampoo-250ml\/"},"modified":"2025-11-21T12:34:34","modified_gmt":"2025-11-21T12:34:34","slug":"paul-mitchell-curls-spring-loaded-frizz-fighting-shampoo-250ml","status":"publish","type":"product","link":"https:\/\/stylingagenten.com\/no\/produkt\/paul-mitchell-curls-spring-loaded-frizz-fighting-shampoo-250ml\/","title":{"rendered":"Paul Mitchell Curls Spring Loaded Frizz Fighting Shampoo 250ml"},"content":{"rendered":"<p>Rikt skum forhindrer krus.<br \/>Renser, l\u00f8ser opp og gir n\u00e6ring til kr\u00f8llete h\u00e5r.<br \/>Ultra fuktighetsgivende og sulfatfri.<\/p>\n","protected":false},"excerpt":{"rendered":"<p>Rikt skum forhindrer krus.Renser, l\u00f8ser opp og gir n\u00e6ring til kr\u00f8llete h\u00e5r.Ultra fuktighetsgivende og sulfatfri.<\/p>\n","protected":false},"featured_media":407558,"comment_status":"open","ping_status":"closed","template":"","meta":{"_trash_the_other_posts":false},"product_brand":[],"product_cat":[563],"product_tag":[3766],"berocket_brand":[1053],"class_list":{"0":"post-407562","1":"product","2":"type-product","3":"status-publish","4":"has-post-thumbnail","6":"product_cat-sjampo","7":"product_tag-paul-mitchell-curls-spring-loaded-frizz-fighting-shampoo","8":"pa_brand-paul-mitchell","9":"pa_variant-250ml","10":"berocket_brand-paul-mitchell","12":"first","13":"outofstock","14":"sale","15":"taxable","16":"shipping-taxable","17":"purchasable","18":"product-type-simple"},"_links":{"self":[{"href":"https:\/\/stylingagenten.com\/no\/wp-json\/wp\/v2\/product\/407562","targetHints":{"allow":["GET"]}}],"collection":[{"href":"https:\/\/stylingagenten.com\/no\/wp-json\/wp\/v2\/product"}],"about":[{"href":"https:\/\/stylingagenten.com\/no\/wp-json\/wp\/v2\/types\/product"}],"replies":[{"embeddable":true,"href":"https:\/\/stylingagenten.com\/no\/wp-json\/wp\/v2\/comments?post=407562"}],"version-history":[{"count":0,"href":"https:\/\/stylingagenten.com\/no\/wp-json\/wp\/v2\/product\/407562\/revisions"}],"wp:featuredmedia":[{"embeddable":true,"href":"https:\/\/stylingagenten.com\/no\/wp-json\/wp\/v2\/media\/407558"}],"wp:attachment":[{"href":"https:\/\/stylingagenten.com\/no\/wp-json\/wp\/v2\/media?parent=407562"}],"wp:term":[{"taxonomy":"product_brand","embeddable":true,"href":"https:\/\/stylingagenten.com\/no\/wp-json\/wp\/v2\/product_brand?post=407562"},{"taxonomy":"product_cat","embeddable":true,"href":"https:\/\/stylingagenten.com\/no\/wp-json\/wp\/v2\/product_cat?post=407562"},{"taxonomy":"product_tag","embeddable":true,"href":"https:\/\/stylingagenten.com\/no\/wp-json\/wp\/v2\/product_tag?post=407562"},{"taxonomy":"berocket_brand","embeddable":true,"href":"https:\/\/stylingagenten.com\/no\/wp-json\/wp\/v2\/berocket_brand?post=407562"}],"curies":[{"name":"wp","href":"https:\/\/api.w.org\/{rel}","templated":true}]}}