{"id":407545,"date":"2025-05-18T23:17:31","date_gmt":"2025-05-18T23:17:31","guid":{"rendered":"https:\/\/staging2.stylingagenten.com\/no\/produkt\/paul-mitchell-instant-moisture-daily-shampoo-1000ml\/"},"modified":"2026-04-07T23:08:40","modified_gmt":"2026-04-07T23:08:40","slug":"paul-mitchell-instant-moisture-daily-shampoo-1000ml","status":"publish","type":"product","link":"https:\/\/stylingagenten.com\/no\/produkt\/paul-mitchell-instant-moisture-daily-shampoo-1000ml\/","title":{"rendered":"Paul Mitchell Hydrate Sheer Hydration Shampoo 1000ml"},"content":{"rendered":"<p>Instant Moisture Daily Shampoo gir fuktighet og ny n\u00e6ring til t\u00f8rt h\u00e5r. Perfekt for daglig bruk p\u00e5 t\u00f8rt og normalt h\u00e5r, som er skadet eller tynt.<br \/>Beskytter mot solens skadelige str\u00e5ler.<\/p>\n","protected":false},"excerpt":{"rendered":"<p>Instant Moisture Daily Shampoo gir fuktighet og ny n\u00e6ring til t\u00f8rt h\u00e5r. Perfekt for daglig bruk p\u00e5 t\u00f8rt og normalt h\u00e5r, som er skadet eller tynt.Beskytter mot solens skadelige str\u00e5ler.<\/p>\n","protected":false},"featured_media":457706,"comment_status":"open","ping_status":"closed","template":"","meta":{"_trash_the_other_posts":false},"product_brand":[],"product_cat":[563],"product_tag":[3772],"berocket_brand":[1053],"class_list":{"0":"post-407545","1":"product","2":"type-product","3":"status-publish","4":"has-post-thumbnail","6":"product_cat-sjampo","7":"product_tag-paul-mitchell-instant-moisture-daily-shampoo","8":"pa_brand-paul-mitchell","9":"pa_variant-000ml","10":"berocket_brand-paul-mitchell","12":"first","13":"instock","14":"sale","15":"taxable","16":"shipping-taxable","17":"purchasable","18":"product-type-simple"},"_links":{"self":[{"href":"https:\/\/stylingagenten.com\/no\/wp-json\/wp\/v2\/product\/407545","targetHints":{"allow":["GET"]}}],"collection":[{"href":"https:\/\/stylingagenten.com\/no\/wp-json\/wp\/v2\/product"}],"about":[{"href":"https:\/\/stylingagenten.com\/no\/wp-json\/wp\/v2\/types\/product"}],"replies":[{"embeddable":true,"href":"https:\/\/stylingagenten.com\/no\/wp-json\/wp\/v2\/comments?post=407545"}],"version-history":[{"count":0,"href":"https:\/\/stylingagenten.com\/no\/wp-json\/wp\/v2\/product\/407545\/revisions"}],"wp:featuredmedia":[{"embeddable":true,"href":"https:\/\/stylingagenten.com\/no\/wp-json\/wp\/v2\/media\/457706"}],"wp:attachment":[{"href":"https:\/\/stylingagenten.com\/no\/wp-json\/wp\/v2\/media?parent=407545"}],"wp:term":[{"taxonomy":"product_brand","embeddable":true,"href":"https:\/\/stylingagenten.com\/no\/wp-json\/wp\/v2\/product_brand?post=407545"},{"taxonomy":"product_cat","embeddable":true,"href":"https:\/\/stylingagenten.com\/no\/wp-json\/wp\/v2\/product_cat?post=407545"},{"taxonomy":"product_tag","embeddable":true,"href":"https:\/\/stylingagenten.com\/no\/wp-json\/wp\/v2\/product_tag?post=407545"},{"taxonomy":"berocket_brand","embeddable":true,"href":"https:\/\/stylingagenten.com\/no\/wp-json\/wp\/v2\/berocket_brand?post=407545"}],"curies":[{"name":"wp","href":"https:\/\/api.w.org\/{rel}","templated":true}]}}