{"id":407539,"date":"2025-05-18T23:17:31","date_gmt":"2025-05-18T23:17:31","guid":{"rendered":"https:\/\/staging2.stylingagenten.com\/no\/produkt\/paul-mitchell-original-shampoo-one-1000ml\/"},"modified":"2026-04-11T13:48:42","modified_gmt":"2026-04-11T13:48:42","slug":"paul-mitchell-original-shampoo-one-1000ml","status":"publish","type":"product","link":"https:\/\/stylingagenten.com\/no\/produkt\/paul-mitchell-original-shampoo-one-1000ml\/","title":{"rendered":"Paul Mitchell Original Shampoo One 1000ml"},"content":{"rendered":"<p>Den f\u00f8rste sjampoen fra Paul Mitchell er en mild hverdagssjampo basert p\u00e5; kokosn\u00f8ttoljekonsentrat. Bevarer h\u00e5rets keratin og tilf\u00f8rer elastisitet, volum, glans og elastisitet. Egnet for fint og normalt h\u00e5r. Duft av kokos og ananas.<\/p>\n","protected":false},"excerpt":{"rendered":"<p>Den f\u00f8rste sjampoen fra Paul Mitchell er en mild hverdagssjampo basert p\u00e5; kokosn\u00f8ttoljekonsentrat. Bevarer h\u00e5rets keratin og tilf\u00f8rer elastisitet, volum, glans og elastisitet. Egnet for fint og normalt h\u00e5r. Duft av kokos og ananas.<\/p>\n","protected":false},"featured_media":465824,"comment_status":"open","ping_status":"closed","template":"","meta":{"_trash_the_other_posts":false},"product_brand":[],"product_cat":[563],"product_tag":[3783],"berocket_brand":[1053],"class_list":{"0":"post-407539","1":"product","2":"type-product","3":"status-publish","4":"has-post-thumbnail","6":"product_cat-sjampo","7":"product_tag-paul-mitchell-original-shampoo-one","8":"pa_brand-paul-mitchell","9":"pa_variant-1000ml","10":"berocket_brand-paul-mitchell","12":"first","13":"outofstock","14":"sale","15":"taxable","16":"shipping-taxable","17":"purchasable","18":"product-type-simple"},"_links":{"self":[{"href":"https:\/\/stylingagenten.com\/no\/wp-json\/wp\/v2\/product\/407539","targetHints":{"allow":["GET"]}}],"collection":[{"href":"https:\/\/stylingagenten.com\/no\/wp-json\/wp\/v2\/product"}],"about":[{"href":"https:\/\/stylingagenten.com\/no\/wp-json\/wp\/v2\/types\/product"}],"replies":[{"embeddable":true,"href":"https:\/\/stylingagenten.com\/no\/wp-json\/wp\/v2\/comments?post=407539"}],"version-history":[{"count":0,"href":"https:\/\/stylingagenten.com\/no\/wp-json\/wp\/v2\/product\/407539\/revisions"}],"wp:featuredmedia":[{"embeddable":true,"href":"https:\/\/stylingagenten.com\/no\/wp-json\/wp\/v2\/media\/465824"}],"wp:attachment":[{"href":"https:\/\/stylingagenten.com\/no\/wp-json\/wp\/v2\/media?parent=407539"}],"wp:term":[{"taxonomy":"product_brand","embeddable":true,"href":"https:\/\/stylingagenten.com\/no\/wp-json\/wp\/v2\/product_brand?post=407539"},{"taxonomy":"product_cat","embeddable":true,"href":"https:\/\/stylingagenten.com\/no\/wp-json\/wp\/v2\/product_cat?post=407539"},{"taxonomy":"product_tag","embeddable":true,"href":"https:\/\/stylingagenten.com\/no\/wp-json\/wp\/v2\/product_tag?post=407539"},{"taxonomy":"berocket_brand","embeddable":true,"href":"https:\/\/stylingagenten.com\/no\/wp-json\/wp\/v2\/berocket_brand?post=407539"}],"curies":[{"name":"wp","href":"https:\/\/api.w.org\/{rel}","templated":true}]}}