{"id":407531,"date":"2025-05-18T23:17:28","date_gmt":"2025-05-18T23:17:28","guid":{"rendered":"https:\/\/staging2.stylingagenten.com\/no\/produkt\/paul-mitchell-color-protect-daily-shampoo-1000ml\/"},"modified":"2026-03-25T14:58:51","modified_gmt":"2026-03-25T14:58:51","slug":"paul-mitchell-color-protect-daily-shampoo-1000ml","status":"publish","type":"product","link":"https:\/\/stylingagenten.com\/no\/produkt\/paul-mitchell-color-protect-daily-shampoo-1000ml\/","title":{"rendered":"Paul Mitchell Color Protect Daily Shampoo 1000ml"},"content":{"rendered":"<p>En gelbasert kondisjoneringssjampo spesialdesignet for farget h\u00e5r. Dette er en mild sjampo som bidrar til \u00e5 bevare h\u00e5rets fargeintensitet og forhindrer at det falmer. Inneholder solsikkeekstrakt med sin naturlige UV-beskyttelse. Beskytter ogs\u00e5 mot skadelige milj\u00f8effekter.<\/p>\n","protected":false},"excerpt":{"rendered":"<p>En gelbasert kondisjoneringssjampo spesialdesignet for farget h\u00e5r. Dette er en mild sjampo som bidrar til \u00e5 bevare h\u00e5rets fargeintensitet og forhindrer at det falmer. Inneholder solsikkeekstrakt med sin naturlige UV-beskyttelse. Beskytter ogs\u00e5 mot skadelige milj\u00f8effekter.<\/p>\n","protected":false},"featured_media":465848,"comment_status":"open","ping_status":"closed","template":"","meta":{"_trash_the_other_posts":false},"product_brand":[],"product_cat":[1003,563],"product_tag":[3765],"berocket_brand":[1053],"class_list":{"0":"post-407531","1":"product","2":"type-product","3":"status-publish","4":"has-post-thumbnail","6":"product_cat-bestselgere","7":"product_cat-sjampo","8":"product_tag-paul-mitchell-color-protect-daily-shampoo","9":"pa_brand-paul-mitchell","10":"pa_variant-000ml","11":"berocket_brand-paul-mitchell","13":"first","14":"outofstock","15":"sale","16":"taxable","17":"shipping-taxable","18":"purchasable","19":"product-type-simple"},"_links":{"self":[{"href":"https:\/\/stylingagenten.com\/no\/wp-json\/wp\/v2\/product\/407531","targetHints":{"allow":["GET"]}}],"collection":[{"href":"https:\/\/stylingagenten.com\/no\/wp-json\/wp\/v2\/product"}],"about":[{"href":"https:\/\/stylingagenten.com\/no\/wp-json\/wp\/v2\/types\/product"}],"replies":[{"embeddable":true,"href":"https:\/\/stylingagenten.com\/no\/wp-json\/wp\/v2\/comments?post=407531"}],"version-history":[{"count":0,"href":"https:\/\/stylingagenten.com\/no\/wp-json\/wp\/v2\/product\/407531\/revisions"}],"wp:featuredmedia":[{"embeddable":true,"href":"https:\/\/stylingagenten.com\/no\/wp-json\/wp\/v2\/media\/465848"}],"wp:attachment":[{"href":"https:\/\/stylingagenten.com\/no\/wp-json\/wp\/v2\/media?parent=407531"}],"wp:term":[{"taxonomy":"product_brand","embeddable":true,"href":"https:\/\/stylingagenten.com\/no\/wp-json\/wp\/v2\/product_brand?post=407531"},{"taxonomy":"product_cat","embeddable":true,"href":"https:\/\/stylingagenten.com\/no\/wp-json\/wp\/v2\/product_cat?post=407531"},{"taxonomy":"product_tag","embeddable":true,"href":"https:\/\/stylingagenten.com\/no\/wp-json\/wp\/v2\/product_tag?post=407531"},{"taxonomy":"berocket_brand","embeddable":true,"href":"https:\/\/stylingagenten.com\/no\/wp-json\/wp\/v2\/berocket_brand?post=407531"}],"curies":[{"name":"wp","href":"https:\/\/api.w.org\/{rel}","templated":true}]}}