{"id":407526,"date":"2025-05-18T23:17:27","date_gmt":"2025-05-18T23:17:27","guid":{"rendered":"https:\/\/staging2.stylingagenten.com\/no\/produkt\/paul-mitchell-neuro-lather-heatctrl-shampoo-1000ml\/"},"modified":"2026-03-11T21:59:47","modified_gmt":"2026-03-11T21:59:47","slug":"paul-mitchell-neuro-lather-heatctrl-shampoo-1000ml","status":"publish","type":"product","link":"https:\/\/stylingagenten.com\/no\/produkt\/paul-mitchell-neuro-lather-heatctrl-shampoo-1000ml\/","title":{"rendered":"Paul Mitchell Neuro Lather HeatCTRL Shampoo 1000ml"},"content":{"rendered":"<p>En lett sjampo med en mykgj\u00f8rende og pleiende effekt. Bevist \u00e5 dramatisk \u00f8ke verdien og smidigheten til h\u00e5ret. Renser varmeskadet h\u00e5r med en forfriskende duft. Fjerner sk\u00e5nsomt produktrester. Inneholder den eksklusive HeatCTRL-teknologien for \u00e5 skape en ideell base f\u00f8r du bruker varmeverkt\u00f8y.<\/p>\n","protected":false},"excerpt":{"rendered":"<p>En lett sjampo med en mykgj\u00f8rende og pleiende effekt. Bevist \u00e5 dramatisk \u00f8ke verdien og smidigheten til h\u00e5ret. Renser varmeskadet h\u00e5r med en forfriskende duft. Fjerner sk\u00e5nsomt produktrester. Inneholder den eksklusive HeatCTRL-teknologien for \u00e5 skape en ideell base f\u00f8r du bruker varmeverkt\u00f8y.<\/p>\n","protected":false},"featured_media":407520,"comment_status":"open","ping_status":"closed","template":"","meta":{"_trash_the_other_posts":false},"product_brand":[],"product_cat":[563],"product_tag":[3780],"berocket_brand":[1053],"class_list":{"0":"post-407526","1":"product","2":"type-product","3":"status-publish","4":"has-post-thumbnail","6":"product_cat-sjampo","7":"product_tag-paul-mitchell-neuro-lather-heatctrl-shampoo","8":"pa_brand-paul-mitchell","9":"pa_variant-000ml","10":"berocket_brand-paul-mitchell","12":"first","13":"instock","14":"sale","15":"taxable","16":"shipping-taxable","17":"purchasable","18":"product-type-simple"},"_links":{"self":[{"href":"https:\/\/stylingagenten.com\/no\/wp-json\/wp\/v2\/product\/407526","targetHints":{"allow":["GET"]}}],"collection":[{"href":"https:\/\/stylingagenten.com\/no\/wp-json\/wp\/v2\/product"}],"about":[{"href":"https:\/\/stylingagenten.com\/no\/wp-json\/wp\/v2\/types\/product"}],"replies":[{"embeddable":true,"href":"https:\/\/stylingagenten.com\/no\/wp-json\/wp\/v2\/comments?post=407526"}],"version-history":[{"count":0,"href":"https:\/\/stylingagenten.com\/no\/wp-json\/wp\/v2\/product\/407526\/revisions"}],"wp:featuredmedia":[{"embeddable":true,"href":"https:\/\/stylingagenten.com\/no\/wp-json\/wp\/v2\/media\/407520"}],"wp:attachment":[{"href":"https:\/\/stylingagenten.com\/no\/wp-json\/wp\/v2\/media?parent=407526"}],"wp:term":[{"taxonomy":"product_brand","embeddable":true,"href":"https:\/\/stylingagenten.com\/no\/wp-json\/wp\/v2\/product_brand?post=407526"},{"taxonomy":"product_cat","embeddable":true,"href":"https:\/\/stylingagenten.com\/no\/wp-json\/wp\/v2\/product_cat?post=407526"},{"taxonomy":"product_tag","embeddable":true,"href":"https:\/\/stylingagenten.com\/no\/wp-json\/wp\/v2\/product_tag?post=407526"},{"taxonomy":"berocket_brand","embeddable":true,"href":"https:\/\/stylingagenten.com\/no\/wp-json\/wp\/v2\/berocket_brand?post=407526"}],"curies":[{"name":"wp","href":"https:\/\/api.w.org\/{rel}","templated":true}]}}