{"id":407518,"date":"2025-05-18T23:17:26","date_gmt":"2025-05-18T23:17:26","guid":{"rendered":"https:\/\/staging2.stylingagenten.com\/no\/produkt\/paul-mitchell-curls-spring-loaded-frizz-fighting-shampoo-710ml\/"},"modified":"2026-03-11T22:00:16","modified_gmt":"2026-03-11T22:00:16","slug":"paul-mitchell-curls-spring-loaded-frizz-fighting-shampoo-710ml","status":"publish","type":"product","link":"https:\/\/stylingagenten.com\/no\/produkt\/paul-mitchell-curls-spring-loaded-frizz-fighting-shampoo-710ml\/","title":{"rendered":"Paul Mitchell Curls Spring Loaded Frizz Fighting Shampoo 710ml"},"content":{"rendered":"<p>Paul Mitchell Curls Spring Loaded Frizz-Fighting Shampoo er en fantastisk sjampo spesielt utviklet for fint og kr\u00f8llete h\u00e5r. Enten du har naturlige kr\u00f8ller eller h\u00e5ret er permanentet, vil denne sjampoen tilf\u00f8re vitalitet og liv til h\u00e5ret ditt. Det gir mye fuktighet, eliminerer krus og gj\u00f8r kr\u00f8llene mer definerte.&nbsp;<\/p>\n","protected":false},"excerpt":{"rendered":"<p>Paul Mitchell Curls Spring Loaded Frizz-Fighting Shampoo er en fantastisk sjampo spesielt utviklet for fint og kr\u00f8llete h\u00e5r. Enten du har naturlige kr\u00f8ller eller h\u00e5ret er permanentet, vil denne sjampoen tilf\u00f8re vitalitet og liv til h\u00e5ret ditt. Det gir mye fuktighet, eliminerer krus og gj\u00f8r kr\u00f8llene mer definerte.&nbsp;<\/p>\n","protected":false},"featured_media":407515,"comment_status":"open","ping_status":"closed","template":"","meta":{"_trash_the_other_posts":false},"product_brand":[],"product_cat":[563],"product_tag":[3766],"berocket_brand":[1053],"class_list":{"0":"post-407518","1":"product","2":"type-product","3":"status-publish","4":"has-post-thumbnail","6":"product_cat-sjampo","7":"product_tag-paul-mitchell-curls-spring-loaded-frizz-fighting-shampoo","8":"pa_brand-paul-mitchell","9":"pa_variant-710ml","10":"berocket_brand-paul-mitchell","12":"first","13":"instock","14":"sale","15":"taxable","16":"shipping-taxable","17":"purchasable","18":"product-type-simple"},"_links":{"self":[{"href":"https:\/\/stylingagenten.com\/no\/wp-json\/wp\/v2\/product\/407518","targetHints":{"allow":["GET"]}}],"collection":[{"href":"https:\/\/stylingagenten.com\/no\/wp-json\/wp\/v2\/product"}],"about":[{"href":"https:\/\/stylingagenten.com\/no\/wp-json\/wp\/v2\/types\/product"}],"replies":[{"embeddable":true,"href":"https:\/\/stylingagenten.com\/no\/wp-json\/wp\/v2\/comments?post=407518"}],"version-history":[{"count":0,"href":"https:\/\/stylingagenten.com\/no\/wp-json\/wp\/v2\/product\/407518\/revisions"}],"wp:featuredmedia":[{"embeddable":true,"href":"https:\/\/stylingagenten.com\/no\/wp-json\/wp\/v2\/media\/407515"}],"wp:attachment":[{"href":"https:\/\/stylingagenten.com\/no\/wp-json\/wp\/v2\/media?parent=407518"}],"wp:term":[{"taxonomy":"product_brand","embeddable":true,"href":"https:\/\/stylingagenten.com\/no\/wp-json\/wp\/v2\/product_brand?post=407518"},{"taxonomy":"product_cat","embeddable":true,"href":"https:\/\/stylingagenten.com\/no\/wp-json\/wp\/v2\/product_cat?post=407518"},{"taxonomy":"product_tag","embeddable":true,"href":"https:\/\/stylingagenten.com\/no\/wp-json\/wp\/v2\/product_tag?post=407518"},{"taxonomy":"berocket_brand","embeddable":true,"href":"https:\/\/stylingagenten.com\/no\/wp-json\/wp\/v2\/berocket_brand?post=407518"}],"curies":[{"name":"wp","href":"https:\/\/api.w.org\/{rel}","templated":true}]}}