{"id":407483,"date":"2025-05-18T23:17:18","date_gmt":"2025-05-18T23:17:18","guid":{"rendered":"https:\/\/staging2.stylingagenten.com\/no\/produkt\/paul-mitchell-lavender-mint-moisturizing-shampoo-1000ml\/"},"modified":"2026-04-12T15:58:44","modified_gmt":"2026-04-12T15:58:44","slug":"paul-mitchell-lavender-mint-moisturizing-shampoo-1000ml","status":"publish","type":"product","link":"https:\/\/stylingagenten.com\/no\/produkt\/paul-mitchell-lavender-mint-moisturizing-shampoo-1000ml\/","title":{"rendered":"Paul Mitchell Lavender Mint Moisturizing Shampoo 1000ml"},"content":{"rendered":"<p>Denne prisvinnende sjampoen er veldig; mild at du kan bruke den hver dag. Med ingredienser som tea tree olje, peppermynte og lavendel f\u00e5r h\u00e5ret en fantastisk duft samtidig som det fylles med vitalitet, glans og liv. Ideell for t\u00f8rt h\u00e5r, egnet for alle h\u00e5rtyper.<\/p>\n","protected":false},"excerpt":{"rendered":"<p>Denne prisvinnende sjampoen er veldig; mild at du kan bruke den hver dag. Med ingredienser som tea tree olje, peppermynte og lavendel f\u00e5r h\u00e5ret en fantastisk duft samtidig som det fylles med vitalitet, glans og liv. Ideell for t\u00f8rt h\u00e5r, egnet for alle h\u00e5rtyper.<\/p>\n","protected":false},"featured_media":457720,"comment_status":"open","ping_status":"closed","template":"","meta":{"_trash_the_other_posts":false},"product_brand":[],"product_cat":[563],"product_tag":[3776],"berocket_brand":[1053],"class_list":{"0":"post-407483","1":"product","2":"type-product","3":"status-publish","4":"has-post-thumbnail","6":"product_cat-sjampo","7":"product_tag-paul-mitchell-lavender-mint-moisturizing-shampoo","8":"pa_brand-paul-mitchell","9":"pa_variant-1000ml","10":"berocket_brand-paul-mitchell","12":"first","13":"instock","14":"sale","15":"taxable","16":"shipping-taxable","17":"purchasable","18":"product-type-simple"},"_links":{"self":[{"href":"https:\/\/stylingagenten.com\/no\/wp-json\/wp\/v2\/product\/407483","targetHints":{"allow":["GET"]}}],"collection":[{"href":"https:\/\/stylingagenten.com\/no\/wp-json\/wp\/v2\/product"}],"about":[{"href":"https:\/\/stylingagenten.com\/no\/wp-json\/wp\/v2\/types\/product"}],"replies":[{"embeddable":true,"href":"https:\/\/stylingagenten.com\/no\/wp-json\/wp\/v2\/comments?post=407483"}],"version-history":[{"count":0,"href":"https:\/\/stylingagenten.com\/no\/wp-json\/wp\/v2\/product\/407483\/revisions"}],"wp:featuredmedia":[{"embeddable":true,"href":"https:\/\/stylingagenten.com\/no\/wp-json\/wp\/v2\/media\/457720"}],"wp:attachment":[{"href":"https:\/\/stylingagenten.com\/no\/wp-json\/wp\/v2\/media?parent=407483"}],"wp:term":[{"taxonomy":"product_brand","embeddable":true,"href":"https:\/\/stylingagenten.com\/no\/wp-json\/wp\/v2\/product_brand?post=407483"},{"taxonomy":"product_cat","embeddable":true,"href":"https:\/\/stylingagenten.com\/no\/wp-json\/wp\/v2\/product_cat?post=407483"},{"taxonomy":"product_tag","embeddable":true,"href":"https:\/\/stylingagenten.com\/no\/wp-json\/wp\/v2\/product_tag?post=407483"},{"taxonomy":"berocket_brand","embeddable":true,"href":"https:\/\/stylingagenten.com\/no\/wp-json\/wp\/v2\/berocket_brand?post=407483"}],"curies":[{"name":"wp","href":"https:\/\/api.w.org\/{rel}","templated":true}]}}