{"id":407453,"date":"2025-05-18T23:17:09","date_gmt":"2025-05-18T23:17:09","guid":{"rendered":"https:\/\/staging2.stylingagenten.com\/no\/produkt\/schwarzkopf-bc-color-freeze-silver-shampoo-250ml\/"},"modified":"2026-03-11T21:46:50","modified_gmt":"2026-03-11T21:46:50","slug":"schwarzkopf-bc-color-freeze-silver-shampoo-250ml","status":"publish","type":"product","link":"https:\/\/stylingagenten.com\/no\/produkt\/schwarzkopf-bc-color-freeze-silver-shampoo-250ml\/","title":{"rendered":"Schwarzkopf BC Color Freeze Silver Shampoo 250ml"},"content":{"rendered":"<p>S\u00f8lvsjampo for kr\u00f8llete, bleket eller gr\u00e5tt h\u00e5r. S\u00f8lvpigmenter n\u00f8ytraliserer varme undertoner. Skyll ut etter 1-3 minutter.<\/p>\n","protected":false},"excerpt":{"rendered":"<p>S\u00f8lvsjampo for kr\u00f8llete, bleket eller gr\u00e5tt h\u00e5r. S\u00f8lvpigmenter n\u00f8ytraliserer varme undertoner. Skyll ut etter 1-3 minutter.<\/p>\n","protected":false},"featured_media":407452,"comment_status":"open","ping_status":"closed","template":"","meta":{"_trash_the_other_posts":false},"product_brand":[],"product_cat":[563],"product_tag":[],"berocket_brand":[1060],"class_list":{"0":"post-407453","1":"product","2":"type-product","3":"status-publish","4":"has-post-thumbnail","6":"product_cat-sjampo","7":"pa_brand-schwarzkopf","8":"berocket_brand-schwarzkopf","10":"first","11":"instock","12":"sale","13":"taxable","14":"shipping-taxable","15":"purchasable","16":"product-type-simple"},"_links":{"self":[{"href":"https:\/\/stylingagenten.com\/no\/wp-json\/wp\/v2\/product\/407453","targetHints":{"allow":["GET"]}}],"collection":[{"href":"https:\/\/stylingagenten.com\/no\/wp-json\/wp\/v2\/product"}],"about":[{"href":"https:\/\/stylingagenten.com\/no\/wp-json\/wp\/v2\/types\/product"}],"replies":[{"embeddable":true,"href":"https:\/\/stylingagenten.com\/no\/wp-json\/wp\/v2\/comments?post=407453"}],"version-history":[{"count":0,"href":"https:\/\/stylingagenten.com\/no\/wp-json\/wp\/v2\/product\/407453\/revisions"}],"wp:featuredmedia":[{"embeddable":true,"href":"https:\/\/stylingagenten.com\/no\/wp-json\/wp\/v2\/media\/407452"}],"wp:attachment":[{"href":"https:\/\/stylingagenten.com\/no\/wp-json\/wp\/v2\/media?parent=407453"}],"wp:term":[{"taxonomy":"product_brand","embeddable":true,"href":"https:\/\/stylingagenten.com\/no\/wp-json\/wp\/v2\/product_brand?post=407453"},{"taxonomy":"product_cat","embeddable":true,"href":"https:\/\/stylingagenten.com\/no\/wp-json\/wp\/v2\/product_cat?post=407453"},{"taxonomy":"product_tag","embeddable":true,"href":"https:\/\/stylingagenten.com\/no\/wp-json\/wp\/v2\/product_tag?post=407453"},{"taxonomy":"berocket_brand","embeddable":true,"href":"https:\/\/stylingagenten.com\/no\/wp-json\/wp\/v2\/berocket_brand?post=407453"}],"curies":[{"name":"wp","href":"https:\/\/api.w.org\/{rel}","templated":true}]}}