{"id":407370,"date":"2025-05-18T23:16:43","date_gmt":"2025-05-18T23:16:43","guid":{"rendered":"https:\/\/staging2.stylingagenten.com\/no\/produkt\/paul-mitchell-tea-tree-special-color-shampoo-300ml\/"},"modified":"2026-03-11T21:52:08","modified_gmt":"2026-03-11T21:52:08","slug":"paul-mitchell-tea-tree-special-color-shampoo-300ml","status":"publish","type":"product","link":"https:\/\/stylingagenten.com\/no\/produkt\/paul-mitchell-tea-tree-special-color-shampoo-300ml\/","title":{"rendered":"Paul Mitchell Tea Tree Special Color Shampoo 300ml"},"content":{"rendered":"<p>Vask bort urenheter og beskytt h\u00e5ret med Tea Tree Special Color Shampoo. <br \/>Denne forfriskende sjampoen er egnet for farget h\u00e5r og etterlater h\u00e5rstr\u00e5ene friske, rene og fulle av glans. Rooibos-teplanter bidrar til at fargen ikke falmer, mens naturlig tea tree-olje og peppermynte beroliger hodebunnen. Sjampoen har en lett duft av lavendel og vil etterlate h\u00e5ret ditt oppfrisket.<\/p>\n","protected":false},"excerpt":{"rendered":"<p>Vask bort urenheter og beskytt h\u00e5ret med Tea Tree Special Color Shampoo. Denne forfriskende sjampoen er egnet for farget h\u00e5r og etterlater h\u00e5rstr\u00e5ene friske, rene og fulle av glans. Rooibos-teplanter bidrar til at fargen ikke falmer, mens naturlig tea tree-olje og peppermynte beroliger hodebunnen. Sjampoen har en lett duft av lavendel og vil etterlate h\u00e5ret [&hellip;]<\/p>\n","protected":false},"featured_media":457749,"comment_status":"open","ping_status":"closed","template":"","meta":{"_trash_the_other_posts":false},"product_brand":[],"product_cat":[563],"product_tag":[3791],"berocket_brand":[1053],"class_list":{"0":"post-407370","1":"product","2":"type-product","3":"status-publish","4":"has-post-thumbnail","6":"product_cat-sjampo","7":"product_tag-paul-mitchell-tea-tree-special-color-shampoo","8":"pa_brand-paul-mitchell","9":"pa_variant-300ml","10":"berocket_brand-paul-mitchell","12":"first","13":"instock","14":"sale","15":"taxable","16":"shipping-taxable","17":"purchasable","18":"product-type-simple"},"_links":{"self":[{"href":"https:\/\/stylingagenten.com\/no\/wp-json\/wp\/v2\/product\/407370","targetHints":{"allow":["GET"]}}],"collection":[{"href":"https:\/\/stylingagenten.com\/no\/wp-json\/wp\/v2\/product"}],"about":[{"href":"https:\/\/stylingagenten.com\/no\/wp-json\/wp\/v2\/types\/product"}],"replies":[{"embeddable":true,"href":"https:\/\/stylingagenten.com\/no\/wp-json\/wp\/v2\/comments?post=407370"}],"version-history":[{"count":0,"href":"https:\/\/stylingagenten.com\/no\/wp-json\/wp\/v2\/product\/407370\/revisions"}],"wp:featuredmedia":[{"embeddable":true,"href":"https:\/\/stylingagenten.com\/no\/wp-json\/wp\/v2\/media\/457749"}],"wp:attachment":[{"href":"https:\/\/stylingagenten.com\/no\/wp-json\/wp\/v2\/media?parent=407370"}],"wp:term":[{"taxonomy":"product_brand","embeddable":true,"href":"https:\/\/stylingagenten.com\/no\/wp-json\/wp\/v2\/product_brand?post=407370"},{"taxonomy":"product_cat","embeddable":true,"href":"https:\/\/stylingagenten.com\/no\/wp-json\/wp\/v2\/product_cat?post=407370"},{"taxonomy":"product_tag","embeddable":true,"href":"https:\/\/stylingagenten.com\/no\/wp-json\/wp\/v2\/product_tag?post=407370"},{"taxonomy":"berocket_brand","embeddable":true,"href":"https:\/\/stylingagenten.com\/no\/wp-json\/wp\/v2\/berocket_brand?post=407370"}],"curies":[{"name":"wp","href":"https:\/\/api.w.org\/{rel}","templated":true}]}}