{"id":407369,"date":"2025-05-18T23:16:43","date_gmt":"2025-05-18T23:16:43","guid":{"rendered":"https:\/\/staging2.stylingagenten.com\/no\/produkt\/fudge-clean-blonde-damage-rewind-violet-shampoo-50ml\/"},"modified":"2026-04-12T22:07:32","modified_gmt":"2026-04-12T22:07:32","slug":"fudge-clean-blonde-damage-rewind-violet-shampoo-50ml","status":"publish","type":"product","link":"https:\/\/stylingagenten.com\/no\/produkt\/fudge-clean-blonde-damage-rewind-violet-shampoo-50ml\/","title":{"rendered":"Fudge Clean Blonde Damage Rewind Violet Shampoo 50ml"},"content":{"rendered":"<p>Clean Blonde Damage Rewind Violet Toning Shampoo er en sulfatfri sjampo med intense og effektive fiolette mikropigmenter som umiddelbart bekjemper gule nyanser i blondt h\u00e5r. Beriket med Opti-plex&trade; Teknologi som styrker og beskytter h\u00e5ret for \u00e5 holde det i perfekt stand.<\/p>\n<p>Opti-Plex inneholder hydrogenert vegetabilsk protein som styrker h\u00e5ret innenfra og ut V&auml;as p&aring; utsiden og etterlater den sterkere, blankere og med et jevnt lag av skjell. Abil ME 45 fungerer som en viktig fuktighetskrem og bidrar ogs\u00e5 til \u00e5 beskytte h\u00e5ret mot fargetap og skader fra varme, styling og milj\u00f8. Sjampoen gj\u00f8r h\u00e5ret 90 % sterkere og dobbelt s\u00e5 sterkt; myk.<\/p>\n","protected":false},"excerpt":{"rendered":"<p>Clean Blonde Damage Rewind Violet Toning Shampoo er en sulfatfri sjampo med intense og effektive fiolette mikropigmenter som umiddelbart bekjemper gule nyanser i blondt h\u00e5r. Beriket med Opti-plex&trade; Teknologi som styrker og beskytter h\u00e5ret for \u00e5 holde det i perfekt stand. Opti-Plex inneholder hydrogenert vegetabilsk protein som styrker h\u00e5ret innenfra og ut V&auml;as p&aring; utsiden [&hellip;]<\/p>\n","protected":false},"featured_media":407367,"comment_status":"open","ping_status":"closed","template":"","meta":{"_trash_the_other_posts":false},"product_brand":[],"product_cat":[1004,563],"product_tag":[2911],"berocket_brand":[1319],"class_list":{"0":"post-407369","1":"product","2":"type-product","3":"status-publish","4":"has-post-thumbnail","6":"product_cat-silverschampo","7":"product_cat-sjampo","8":"product_tag-fudge-clean-blonde-damage-rewind-violet-shampoo","9":"pa_brand-fudge","10":"pa_variant-50ml","11":"berocket_brand-fudge","13":"first","14":"instock","15":"sale","16":"taxable","17":"shipping-taxable","18":"purchasable","19":"product-type-simple"},"_links":{"self":[{"href":"https:\/\/stylingagenten.com\/no\/wp-json\/wp\/v2\/product\/407369","targetHints":{"allow":["GET"]}}],"collection":[{"href":"https:\/\/stylingagenten.com\/no\/wp-json\/wp\/v2\/product"}],"about":[{"href":"https:\/\/stylingagenten.com\/no\/wp-json\/wp\/v2\/types\/product"}],"replies":[{"embeddable":true,"href":"https:\/\/stylingagenten.com\/no\/wp-json\/wp\/v2\/comments?post=407369"}],"version-history":[{"count":0,"href":"https:\/\/stylingagenten.com\/no\/wp-json\/wp\/v2\/product\/407369\/revisions"}],"wp:featuredmedia":[{"embeddable":true,"href":"https:\/\/stylingagenten.com\/no\/wp-json\/wp\/v2\/media\/407367"}],"wp:attachment":[{"href":"https:\/\/stylingagenten.com\/no\/wp-json\/wp\/v2\/media?parent=407369"}],"wp:term":[{"taxonomy":"product_brand","embeddable":true,"href":"https:\/\/stylingagenten.com\/no\/wp-json\/wp\/v2\/product_brand?post=407369"},{"taxonomy":"product_cat","embeddable":true,"href":"https:\/\/stylingagenten.com\/no\/wp-json\/wp\/v2\/product_cat?post=407369"},{"taxonomy":"product_tag","embeddable":true,"href":"https:\/\/stylingagenten.com\/no\/wp-json\/wp\/v2\/product_tag?post=407369"},{"taxonomy":"berocket_brand","embeddable":true,"href":"https:\/\/stylingagenten.com\/no\/wp-json\/wp\/v2\/berocket_brand?post=407369"}],"curies":[{"name":"wp","href":"https:\/\/api.w.org\/{rel}","templated":true}]}}