{"id":407355,"date":"2025-05-18T23:16:40","date_gmt":"2025-05-18T23:16:40","guid":{"rendered":"https:\/\/staging2.stylingagenten.com\/no\/produkt\/goldwell-dualsenses-color-extra-rich-shampoo-250ml\/"},"modified":"2026-03-12T10:57:41","modified_gmt":"2026-03-12T10:57:41","slug":"goldwell-dualsenses-color-extra-rich-shampoo-250ml","status":"publish","type":"product","link":"https:\/\/stylingagenten.com\/no\/produkt\/goldwell-dualsenses-color-extra-rich-shampoo-250ml\/","title":{"rendered":"Goldwell Dualsenses Color Extra Rich Shampoo 250ml"},"content":{"rendered":"<p>&nbsp;Goldwell Dualsenses Color Brilliance Shampoo gir \u00f8yeblikkelig en unik fargeglans for farget eller ubehandlet h\u00e5r. Unik FadeStopFormula, sk\u00e5nsom som vann, minimerer falming ved hver bruk. MicroPROtec-komplekset og Luminescine konverterer ikke-synlig UV-lys til synlige str\u00e5ler for \u00e5 fremheve h\u00e5rets glans. For tykt til grovt h\u00e5r.&nbsp;<\/p>\n","protected":false},"excerpt":{"rendered":"<p>&nbsp;Goldwell Dualsenses Color Brilliance Shampoo gir \u00f8yeblikkelig en unik fargeglans for farget eller ubehandlet h\u00e5r. Unik FadeStopFormula, sk\u00e5nsom som vann, minimerer falming ved hver bruk. MicroPROtec-komplekset og Luminescine konverterer ikke-synlig UV-lys til synlige str\u00e5ler for \u00e5 fremheve h\u00e5rets glans. For tykt til grovt h\u00e5r.&nbsp;<\/p>\n","protected":false},"featured_media":407353,"comment_status":"open","ping_status":"closed","template":"","meta":{"_trash_the_other_posts":false},"product_brand":[],"product_cat":[563],"product_tag":[],"berocket_brand":[1328],"class_list":{"0":"post-407355","1":"product","2":"type-product","3":"status-publish","4":"has-post-thumbnail","6":"product_cat-sjampo","7":"pa_brand-goldwell","8":"berocket_brand-goldwell","10":"first","11":"instock","12":"sale","13":"taxable","14":"shipping-taxable","15":"purchasable","16":"product-type-simple"},"_links":{"self":[{"href":"https:\/\/stylingagenten.com\/no\/wp-json\/wp\/v2\/product\/407355","targetHints":{"allow":["GET"]}}],"collection":[{"href":"https:\/\/stylingagenten.com\/no\/wp-json\/wp\/v2\/product"}],"about":[{"href":"https:\/\/stylingagenten.com\/no\/wp-json\/wp\/v2\/types\/product"}],"replies":[{"embeddable":true,"href":"https:\/\/stylingagenten.com\/no\/wp-json\/wp\/v2\/comments?post=407355"}],"version-history":[{"count":0,"href":"https:\/\/stylingagenten.com\/no\/wp-json\/wp\/v2\/product\/407355\/revisions"}],"wp:featuredmedia":[{"embeddable":true,"href":"https:\/\/stylingagenten.com\/no\/wp-json\/wp\/v2\/media\/407353"}],"wp:attachment":[{"href":"https:\/\/stylingagenten.com\/no\/wp-json\/wp\/v2\/media?parent=407355"}],"wp:term":[{"taxonomy":"product_brand","embeddable":true,"href":"https:\/\/stylingagenten.com\/no\/wp-json\/wp\/v2\/product_brand?post=407355"},{"taxonomy":"product_cat","embeddable":true,"href":"https:\/\/stylingagenten.com\/no\/wp-json\/wp\/v2\/product_cat?post=407355"},{"taxonomy":"product_tag","embeddable":true,"href":"https:\/\/stylingagenten.com\/no\/wp-json\/wp\/v2\/product_tag?post=407355"},{"taxonomy":"berocket_brand","embeddable":true,"href":"https:\/\/stylingagenten.com\/no\/wp-json\/wp\/v2\/berocket_brand?post=407355"}],"curies":[{"name":"wp","href":"https:\/\/api.w.org\/{rel}","templated":true}]}}