{"id":407338,"date":"2025-05-18T23:16:34","date_gmt":"2025-05-18T23:16:34","guid":{"rendered":"https:\/\/staging2.stylingagenten.com\/no\/produkt\/goldwell-dualsenses-just-smooth-taming-shampoo-250ml\/"},"modified":"2026-03-30T07:31:43","modified_gmt":"2026-03-30T07:31:43","slug":"goldwell-dualsenses-just-smooth-taming-shampoo-250ml","status":"publish","type":"product","link":"https:\/\/stylingagenten.com\/no\/produkt\/goldwell-dualsenses-just-smooth-taming-shampoo-250ml\/","title":{"rendered":"Goldwell Dualsenses Just Smooth Taming Shampoo 250ml"},"content":{"rendered":"<p>Goldwell Dualsenses Just Smooth Taming Shampoo passer deg med uh\u00e5ndterlig og krusete h\u00e5r. Ved hjelp av en blanding av microPROtec og Kukui Nut Oil, som er kjent for sine fuktighetsgivende egenskaper, blir h\u00e5ret mer h\u00e5ndterlig, kruset kontrolleres og h\u00e5ret f\u00e5r en str\u00e5lende glans. Unik FadeStopFormula, sk\u00e5nsom som vann, minimerer falming av farger ved hver bruk.<\/p>\n","protected":false},"excerpt":{"rendered":"<p>Goldwell Dualsenses Just Smooth Taming Shampoo passer deg med uh\u00e5ndterlig og krusete h\u00e5r. Ved hjelp av en blanding av microPROtec og Kukui Nut Oil, som er kjent for sine fuktighetsgivende egenskaper, blir h\u00e5ret mer h\u00e5ndterlig, kruset kontrolleres og h\u00e5ret f\u00e5r en str\u00e5lende glans. Unik FadeStopFormula, sk\u00e5nsom som vann, minimerer falming av farger ved hver bruk.<\/p>\n","protected":false},"featured_media":407336,"comment_status":"open","ping_status":"closed","template":"","meta":{"_trash_the_other_posts":false},"product_brand":[],"product_cat":[1003,563],"product_tag":[],"berocket_brand":[1328],"class_list":{"0":"post-407338","1":"product","2":"type-product","3":"status-publish","4":"has-post-thumbnail","6":"product_cat-bestselgere","7":"product_cat-sjampo","8":"pa_brand-goldwell","9":"berocket_brand-goldwell","11":"first","12":"instock","13":"sale","14":"taxable","15":"shipping-taxable","16":"purchasable","17":"product-type-simple"},"_links":{"self":[{"href":"https:\/\/stylingagenten.com\/no\/wp-json\/wp\/v2\/product\/407338","targetHints":{"allow":["GET"]}}],"collection":[{"href":"https:\/\/stylingagenten.com\/no\/wp-json\/wp\/v2\/product"}],"about":[{"href":"https:\/\/stylingagenten.com\/no\/wp-json\/wp\/v2\/types\/product"}],"replies":[{"embeddable":true,"href":"https:\/\/stylingagenten.com\/no\/wp-json\/wp\/v2\/comments?post=407338"}],"version-history":[{"count":0,"href":"https:\/\/stylingagenten.com\/no\/wp-json\/wp\/v2\/product\/407338\/revisions"}],"wp:featuredmedia":[{"embeddable":true,"href":"https:\/\/stylingagenten.com\/no\/wp-json\/wp\/v2\/media\/407336"}],"wp:attachment":[{"href":"https:\/\/stylingagenten.com\/no\/wp-json\/wp\/v2\/media?parent=407338"}],"wp:term":[{"taxonomy":"product_brand","embeddable":true,"href":"https:\/\/stylingagenten.com\/no\/wp-json\/wp\/v2\/product_brand?post=407338"},{"taxonomy":"product_cat","embeddable":true,"href":"https:\/\/stylingagenten.com\/no\/wp-json\/wp\/v2\/product_cat?post=407338"},{"taxonomy":"product_tag","embeddable":true,"href":"https:\/\/stylingagenten.com\/no\/wp-json\/wp\/v2\/product_tag?post=407338"},{"taxonomy":"berocket_brand","embeddable":true,"href":"https:\/\/stylingagenten.com\/no\/wp-json\/wp\/v2\/berocket_brand?post=407338"}],"curies":[{"name":"wp","href":"https:\/\/api.w.org\/{rel}","templated":true}]}}