{"id":407332,"date":"2025-05-18T23:16:32","date_gmt":"2025-05-18T23:16:32","guid":{"rendered":"https:\/\/staging2.stylingagenten.com\/no\/produkt\/ellwo-moisturizing-shampoo-350ml\/"},"modified":"2026-04-03T15:15:22","modified_gmt":"2026-04-03T15:15:22","slug":"ellwo-moisturizing-shampoo-350ml","status":"publish","type":"product","link":"https:\/\/stylingagenten.com\/no\/produkt\/ellwo-moisturizing-shampoo-350ml\/","title":{"rendered":"Ellwo Moisturizing Shampoo 350ml"},"content":{"rendered":"<p>Ellwo Moisturizing Shampoo er en fargebevarende sjampo som gjenoppretter h\u00e5rets naturlige fuktighetsbalanse og tilf\u00f8rer glans og glans. Passer for alle h\u00e5rtyper, ogs\u00e5 h\u00e5r som har v\u00e6rt utsatt for kjemiske behandlinger. Sjampoen har en floral og fruktig duft med hint av sjasmin og er beriket med arganolje, jojobaolje og olivenolje.<\/p>\n<p>Sulfat- og parabenfri<br \/>Vegan<br \/>Fargebevaring<br \/>UV-beskyttelse <\/p>\n<p><\/p>\n<p><\/p>\n","protected":false},"excerpt":{"rendered":"<p>Ellwo Moisturizing Shampoo er en fargebevarende sjampo som gjenoppretter h\u00e5rets naturlige fuktighetsbalanse og tilf\u00f8rer glans og glans. Passer for alle h\u00e5rtyper, ogs\u00e5 h\u00e5r som har v\u00e6rt utsatt for kjemiske behandlinger. Sjampoen har en floral og fruktig duft med hint av sjasmin og er beriket med arganolje, jojobaolje og olivenolje. Sulfat- og parabenfriVeganFargebevaringUV-beskyttelse<\/p>\n","protected":false},"featured_media":407330,"comment_status":"open","ping_status":"closed","template":"","meta":{"_trash_the_other_posts":false},"product_brand":[],"product_cat":[563],"product_tag":[],"berocket_brand":[1305],"class_list":{"0":"post-407332","1":"product","2":"type-product","3":"status-publish","4":"has-post-thumbnail","6":"product_cat-sjampo","7":"pa_brand-ellwo-professional","8":"berocket_brand-ellwo-professional","10":"first","11":"instock","12":"sale","13":"taxable","14":"shipping-taxable","15":"purchasable","16":"product-type-simple"},"_links":{"self":[{"href":"https:\/\/stylingagenten.com\/no\/wp-json\/wp\/v2\/product\/407332","targetHints":{"allow":["GET"]}}],"collection":[{"href":"https:\/\/stylingagenten.com\/no\/wp-json\/wp\/v2\/product"}],"about":[{"href":"https:\/\/stylingagenten.com\/no\/wp-json\/wp\/v2\/types\/product"}],"replies":[{"embeddable":true,"href":"https:\/\/stylingagenten.com\/no\/wp-json\/wp\/v2\/comments?post=407332"}],"version-history":[{"count":0,"href":"https:\/\/stylingagenten.com\/no\/wp-json\/wp\/v2\/product\/407332\/revisions"}],"wp:featuredmedia":[{"embeddable":true,"href":"https:\/\/stylingagenten.com\/no\/wp-json\/wp\/v2\/media\/407330"}],"wp:attachment":[{"href":"https:\/\/stylingagenten.com\/no\/wp-json\/wp\/v2\/media?parent=407332"}],"wp:term":[{"taxonomy":"product_brand","embeddable":true,"href":"https:\/\/stylingagenten.com\/no\/wp-json\/wp\/v2\/product_brand?post=407332"},{"taxonomy":"product_cat","embeddable":true,"href":"https:\/\/stylingagenten.com\/no\/wp-json\/wp\/v2\/product_cat?post=407332"},{"taxonomy":"product_tag","embeddable":true,"href":"https:\/\/stylingagenten.com\/no\/wp-json\/wp\/v2\/product_tag?post=407332"},{"taxonomy":"berocket_brand","embeddable":true,"href":"https:\/\/stylingagenten.com\/no\/wp-json\/wp\/v2\/berocket_brand?post=407332"}],"curies":[{"name":"wp","href":"https:\/\/api.w.org\/{rel}","templated":true}]}}