{"id":407329,"date":"2025-05-18T23:16:31","date_gmt":"2025-05-18T23:16:31","guid":{"rendered":"https:\/\/staging2.stylingagenten.com\/no\/produkt\/ida-warg-repair-shampoo-250ml\/"},"modified":"2026-03-11T21:49:25","modified_gmt":"2026-03-11T21:49:25","slug":"ida-warg-repair-shampoo-250ml","status":"publish","type":"product","link":"https:\/\/stylingagenten.com\/no\/produkt\/ida-warg-repair-shampoo-250ml\/","title":{"rendered":"Ida Warg Repair Shampoo 250ml"},"content":{"rendered":"<p>Ida Warg Repair Shampoo er en kremet sjampo som reparerer h\u00e5ret ved dybden. Sjampoen er ogs\u00e5 fuktighetsgivende og styrkende, noe som gj\u00f8r h\u00e5ret mykt og smidig. Kan brukes daglig.&nbsp;<\/p>\n<p>grusomhetsfri, 100 % vegansk.<\/p>\n","protected":false},"excerpt":{"rendered":"<p>Ida Warg Repair Shampoo er en kremet sjampo som reparerer h\u00e5ret ved dybden. Sjampoen er ogs\u00e5 fuktighetsgivende og styrkende, noe som gj\u00f8r h\u00e5ret mykt og smidig. Kan brukes daglig.&nbsp; grusomhetsfri, 100 % vegansk.<\/p>\n","protected":false},"featured_media":407324,"comment_status":"open","ping_status":"closed","template":"","meta":{"_trash_the_other_posts":false},"product_brand":[],"product_cat":[563],"product_tag":[3007],"berocket_brand":[1346],"class_list":{"0":"post-407329","1":"product","2":"type-product","3":"status-publish","4":"has-post-thumbnail","6":"product_cat-sjampo","7":"product_tag-ida-warg-repair-shampoo","8":"pa_brand-ida-warg","9":"pa_variant-250ml","10":"berocket_brand-ida-warg","12":"first","13":"instock","14":"sale","15":"taxable","16":"shipping-taxable","17":"purchasable","18":"product-type-simple"},"_links":{"self":[{"href":"https:\/\/stylingagenten.com\/no\/wp-json\/wp\/v2\/product\/407329","targetHints":{"allow":["GET"]}}],"collection":[{"href":"https:\/\/stylingagenten.com\/no\/wp-json\/wp\/v2\/product"}],"about":[{"href":"https:\/\/stylingagenten.com\/no\/wp-json\/wp\/v2\/types\/product"}],"replies":[{"embeddable":true,"href":"https:\/\/stylingagenten.com\/no\/wp-json\/wp\/v2\/comments?post=407329"}],"version-history":[{"count":0,"href":"https:\/\/stylingagenten.com\/no\/wp-json\/wp\/v2\/product\/407329\/revisions"}],"wp:featuredmedia":[{"embeddable":true,"href":"https:\/\/stylingagenten.com\/no\/wp-json\/wp\/v2\/media\/407324"}],"wp:attachment":[{"href":"https:\/\/stylingagenten.com\/no\/wp-json\/wp\/v2\/media?parent=407329"}],"wp:term":[{"taxonomy":"product_brand","embeddable":true,"href":"https:\/\/stylingagenten.com\/no\/wp-json\/wp\/v2\/product_brand?post=407329"},{"taxonomy":"product_cat","embeddable":true,"href":"https:\/\/stylingagenten.com\/no\/wp-json\/wp\/v2\/product_cat?post=407329"},{"taxonomy":"product_tag","embeddable":true,"href":"https:\/\/stylingagenten.com\/no\/wp-json\/wp\/v2\/product_tag?post=407329"},{"taxonomy":"berocket_brand","embeddable":true,"href":"https:\/\/stylingagenten.com\/no\/wp-json\/wp\/v2\/berocket_brand?post=407329"}],"curies":[{"name":"wp","href":"https:\/\/api.w.org\/{rel}","templated":true}]}}