{"id":407302,"date":"2025-05-18T23:16:24","date_gmt":"2025-05-18T23:16:24","guid":{"rendered":"https:\/\/staging2.stylingagenten.com\/no\/produkt\/brave-new-hair-growth-shampoo-250ml\/"},"modified":"2026-03-24T16:26:35","modified_gmt":"2026-03-24T16:26:35","slug":"brave-new-hair-growth-shampoo-250ml","status":"publish","type":"product","link":"https:\/\/stylingagenten.com\/no\/produkt\/brave-new-hair-growth-shampoo-250ml\/","title":{"rendered":"Brave. New. Hair. Growth Shampoo 250ml"},"content":{"rendered":"<p>Growth Shampoo fra Brave New Hair er en sulfatfri sjampo som stimulerer h\u00e5rvekst og forhindrer h\u00e5rtap. <br \/>Med stamceller fra gr\u00f8nne druer, ruccola, gr\u00f8nn valn\u00f8tt og eteriske oljer, f\u00e5r h\u00e5ret nytt liv.<\/p>\n<p>10 fordeler:<\/p>\n<p>\u00e2\u2014 Har mikrosirkulasjonen en positiv effekt. effekt<\/p>\n<p>\u00e2\u2014 Styrker h\u00e5ret p&amp;aringen; bare tre uker<\/p>\n<p>\u00e2\u2014 Reduserer h\u00e5rtap p\u00e5 bare tre uker<\/p>\n<p>\u00e2\u2014 Stimulerer h\u00e5rsekkene<\/p>\n<p>\u00e2\u2014 Forlenger h\u00e5rets levetid<\/p>\n<p>\u00e2\u2014 &Ouml;kar antall voksende h\u00e5r<\/p>\n<p>\u00e2\u2014 Kraftige antioksidanter<\/p>\n<p>\u00e2\u2014 Beskytter effektivt h\u00e5r og hud mot frie radikaler<\/p>\n<p>\u00e2\u2014 Detox<\/p>\n<p>\u00e2\u2014 Kilde til magnesium, sink, kalium og vitaminer B og C<\/p>\n<p>Bruk: Masser sjampoen inn i v\u00e5tt h\u00e5r og skyll med vann. Gjenta prosessen og masser h\u00e5ret og hodebunnen til det skummer godt, skyll deretter grundig med vann. Regelmessig bruk anbefales for optimale resultater.<\/p>\n<p>Fri for:<br \/>sulfater<br \/>silikoner<br \/>tilsatt salt<br \/>petrolatum<br \/>Ingredienser av animalsk opprinnelse<\/p>\n","protected":false},"excerpt":{"rendered":"<p>Growth Shampoo fra Brave New Hair er en sulfatfri sjampo som stimulerer h\u00e5rvekst og forhindrer h\u00e5rtap. Med stamceller fra gr\u00f8nne druer, ruccola, gr\u00f8nn valn\u00f8tt og eteriske oljer, f\u00e5r h\u00e5ret nytt liv. 10 fordeler: \u00e2\u2014 Har mikrosirkulasjonen en positiv effekt. effekt \u00e2\u2014 Styrker h\u00e5ret p&amp;aringen; bare tre uker \u00e2\u2014 Reduserer h\u00e5rtap p\u00e5 bare tre uker \u00e2\u2014 [&hellip;]<\/p>\n","protected":false},"featured_media":407301,"comment_status":"open","ping_status":"closed","template":"","meta":{"_trash_the_other_posts":false},"product_brand":[],"product_cat":[563],"product_tag":[],"berocket_brand":[1211],"class_list":{"0":"post-407302","1":"product","2":"type-product","3":"status-publish","4":"has-post-thumbnail","6":"product_cat-sjampo","7":"pa_brand-brave-new-hair","8":"berocket_brand-brave-new-hair","10":"first","11":"instock","12":"taxable","13":"shipping-taxable","14":"purchasable","15":"product-type-simple"},"_links":{"self":[{"href":"https:\/\/stylingagenten.com\/no\/wp-json\/wp\/v2\/product\/407302","targetHints":{"allow":["GET"]}}],"collection":[{"href":"https:\/\/stylingagenten.com\/no\/wp-json\/wp\/v2\/product"}],"about":[{"href":"https:\/\/stylingagenten.com\/no\/wp-json\/wp\/v2\/types\/product"}],"replies":[{"embeddable":true,"href":"https:\/\/stylingagenten.com\/no\/wp-json\/wp\/v2\/comments?post=407302"}],"version-history":[{"count":0,"href":"https:\/\/stylingagenten.com\/no\/wp-json\/wp\/v2\/product\/407302\/revisions"}],"wp:featuredmedia":[{"embeddable":true,"href":"https:\/\/stylingagenten.com\/no\/wp-json\/wp\/v2\/media\/407301"}],"wp:attachment":[{"href":"https:\/\/stylingagenten.com\/no\/wp-json\/wp\/v2\/media?parent=407302"}],"wp:term":[{"taxonomy":"product_brand","embeddable":true,"href":"https:\/\/stylingagenten.com\/no\/wp-json\/wp\/v2\/product_brand?post=407302"},{"taxonomy":"product_cat","embeddable":true,"href":"https:\/\/stylingagenten.com\/no\/wp-json\/wp\/v2\/product_cat?post=407302"},{"taxonomy":"product_tag","embeddable":true,"href":"https:\/\/stylingagenten.com\/no\/wp-json\/wp\/v2\/product_tag?post=407302"},{"taxonomy":"berocket_brand","embeddable":true,"href":"https:\/\/stylingagenten.com\/no\/wp-json\/wp\/v2\/berocket_brand?post=407302"}],"curies":[{"name":"wp","href":"https:\/\/api.w.org\/{rel}","templated":true}]}}