{"id":407300,"date":"2025-05-18T23:16:21","date_gmt":"2025-05-18T23:16:21","guid":{"rendered":"https:\/\/staging2.stylingagenten.com\/no\/produkt\/brave-new-hair-color-shampoo-250ml\/"},"modified":"2026-03-11T21:51:47","modified_gmt":"2026-03-11T21:51:47","slug":"brave-new-hair-color-shampoo-250ml","status":"publish","type":"product","link":"https:\/\/stylingagenten.com\/no\/produkt\/brave-new-hair-color-shampoo-250ml\/","title":{"rendered":"Brave. New. Hair. Color Shampoo 250ml"},"content":{"rendered":"<p id=\"isPasted\" style=\"margin-top:0cm;margin-right:0cm;margin-bottom:7.5pt;margin-left:0cm;background:white\">Fargesjampo fra Brave New Hair er et sulfat -gratis sjampo som bevarer h\u00e5rfargen og gir glans ved hjelp av quinoa, UV-filtre og fruktsyrer.<\/p>\n<p style=\"margin-top:0cm;margin-right:0cm;margin-bottom:7.5pt;background:white\">10 fordeler:<br \/>\u2014 opprettholder fargen og nyansen til din h\u00e5r<br \/>\u2014 Forbedrer h\u00e5rets klarhet og glans p\u00e5 grunn av en anti-kalkeffekt<br \/>\u2014 Beskytter mot milj\u00f8forurensning<br \/>\u2014 Forenkler styling<br \/>\u2014 Forbedrer h\u00e5rstrukturen<br \/>\u2014 Antistatisk effekt<br \/>\u2014 Forbedrer h\u00e5ret utseende og fremhever h\u00e5rets glans&nbsp; <br \/>\u2014 \u00d8ker absorpsjonen av pigment i h\u00e5ret etter omfarging<br \/>\u2014 Enda bedre fargebevaring etter omfarging<\/p>\n<p style=\"margin-top:0cm;margin-right:0cm;margin-bottom:7.5pt;background:white\">Bruk: Masser sjampoen inn i v\u00e5tt h\u00e5r og skyll med vann. Gjenta prosessen og masser h\u00e5ret og hodebunnen til det skummer godt, skyll deretter grundig med vann. Regelmessig bruk anbefales for optimale resultater.<\/p>\n<p style=\"margin-top:0cm;margin-right:0cm;margin-bottom:7.5pt;margin-left:0cm\">Fri for:<br \/>&nbsp;sulfater<br \/>&nbsp;silikoner<br \/>&nbsp;Tilsatt salt<br \/>&nbsp;Ingredienser av animalsk opprinnelse<br \/>&nbsp;petrolatum<\/p>\n","protected":false},"excerpt":{"rendered":"<p>Fargesjampo fra Brave New Hair er et sulfat -gratis sjampo som bevarer h\u00e5rfargen og gir glans ved hjelp av quinoa, UV-filtre og fruktsyrer. 10 fordeler:\u2014 opprettholder fargen og nyansen til din h\u00e5r\u2014 Forbedrer h\u00e5rets klarhet og glans p\u00e5 grunn av en anti-kalkeffekt\u2014 Beskytter mot milj\u00f8forurensning\u2014 Forenkler styling\u2014 Forbedrer h\u00e5rstrukturen\u2014 Antistatisk effekt\u2014 Forbedrer h\u00e5ret utseende og [&hellip;]<\/p>\n","protected":false},"featured_media":407296,"comment_status":"open","ping_status":"closed","template":"","meta":{"_trash_the_other_posts":false},"product_brand":[],"product_cat":[563],"product_tag":[],"berocket_brand":[1211],"class_list":{"0":"post-407300","1":"product","2":"type-product","3":"status-publish","4":"has-post-thumbnail","6":"product_cat-sjampo","7":"pa_brand-brave-new-hair","8":"berocket_brand-brave-new-hair","10":"first","11":"instock","12":"taxable","13":"shipping-taxable","14":"purchasable","15":"product-type-simple"},"_links":{"self":[{"href":"https:\/\/stylingagenten.com\/no\/wp-json\/wp\/v2\/product\/407300","targetHints":{"allow":["GET"]}}],"collection":[{"href":"https:\/\/stylingagenten.com\/no\/wp-json\/wp\/v2\/product"}],"about":[{"href":"https:\/\/stylingagenten.com\/no\/wp-json\/wp\/v2\/types\/product"}],"replies":[{"embeddable":true,"href":"https:\/\/stylingagenten.com\/no\/wp-json\/wp\/v2\/comments?post=407300"}],"version-history":[{"count":0,"href":"https:\/\/stylingagenten.com\/no\/wp-json\/wp\/v2\/product\/407300\/revisions"}],"wp:featuredmedia":[{"embeddable":true,"href":"https:\/\/stylingagenten.com\/no\/wp-json\/wp\/v2\/media\/407296"}],"wp:attachment":[{"href":"https:\/\/stylingagenten.com\/no\/wp-json\/wp\/v2\/media?parent=407300"}],"wp:term":[{"taxonomy":"product_brand","embeddable":true,"href":"https:\/\/stylingagenten.com\/no\/wp-json\/wp\/v2\/product_brand?post=407300"},{"taxonomy":"product_cat","embeddable":true,"href":"https:\/\/stylingagenten.com\/no\/wp-json\/wp\/v2\/product_cat?post=407300"},{"taxonomy":"product_tag","embeddable":true,"href":"https:\/\/stylingagenten.com\/no\/wp-json\/wp\/v2\/product_tag?post=407300"},{"taxonomy":"berocket_brand","embeddable":true,"href":"https:\/\/stylingagenten.com\/no\/wp-json\/wp\/v2\/berocket_brand?post=407300"}],"curies":[{"name":"wp","href":"https:\/\/api.w.org\/{rel}","templated":true}]}}