{"id":407295,"date":"2025-05-18T23:16:20","date_gmt":"2025-05-18T23:16:20","guid":{"rendered":"https:\/\/staging2.stylingagenten.com\/no\/produkt\/brave-new-hair-volume-shampoo-250ml\/"},"modified":"2026-03-24T16:25:33","modified_gmt":"2026-03-24T16:25:33","slug":"brave-new-hair-volume-shampoo-250ml","status":"publish","type":"product","link":"https:\/\/stylingagenten.com\/no\/produkt\/brave-new-hair-volume-shampoo-250ml\/","title":{"rendered":"Brave. New. Hair. Volume Shampoo 250ml"},"content":{"rendered":"<p>Volume Shampoo fra Brave New Hair er en sulfatfri sjampo for tekstur og umiddelbar volum med kastanjeekstrakt, risprotein og vitaminkompleks<\/p>\n<p>Fordeler:<\/p>\n<p>\u00e2\u2014 Volum etter f\u00f8rste p\u00e5f\u00f8ring<\/p>\n<p>\u00e2\u2014 Hjelper med \u00e5 styrke h\u00e5ret for \u00e5 forhindre skade<\/p>\n<p>\u00e2\u2014 Forbedrer h\u00e5ndterbarheten <\/p>\n<p>\u00e2\u2014 H\u00e5ret blir mykt og f\u00e5r mer volum.<\/p>\n<p>\u00e2\u2014 Gir h\u00e5ret n\u00e6ring fra rot til spiss<\/p>\n<p> \u00e2\u2014 Reduserer risikoen for flisete tupper&nbsp;<\/p>\n<p>\u00e2\u2014 Antistatisk effekt<\/p>\n<p>\u00e2\u2014 Bevarer fuktigheten i h\u00e5ret&nbsp;<\/p>\n<p>\u00e2\u2014 Beskytter h\u00e5ret mot stressende behandlinger<\/p>\n<p>Bruk: Masser sjampoen inn i v\u00e5tt h\u00e5r og skyll med vann. Gjenta prosessen og masser h\u00e5ret og hodebunnen til det skummer godt, skyll deretter grundig med vann. Regelmessig bruk anbefales for optimale resultater.<\/p>\n<p>Fri for:<br \/>sulfater<br \/>silikoner<br \/>tilsatt salt<br \/>petrolatum<br \/>Ingredienser av animalsk opprinnelse<\/p>\n","protected":false},"excerpt":{"rendered":"<p>Volume Shampoo fra Brave New Hair er en sulfatfri sjampo for tekstur og umiddelbar volum med kastanjeekstrakt, risprotein og vitaminkompleks Fordeler: \u00e2\u2014 Volum etter f\u00f8rste p\u00e5f\u00f8ring \u00e2\u2014 Hjelper med \u00e5 styrke h\u00e5ret for \u00e5 forhindre skade \u00e2\u2014 Forbedrer h\u00e5ndterbarheten \u00e2\u2014 H\u00e5ret blir mykt og f\u00e5r mer volum. \u00e2\u2014 Gir h\u00e5ret n\u00e6ring fra rot til spiss [&hellip;]<\/p>\n","protected":false},"featured_media":407292,"comment_status":"open","ping_status":"closed","template":"","meta":{"_trash_the_other_posts":false},"product_brand":[],"product_cat":[563],"product_tag":[],"berocket_brand":[1211],"class_list":{"0":"post-407295","1":"product","2":"type-product","3":"status-publish","4":"has-post-thumbnail","6":"product_cat-sjampo","7":"pa_brand-brave-new-hair","8":"berocket_brand-brave-new-hair","10":"first","11":"instock","12":"taxable","13":"shipping-taxable","14":"purchasable","15":"product-type-simple"},"_links":{"self":[{"href":"https:\/\/stylingagenten.com\/no\/wp-json\/wp\/v2\/product\/407295","targetHints":{"allow":["GET"]}}],"collection":[{"href":"https:\/\/stylingagenten.com\/no\/wp-json\/wp\/v2\/product"}],"about":[{"href":"https:\/\/stylingagenten.com\/no\/wp-json\/wp\/v2\/types\/product"}],"replies":[{"embeddable":true,"href":"https:\/\/stylingagenten.com\/no\/wp-json\/wp\/v2\/comments?post=407295"}],"version-history":[{"count":0,"href":"https:\/\/stylingagenten.com\/no\/wp-json\/wp\/v2\/product\/407295\/revisions"}],"wp:featuredmedia":[{"embeddable":true,"href":"https:\/\/stylingagenten.com\/no\/wp-json\/wp\/v2\/media\/407292"}],"wp:attachment":[{"href":"https:\/\/stylingagenten.com\/no\/wp-json\/wp\/v2\/media?parent=407295"}],"wp:term":[{"taxonomy":"product_brand","embeddable":true,"href":"https:\/\/stylingagenten.com\/no\/wp-json\/wp\/v2\/product_brand?post=407295"},{"taxonomy":"product_cat","embeddable":true,"href":"https:\/\/stylingagenten.com\/no\/wp-json\/wp\/v2\/product_cat?post=407295"},{"taxonomy":"product_tag","embeddable":true,"href":"https:\/\/stylingagenten.com\/no\/wp-json\/wp\/v2\/product_tag?post=407295"},{"taxonomy":"berocket_brand","embeddable":true,"href":"https:\/\/stylingagenten.com\/no\/wp-json\/wp\/v2\/berocket_brand?post=407295"}],"curies":[{"name":"wp","href":"https:\/\/api.w.org\/{rel}","templated":true}]}}