{"id":407291,"date":"2025-05-18T23:16:18","date_gmt":"2025-05-18T23:16:18","guid":{"rendered":"https:\/\/staging2.stylingagenten.com\/no\/produkt\/brave-new-hair-reboot-shampoo-250ml\/"},"modified":"2026-03-24T16:24:06","modified_gmt":"2026-03-24T16:24:06","slug":"brave-new-hair-reboot-shampoo-250ml","status":"publish","type":"product","link":"https:\/\/stylingagenten.com\/no\/produkt\/brave-new-hair-reboot-shampoo-250ml\/","title":{"rendered":"Brave. New. Hair. Reboot Shampoo 250ml"},"content":{"rendered":"<p>Reboot Shampoo fra Brave New Hair er en sulfatfri sjampo med reparerende og fuktighetsgivende egenskaper takket v\u00e6re hyaluronsyre, panthenol og BRAVE PLEX-teknologi.<\/p>\n<p>10 fordeler:<\/p>\n<p>&mdash; Unik h\u00e5rb\u00e5ndsmultiplikator<\/p>\n<p>&mdash; Retter ut h\u00e5ret opptil tre ganger<\/p>\n<p>&mdash; Reduserer skade fra t\u00f8ffe kjemiske behandlinger<\/p>\n<p>&mdash; &Aring;terst&auml;ller den interne strukturen til h\u00e6ren<\/p>\n<p>&mdash; Reduserer delte tupper<\/p>\n<p>&mdash; Gir glans og mykhet<\/p>\n<p>&mdash; H\u00e6ren opprettholder to gir mer fuktighet<\/p>\n<p>&mdash; Gir tekstur til h\u00e5rfibrene<\/p>\n<p>&mdash; Antistatisk effekt<\/p>\n<p>&mdash; Forbedrer h\u00e5rets h\u00e5ndterbarhet<\/p>\n<p>Bruk: Masser sjampoen inn i v\u00e5tt h\u00e5r og skyll med vann. Gjenta prosessen og masser inn et skum i h\u00e5ret og hodebunnen, skyll deretter grundig med vann. Regelmessig bruk anbefales for optimale resultater.<\/p>\n<p>Gratis fra:<\/p>\n<p>&mdash; Sulfater<\/p>\n<p>&mdash; Silikoner<\/p>\n<p>&mdash; Tilsatt salt<\/p>\n<p>&mdash; Ingredienser av animalsk opprinnelse<\/p>\n<p>&mdash; Petrolatum<\/p>\n","protected":false},"excerpt":{"rendered":"<p>Reboot Shampoo fra Brave New Hair er en sulfatfri sjampo med reparerende og fuktighetsgivende egenskaper takket v\u00e6re hyaluronsyre, panthenol og BRAVE PLEX-teknologi. 10 fordeler: &mdash; Unik h\u00e5rb\u00e5ndsmultiplikator &mdash; Retter ut h\u00e5ret opptil tre ganger &mdash; Reduserer skade fra t\u00f8ffe kjemiske behandlinger &mdash; &Aring;terst&auml;ller den interne strukturen til h\u00e6ren &mdash; Reduserer delte tupper &mdash; Gir glans [&hellip;]<\/p>\n","protected":false},"featured_media":407287,"comment_status":"open","ping_status":"closed","template":"","meta":{"_trash_the_other_posts":false},"product_brand":[],"product_cat":[563],"product_tag":[],"berocket_brand":[1211],"class_list":{"0":"post-407291","1":"product","2":"type-product","3":"status-publish","4":"has-post-thumbnail","6":"product_cat-sjampo","7":"pa_brand-brave-new-hair","8":"berocket_brand-brave-new-hair","10":"first","11":"instock","12":"taxable","13":"shipping-taxable","14":"purchasable","15":"product-type-simple"},"_links":{"self":[{"href":"https:\/\/stylingagenten.com\/no\/wp-json\/wp\/v2\/product\/407291","targetHints":{"allow":["GET"]}}],"collection":[{"href":"https:\/\/stylingagenten.com\/no\/wp-json\/wp\/v2\/product"}],"about":[{"href":"https:\/\/stylingagenten.com\/no\/wp-json\/wp\/v2\/types\/product"}],"replies":[{"embeddable":true,"href":"https:\/\/stylingagenten.com\/no\/wp-json\/wp\/v2\/comments?post=407291"}],"version-history":[{"count":0,"href":"https:\/\/stylingagenten.com\/no\/wp-json\/wp\/v2\/product\/407291\/revisions"}],"wp:featuredmedia":[{"embeddable":true,"href":"https:\/\/stylingagenten.com\/no\/wp-json\/wp\/v2\/media\/407287"}],"wp:attachment":[{"href":"https:\/\/stylingagenten.com\/no\/wp-json\/wp\/v2\/media?parent=407291"}],"wp:term":[{"taxonomy":"product_brand","embeddable":true,"href":"https:\/\/stylingagenten.com\/no\/wp-json\/wp\/v2\/product_brand?post=407291"},{"taxonomy":"product_cat","embeddable":true,"href":"https:\/\/stylingagenten.com\/no\/wp-json\/wp\/v2\/product_cat?post=407291"},{"taxonomy":"product_tag","embeddable":true,"href":"https:\/\/stylingagenten.com\/no\/wp-json\/wp\/v2\/product_tag?post=407291"},{"taxonomy":"berocket_brand","embeddable":true,"href":"https:\/\/stylingagenten.com\/no\/wp-json\/wp\/v2\/berocket_brand?post=407291"}],"curies":[{"name":"wp","href":"https:\/\/api.w.org\/{rel}","templated":true}]}}