{"id":407290,"date":"2025-05-18T23:16:17","date_gmt":"2025-05-18T23:16:17","guid":{"rendered":"https:\/\/staging2.stylingagenten.com\/no\/produkt\/ida-warg-moisture-shampoo-250ml\/"},"modified":"2026-03-11T21:48:43","modified_gmt":"2026-03-11T21:48:43","slug":"ida-warg-moisture-shampoo-250ml","status":"publish","type":"product","link":"https:\/\/stylingagenten.com\/no\/produkt\/ida-warg-moisture-shampoo-250ml\/","title":{"rendered":"Ida Warg Moisture Shampoo 250ml"},"content":{"rendered":"<p>Ida Warg Moisture Shampoo er en ekstra fuktighetsgivende og mykgj\u00f8rende sjampo med n\u00e6rende kokosolje for grovt, t\u00f8rt og glansl\u00f8st h\u00e5r.<\/p>\n<p>grusomhetsfri , 100 % vegansk<\/p>\n","protected":false},"excerpt":{"rendered":"<p>Ida Warg Moisture Shampoo er en ekstra fuktighetsgivende og mykgj\u00f8rende sjampo med n\u00e6rende kokosolje for grovt, t\u00f8rt og glansl\u00f8st h\u00e5r. grusomhetsfri , 100 % vegansk<\/p>\n","protected":false},"featured_media":407285,"comment_status":"open","ping_status":"closed","template":"","meta":{"_trash_the_other_posts":false},"product_brand":[],"product_cat":[563],"product_tag":[3003],"berocket_brand":[1346],"class_list":{"0":"post-407290","1":"product","2":"type-product","3":"status-publish","4":"has-post-thumbnail","6":"product_cat-sjampo","7":"product_tag-ida-warg-moisture-shampoo","8":"pa_brand-ida-warg","9":"pa_variant-250ml","10":"berocket_brand-ida-warg","12":"first","13":"instock","14":"sale","15":"taxable","16":"shipping-taxable","17":"purchasable","18":"product-type-simple"},"_links":{"self":[{"href":"https:\/\/stylingagenten.com\/no\/wp-json\/wp\/v2\/product\/407290","targetHints":{"allow":["GET"]}}],"collection":[{"href":"https:\/\/stylingagenten.com\/no\/wp-json\/wp\/v2\/product"}],"about":[{"href":"https:\/\/stylingagenten.com\/no\/wp-json\/wp\/v2\/types\/product"}],"replies":[{"embeddable":true,"href":"https:\/\/stylingagenten.com\/no\/wp-json\/wp\/v2\/comments?post=407290"}],"version-history":[{"count":0,"href":"https:\/\/stylingagenten.com\/no\/wp-json\/wp\/v2\/product\/407290\/revisions"}],"wp:featuredmedia":[{"embeddable":true,"href":"https:\/\/stylingagenten.com\/no\/wp-json\/wp\/v2\/media\/407285"}],"wp:attachment":[{"href":"https:\/\/stylingagenten.com\/no\/wp-json\/wp\/v2\/media?parent=407290"}],"wp:term":[{"taxonomy":"product_brand","embeddable":true,"href":"https:\/\/stylingagenten.com\/no\/wp-json\/wp\/v2\/product_brand?post=407290"},{"taxonomy":"product_cat","embeddable":true,"href":"https:\/\/stylingagenten.com\/no\/wp-json\/wp\/v2\/product_cat?post=407290"},{"taxonomy":"product_tag","embeddable":true,"href":"https:\/\/stylingagenten.com\/no\/wp-json\/wp\/v2\/product_tag?post=407290"},{"taxonomy":"berocket_brand","embeddable":true,"href":"https:\/\/stylingagenten.com\/no\/wp-json\/wp\/v2\/berocket_brand?post=407290"}],"curies":[{"name":"wp","href":"https:\/\/api.w.org\/{rel}","templated":true}]}}