{"id":407289,"date":"2025-05-18T23:16:17","date_gmt":"2025-05-18T23:16:17","guid":{"rendered":"https:\/\/staging2.stylingagenten.com\/no\/produkt\/brave-new-hair-balance-shampoo-250ml\/"},"modified":"2026-03-25T09:36:34","modified_gmt":"2026-03-25T09:36:34","slug":"brave-new-hair-balance-shampoo-250ml","status":"publish","type":"product","link":"https:\/\/stylingagenten.com\/no\/produkt\/brave-new-hair-balance-shampoo-250ml\/","title":{"rendered":"Brave. New. Hair. Balance Shampoo 250ml"},"content":{"rendered":"<p>Balance Shampoo fra Brave New Hair er en dyprensende detox-sjampo for sensitiv og fet hodebunn.<\/p>\n<p>Fordeler:<\/p>\n<p>\u00e2\u2014 Aktivt bambuskull absorberer overfl\u00f8dig talg og renser hodebunnen uten reprosesserer det<\/p>\n<p>\u00e2\u2014 Fjerner milj\u00f8gifter<\/p>\n<p>\u00e2\u2014 Regulerer h\u00e5ret det bakterielle milj\u00f8et i kroppen<\/p>\n<p>\u00e2\u2014 Normaliserer talgsekresjonen<\/p>\n<p> \u00e2\u2014 Forlenger tiden mellom vaskene<\/p>\n<p>\u00e2\u2014 N\u00f8ytraliserer flass<\/p>\n<p>\u00e2\u2014 p&gt;<\/p>\n<p>\u00e2\u2014 Lindrer hodebunnen og avgifter<\/p>\n<p>\u00e2\u2014 Forbedrer utseende av h\u00e5ret og gir glans<\/p>\n<p>\u00e2\u2014 Antistatisk effekt<\/p>\n<p>&lt; Slik bruker du: Masser sjampoen inn i v\u00e5tt h\u00e5r og skyll med vann. Gjenta prosessen og masser h\u00e5ret og hodebunnen til det skummer, skyll deretter grundig med vann. Regelmessig bruk anbefales for optimale resultater.<\/p>\n<p>Unng\u00e5 kontakt med huden!<\/p>\n<p>Fri for:<br \/>sulfater<br \/>silikoner<br \/>tilsatt salt <br \/>petrolatum<br \/> Ingredienser av animalsk opprinnelse<\/p>\n","protected":false},"excerpt":{"rendered":"<p>Balance Shampoo fra Brave New Hair er en dyprensende detox-sjampo for sensitiv og fet hodebunn. Fordeler: \u00e2\u2014 Aktivt bambuskull absorberer overfl\u00f8dig talg og renser hodebunnen uten reprosesserer det \u00e2\u2014 Fjerner milj\u00f8gifter \u00e2\u2014 Regulerer h\u00e5ret det bakterielle milj\u00f8et i kroppen \u00e2\u2014 Normaliserer talgsekresjonen \u00e2\u2014 Forlenger tiden mellom vaskene \u00e2\u2014 N\u00f8ytraliserer flass \u00e2\u2014 p&gt; \u00e2\u2014 Lindrer hodebunnen [&hellip;]<\/p>\n","protected":false},"featured_media":407283,"comment_status":"open","ping_status":"closed","template":"","meta":{"_trash_the_other_posts":false},"product_brand":[],"product_cat":[563],"product_tag":[],"berocket_brand":[1211],"class_list":{"0":"post-407289","1":"product","2":"type-product","3":"status-publish","4":"has-post-thumbnail","6":"product_cat-sjampo","7":"pa_brand-brave-new-hair","8":"berocket_brand-brave-new-hair","10":"first","11":"instock","12":"taxable","13":"shipping-taxable","14":"purchasable","15":"product-type-simple"},"_links":{"self":[{"href":"https:\/\/stylingagenten.com\/no\/wp-json\/wp\/v2\/product\/407289","targetHints":{"allow":["GET"]}}],"collection":[{"href":"https:\/\/stylingagenten.com\/no\/wp-json\/wp\/v2\/product"}],"about":[{"href":"https:\/\/stylingagenten.com\/no\/wp-json\/wp\/v2\/types\/product"}],"replies":[{"embeddable":true,"href":"https:\/\/stylingagenten.com\/no\/wp-json\/wp\/v2\/comments?post=407289"}],"version-history":[{"count":0,"href":"https:\/\/stylingagenten.com\/no\/wp-json\/wp\/v2\/product\/407289\/revisions"}],"wp:featuredmedia":[{"embeddable":true,"href":"https:\/\/stylingagenten.com\/no\/wp-json\/wp\/v2\/media\/407283"}],"wp:attachment":[{"href":"https:\/\/stylingagenten.com\/no\/wp-json\/wp\/v2\/media?parent=407289"}],"wp:term":[{"taxonomy":"product_brand","embeddable":true,"href":"https:\/\/stylingagenten.com\/no\/wp-json\/wp\/v2\/product_brand?post=407289"},{"taxonomy":"product_cat","embeddable":true,"href":"https:\/\/stylingagenten.com\/no\/wp-json\/wp\/v2\/product_cat?post=407289"},{"taxonomy":"product_tag","embeddable":true,"href":"https:\/\/stylingagenten.com\/no\/wp-json\/wp\/v2\/product_tag?post=407289"},{"taxonomy":"berocket_brand","embeddable":true,"href":"https:\/\/stylingagenten.com\/no\/wp-json\/wp\/v2\/berocket_brand?post=407289"}],"curies":[{"name":"wp","href":"https:\/\/api.w.org\/{rel}","templated":true}]}}