{"id":407252,"date":"2025-05-18T23:16:04","date_gmt":"2025-05-18T23:16:04","guid":{"rendered":"https:\/\/staging2.stylingagenten.com\/no\/produkt\/ida-warg-moisture-shampoo-pro-size-500ml\/"},"modified":"2025-11-19T08:31:39","modified_gmt":"2025-11-19T08:31:39","slug":"ida-warg-moisture-shampoo-pro-size-500ml","status":"publish","type":"product","link":"https:\/\/stylingagenten.com\/no\/produkt\/ida-warg-moisture-shampoo-pro-size-500ml\/","title":{"rendered":"Ida Warg Moisture Shampoo Pro Size 500ml"},"content":{"rendered":"<p>Ida Warg Moisture Shampoo er en ekstra fuktighetsgivende og mykgj\u00f8rende sjampo med n\u00e6rende kokosolje for grovt, t\u00f8rt og glansl\u00f8st h\u00e5r.<\/p>\n<p>grusomhetsfri , 100 % vegansk<\/p>\n","protected":false},"excerpt":{"rendered":"<p>Ida Warg Moisture Shampoo er en ekstra fuktighetsgivende og mykgj\u00f8rende sjampo med n\u00e6rende kokosolje for grovt, t\u00f8rt og glansl\u00f8st h\u00e5r. grusomhetsfri , 100 % vegansk<\/p>\n","protected":false},"featured_media":407248,"comment_status":"open","ping_status":"closed","template":"","meta":{"_trash_the_other_posts":false},"product_brand":[],"product_cat":[563],"product_tag":[3003],"berocket_brand":[1346],"class_list":{"0":"post-407252","1":"product","2":"type-product","3":"status-publish","4":"has-post-thumbnail","6":"product_cat-sjampo","7":"product_tag-ida-warg-moisture-shampoo","8":"pa_brand-ida-warg","9":"pa_variant-500ml","10":"berocket_brand-ida-warg","12":"first","13":"outofstock","14":"sale","15":"taxable","16":"shipping-taxable","17":"purchasable","18":"product-type-simple"},"_links":{"self":[{"href":"https:\/\/stylingagenten.com\/no\/wp-json\/wp\/v2\/product\/407252","targetHints":{"allow":["GET"]}}],"collection":[{"href":"https:\/\/stylingagenten.com\/no\/wp-json\/wp\/v2\/product"}],"about":[{"href":"https:\/\/stylingagenten.com\/no\/wp-json\/wp\/v2\/types\/product"}],"replies":[{"embeddable":true,"href":"https:\/\/stylingagenten.com\/no\/wp-json\/wp\/v2\/comments?post=407252"}],"version-history":[{"count":0,"href":"https:\/\/stylingagenten.com\/no\/wp-json\/wp\/v2\/product\/407252\/revisions"}],"wp:featuredmedia":[{"embeddable":true,"href":"https:\/\/stylingagenten.com\/no\/wp-json\/wp\/v2\/media\/407248"}],"wp:attachment":[{"href":"https:\/\/stylingagenten.com\/no\/wp-json\/wp\/v2\/media?parent=407252"}],"wp:term":[{"taxonomy":"product_brand","embeddable":true,"href":"https:\/\/stylingagenten.com\/no\/wp-json\/wp\/v2\/product_brand?post=407252"},{"taxonomy":"product_cat","embeddable":true,"href":"https:\/\/stylingagenten.com\/no\/wp-json\/wp\/v2\/product_cat?post=407252"},{"taxonomy":"product_tag","embeddable":true,"href":"https:\/\/stylingagenten.com\/no\/wp-json\/wp\/v2\/product_tag?post=407252"},{"taxonomy":"berocket_brand","embeddable":true,"href":"https:\/\/stylingagenten.com\/no\/wp-json\/wp\/v2\/berocket_brand?post=407252"}],"curies":[{"name":"wp","href":"https:\/\/api.w.org\/{rel}","templated":true}]}}