{"id":407230,"date":"2025-05-18T23:15:56","date_gmt":"2025-05-18T23:15:56","guid":{"rendered":"https:\/\/staging2.stylingagenten.com\/no\/produkt\/paul-mitchell-lavender-mint-moisturizing-shampoo-300ml\/"},"modified":"2026-04-01T09:08:42","modified_gmt":"2026-04-01T09:08:42","slug":"paul-mitchell-lavender-mint-moisturizing-shampoo-300ml","status":"publish","type":"product","link":"https:\/\/stylingagenten.com\/no\/produkt\/paul-mitchell-lavender-mint-moisturizing-shampoo-300ml\/","title":{"rendered":"Paul Mitchell Lavender Mint Moisturizing Shampoo 300ml"},"content":{"rendered":"<p>Paul Mitchell Lavender Mint Moisturizing Shampoo er en fuktighetsgivende sjampo med en fargebevarende formel. Ditt t\u00f8rre h\u00e5r blir mykt og fuktet med en frisk og forfriskende f\u00f8lelse. Beskytter og tilf\u00f8rer fuktighet. L\u00f8ser og reparerer flisete ender. Etterlater en beroligende f\u00f8lelse og duft. &nbsp;<\/p>\n","protected":false},"excerpt":{"rendered":"<p>Paul Mitchell Lavender Mint Moisturizing Shampoo er en fuktighetsgivende sjampo med en fargebevarende formel. Ditt t\u00f8rre h\u00e5r blir mykt og fuktet med en frisk og forfriskende f\u00f8lelse. Beskytter og tilf\u00f8rer fuktighet. L\u00f8ser og reparerer flisete ender. Etterlater en beroligende f\u00f8lelse og duft. &nbsp;<\/p>\n","protected":false},"featured_media":457719,"comment_status":"open","ping_status":"closed","template":"","meta":{"_trash_the_other_posts":false},"product_brand":[],"product_cat":[563],"product_tag":[3776],"berocket_brand":[1053],"class_list":{"0":"post-407230","1":"product","2":"type-product","3":"status-publish","4":"has-post-thumbnail","6":"product_cat-sjampo","7":"product_tag-paul-mitchell-lavender-mint-moisturizing-shampoo","8":"pa_brand-paul-mitchell","9":"pa_variant-300ml","10":"berocket_brand-paul-mitchell","12":"first","13":"instock","14":"sale","15":"taxable","16":"shipping-taxable","17":"purchasable","18":"product-type-simple"},"_links":{"self":[{"href":"https:\/\/stylingagenten.com\/no\/wp-json\/wp\/v2\/product\/407230","targetHints":{"allow":["GET"]}}],"collection":[{"href":"https:\/\/stylingagenten.com\/no\/wp-json\/wp\/v2\/product"}],"about":[{"href":"https:\/\/stylingagenten.com\/no\/wp-json\/wp\/v2\/types\/product"}],"replies":[{"embeddable":true,"href":"https:\/\/stylingagenten.com\/no\/wp-json\/wp\/v2\/comments?post=407230"}],"version-history":[{"count":0,"href":"https:\/\/stylingagenten.com\/no\/wp-json\/wp\/v2\/product\/407230\/revisions"}],"wp:featuredmedia":[{"embeddable":true,"href":"https:\/\/stylingagenten.com\/no\/wp-json\/wp\/v2\/media\/457719"}],"wp:attachment":[{"href":"https:\/\/stylingagenten.com\/no\/wp-json\/wp\/v2\/media?parent=407230"}],"wp:term":[{"taxonomy":"product_brand","embeddable":true,"href":"https:\/\/stylingagenten.com\/no\/wp-json\/wp\/v2\/product_brand?post=407230"},{"taxonomy":"product_cat","embeddable":true,"href":"https:\/\/stylingagenten.com\/no\/wp-json\/wp\/v2\/product_cat?post=407230"},{"taxonomy":"product_tag","embeddable":true,"href":"https:\/\/stylingagenten.com\/no\/wp-json\/wp\/v2\/product_tag?post=407230"},{"taxonomy":"berocket_brand","embeddable":true,"href":"https:\/\/stylingagenten.com\/no\/wp-json\/wp\/v2\/berocket_brand?post=407230"}],"curies":[{"name":"wp","href":"https:\/\/api.w.org\/{rel}","templated":true}]}}