{"id":407177,"date":"2025-05-18T23:15:36","date_gmt":"2025-05-18T23:15:36","guid":{"rendered":"https:\/\/staging2.stylingagenten.com\/no\/produkt\/ida-warg-pro-growth-shampoo-250ml\/"},"modified":"2026-03-11T21:49:02","modified_gmt":"2026-03-11T21:49:02","slug":"ida-warg-pro-growth-shampoo-250ml","status":"publish","type":"product","link":"https:\/\/stylingagenten.com\/no\/produkt\/ida-warg-pro-growth-shampoo-250ml\/","title":{"rendered":"Ida Warg Pro Growth Shampoo 250ml"},"content":{"rendered":"<p>Pro Growth Shampoo er en n\u00e6rende og mild rensende sjampo som best\u00e5r av peptider i kombinasjon med rotekstrakter som jobber sammen for \u00e5 gjenoppbygge og stoppe h\u00e5rtap og stimulere h\u00e5r og redusere betennelse i hodebunnen.<\/p>\n<p>Serien bidrar til \u00e5 \u00f8ke tykkelsen p\u00e5 hodebunnen. h\u00e5ret og bidrar til \u00e5 forbedre utseendet og funksjonen til hodebunnen ved \u00e5 redusere betennelser som bidrar til skade p\u00e5 hodebunnen. h\u00e5ret som resulterer i h\u00e5r som ser fyldigere, tykkere og sunnere ut. Serien respekterer og styrker h\u00e5ret fra r\u00f8ttene til tuppene. Masser inn i v\u00e5tt h\u00e5r, skum og skyll grundig. Bruk sammen med Pro Growth Conditioner for best resultat.<\/p>\n<p>Duft: Ta med deg luksusen av en SPA-opplevelse hjem, duften inneholder aromatiske toner som eukalyptus, rosmarin og sitrus.<\/p>\n<p>100 % veganer<\/p>\n<p>Free om grusomhet<\/p>\n","protected":false},"excerpt":{"rendered":"<p>Pro Growth Shampoo er en n\u00e6rende og mild rensende sjampo som best\u00e5r av peptider i kombinasjon med rotekstrakter som jobber sammen for \u00e5 gjenoppbygge og stoppe h\u00e5rtap og stimulere h\u00e5r og redusere betennelse i hodebunnen. Serien bidrar til \u00e5 \u00f8ke tykkelsen p\u00e5 hodebunnen. h\u00e5ret og bidrar til \u00e5 forbedre utseendet og funksjonen til hodebunnen ved [&hellip;]<\/p>\n","protected":false},"featured_media":407172,"comment_status":"open","ping_status":"closed","template":"","meta":{"_trash_the_other_posts":false},"product_brand":[],"product_cat":[563],"product_tag":[],"berocket_brand":[1346],"class_list":{"0":"post-407177","1":"product","2":"type-product","3":"status-publish","4":"has-post-thumbnail","6":"product_cat-sjampo","7":"pa_brand-ida-warg","8":"berocket_brand-ida-warg","10":"first","11":"instock","12":"sale","13":"taxable","14":"shipping-taxable","15":"purchasable","16":"product-type-simple"},"_links":{"self":[{"href":"https:\/\/stylingagenten.com\/no\/wp-json\/wp\/v2\/product\/407177","targetHints":{"allow":["GET"]}}],"collection":[{"href":"https:\/\/stylingagenten.com\/no\/wp-json\/wp\/v2\/product"}],"about":[{"href":"https:\/\/stylingagenten.com\/no\/wp-json\/wp\/v2\/types\/product"}],"replies":[{"embeddable":true,"href":"https:\/\/stylingagenten.com\/no\/wp-json\/wp\/v2\/comments?post=407177"}],"version-history":[{"count":0,"href":"https:\/\/stylingagenten.com\/no\/wp-json\/wp\/v2\/product\/407177\/revisions"}],"wp:featuredmedia":[{"embeddable":true,"href":"https:\/\/stylingagenten.com\/no\/wp-json\/wp\/v2\/media\/407172"}],"wp:attachment":[{"href":"https:\/\/stylingagenten.com\/no\/wp-json\/wp\/v2\/media?parent=407177"}],"wp:term":[{"taxonomy":"product_brand","embeddable":true,"href":"https:\/\/stylingagenten.com\/no\/wp-json\/wp\/v2\/product_brand?post=407177"},{"taxonomy":"product_cat","embeddable":true,"href":"https:\/\/stylingagenten.com\/no\/wp-json\/wp\/v2\/product_cat?post=407177"},{"taxonomy":"product_tag","embeddable":true,"href":"https:\/\/stylingagenten.com\/no\/wp-json\/wp\/v2\/product_tag?post=407177"},{"taxonomy":"berocket_brand","embeddable":true,"href":"https:\/\/stylingagenten.com\/no\/wp-json\/wp\/v2\/berocket_brand?post=407177"}],"curies":[{"name":"wp","href":"https:\/\/api.w.org\/{rel}","templated":true}]}}