{"id":407170,"date":"2025-05-18T23:15:34","date_gmt":"2025-05-18T23:15:34","guid":{"rendered":"https:\/\/staging2.stylingagenten.com\/no\/produkt\/ida-warg-plumping-shampoo-250ml\/"},"modified":"2026-04-04T15:49:00","modified_gmt":"2026-04-04T15:49:00","slug":"ida-warg-plumping-shampoo-250ml","status":"publish","type":"product","link":"https:\/\/stylingagenten.com\/no\/produkt\/ida-warg-plumping-shampoo-250ml\/","title":{"rendered":"Ida Warg Plumping Shampoo 250ml"},"content":{"rendered":"<p>Plumping Shampoo er en ekstra volumgivende sjampo som gir mye fylde og t\u00f8rrhet til h\u00e5ret. Formelen inneholder hydrolyserte hveteproteiner som tilf\u00f8rer og holder p\u00e5 fuktighet dypt inne i h\u00e5rstr\u00e5et, samt peptider som gjenoppbygger skader p\u00e5 h\u00e5ret. h\u00e5rets indre struktur og gir en full f\u00f8lelse. Jo mer du bruker produktet, desto st\u00f8rre effekt gir det. Bruk sammen med Plumping Conditioner for best resultat.<\/p>\n<p>Duft: En veldig prikkende og forfriskende duft med hint av sitrus, einer og p\u00e6re<\/p>\n<p>100 % vegansk<\/p>\n<p>Gr\u00f8mmelighet -gratis<\/p>\n","protected":false},"excerpt":{"rendered":"<p>Plumping Shampoo er en ekstra volumgivende sjampo som gir mye fylde og t\u00f8rrhet til h\u00e5ret. Formelen inneholder hydrolyserte hveteproteiner som tilf\u00f8rer og holder p\u00e5 fuktighet dypt inne i h\u00e5rstr\u00e5et, samt peptider som gjenoppbygger skader p\u00e5 h\u00e5ret. h\u00e5rets indre struktur og gir en full f\u00f8lelse. Jo mer du bruker produktet, desto st\u00f8rre effekt gir det. Bruk [&hellip;]<\/p>\n","protected":false},"featured_media":407168,"comment_status":"open","ping_status":"closed","template":"","meta":{"_trash_the_other_posts":false},"product_brand":[],"product_cat":[563],"product_tag":[3005],"berocket_brand":[1346],"class_list":{"0":"post-407170","1":"product","2":"type-product","3":"status-publish","4":"has-post-thumbnail","6":"product_cat-sjampo","7":"product_tag-ida-warg-plumping-shampoo","8":"pa_brand-ida-warg","9":"pa_variant-250ml","10":"berocket_brand-ida-warg","12":"first","13":"instock","14":"sale","15":"taxable","16":"shipping-taxable","17":"purchasable","18":"product-type-simple"},"_links":{"self":[{"href":"https:\/\/stylingagenten.com\/no\/wp-json\/wp\/v2\/product\/407170","targetHints":{"allow":["GET"]}}],"collection":[{"href":"https:\/\/stylingagenten.com\/no\/wp-json\/wp\/v2\/product"}],"about":[{"href":"https:\/\/stylingagenten.com\/no\/wp-json\/wp\/v2\/types\/product"}],"replies":[{"embeddable":true,"href":"https:\/\/stylingagenten.com\/no\/wp-json\/wp\/v2\/comments?post=407170"}],"version-history":[{"count":0,"href":"https:\/\/stylingagenten.com\/no\/wp-json\/wp\/v2\/product\/407170\/revisions"}],"wp:featuredmedia":[{"embeddable":true,"href":"https:\/\/stylingagenten.com\/no\/wp-json\/wp\/v2\/media\/407168"}],"wp:attachment":[{"href":"https:\/\/stylingagenten.com\/no\/wp-json\/wp\/v2\/media?parent=407170"}],"wp:term":[{"taxonomy":"product_brand","embeddable":true,"href":"https:\/\/stylingagenten.com\/no\/wp-json\/wp\/v2\/product_brand?post=407170"},{"taxonomy":"product_cat","embeddable":true,"href":"https:\/\/stylingagenten.com\/no\/wp-json\/wp\/v2\/product_cat?post=407170"},{"taxonomy":"product_tag","embeddable":true,"href":"https:\/\/stylingagenten.com\/no\/wp-json\/wp\/v2\/product_tag?post=407170"},{"taxonomy":"berocket_brand","embeddable":true,"href":"https:\/\/stylingagenten.com\/no\/wp-json\/wp\/v2\/berocket_brand?post=407170"}],"curies":[{"name":"wp","href":"https:\/\/api.w.org\/{rel}","templated":true}]}}