{"id":407140,"date":"2025-05-18T23:15:24","date_gmt":"2025-05-18T23:15:24","guid":{"rendered":"https:\/\/staging2.stylingagenten.com\/no\/produkt\/revlon-uniq-one-shampoo-490ml\/"},"modified":"2026-03-12T19:27:53","modified_gmt":"2026-03-12T19:27:53","slug":"revlon-uniq-one-shampoo-490ml","status":"publish","type":"product","link":"https:\/\/stylingagenten.com\/no\/produkt\/revlon-uniq-one-shampoo-490ml\/","title":{"rendered":"Revlon Uniq One Shampoo 490ml"},"content":{"rendered":"<p>Uniq One \u200b\u200bAll In One Conditioning Shampoo er en pleiende sjampo som er sk\u00e5nsom mot h\u00e5r og hodebunn. En h\u00e5rskummende sjampo som passer alle h\u00e5rtyper og som er lett \u00e5 skylle ut.<\/p>\n<p><strong>10 unike fordeler med denne sjampoen:<\/strong><br \/> &#8211; Renser sk\u00e5nsomt h\u00e5r og hodebunn<br \/>&#8211; Beskytter og fukter hodebunnen<br \/>&#8211; Gj\u00f8r h\u00e5ret mykt og silkemykt<br \/>&#8211; Tynger ikke h\u00e5ret ned<br \/> &#8211; Gir glans<br \/>&#8211; Eliminerer krus<br \/>&#8211; Gj\u00f8r h\u00e5ret enkelt \u00e5 administrere og style<br \/>&#8211; Forbedrer h\u00e5rets elastisitet<br \/>&#8211; Styrker h\u00e5ret; ret<br \/>&#8211; Reparerer skadet h\u00e5r og flisete tupper<\/p>\n<p>P\u00e5f\u00f8r h\u00e5ret og skyll deretter. Avslutt kvelden med Uniq One \u200b\u200bAll in One Hair Treatment for de beste resultatene!<\/p>\n","protected":false},"excerpt":{"rendered":"<p>Uniq One \u200b\u200bAll In One Conditioning Shampoo er en pleiende sjampo som er sk\u00e5nsom mot h\u00e5r og hodebunn. En h\u00e5rskummende sjampo som passer alle h\u00e5rtyper og som er lett \u00e5 skylle ut. 10 unike fordeler med denne sjampoen: &#8211; Renser sk\u00e5nsomt h\u00e5r og hodebunn&#8211; Beskytter og fukter hodebunnen&#8211; Gj\u00f8r h\u00e5ret mykt og silkemykt&#8211; Tynger ikke [&hellip;]<\/p>\n","protected":false},"featured_media":407138,"comment_status":"open","ping_status":"closed","template":"","meta":{"_trash_the_other_posts":false},"product_brand":[],"product_cat":[1003,563],"product_tag":[],"berocket_brand":[1040],"class_list":{"0":"post-407140","1":"product","2":"type-product","3":"status-publish","4":"has-post-thumbnail","6":"product_cat-bestselgere","7":"product_cat-sjampo","8":"pa_brand-revlon","9":"berocket_brand-revlon","11":"first","12":"instock","13":"sale","14":"taxable","15":"shipping-taxable","16":"purchasable","17":"product-type-simple"},"_links":{"self":[{"href":"https:\/\/stylingagenten.com\/no\/wp-json\/wp\/v2\/product\/407140","targetHints":{"allow":["GET"]}}],"collection":[{"href":"https:\/\/stylingagenten.com\/no\/wp-json\/wp\/v2\/product"}],"about":[{"href":"https:\/\/stylingagenten.com\/no\/wp-json\/wp\/v2\/types\/product"}],"replies":[{"embeddable":true,"href":"https:\/\/stylingagenten.com\/no\/wp-json\/wp\/v2\/comments?post=407140"}],"version-history":[{"count":0,"href":"https:\/\/stylingagenten.com\/no\/wp-json\/wp\/v2\/product\/407140\/revisions"}],"wp:featuredmedia":[{"embeddable":true,"href":"https:\/\/stylingagenten.com\/no\/wp-json\/wp\/v2\/media\/407138"}],"wp:attachment":[{"href":"https:\/\/stylingagenten.com\/no\/wp-json\/wp\/v2\/media?parent=407140"}],"wp:term":[{"taxonomy":"product_brand","embeddable":true,"href":"https:\/\/stylingagenten.com\/no\/wp-json\/wp\/v2\/product_brand?post=407140"},{"taxonomy":"product_cat","embeddable":true,"href":"https:\/\/stylingagenten.com\/no\/wp-json\/wp\/v2\/product_cat?post=407140"},{"taxonomy":"product_tag","embeddable":true,"href":"https:\/\/stylingagenten.com\/no\/wp-json\/wp\/v2\/product_tag?post=407140"},{"taxonomy":"berocket_brand","embeddable":true,"href":"https:\/\/stylingagenten.com\/no\/wp-json\/wp\/v2\/berocket_brand?post=407140"}],"curies":[{"name":"wp","href":"https:\/\/api.w.org\/{rel}","templated":true}]}}