{"id":407137,"date":"2025-05-18T23:15:22","date_gmt":"2025-05-18T23:15:22","guid":{"rendered":"https:\/\/staging2.stylingagenten.com\/no\/produkt\/american-crew-daily-cleansing-shampoo-250ml\/"},"modified":"2026-04-13T13:48:39","modified_gmt":"2026-04-13T13:48:39","slug":"american-crew-daily-cleansing-shampoo-250ml","status":"publish","type":"product","link":"https:\/\/stylingagenten.com\/no\/produkt\/american-crew-daily-cleansing-shampoo-250ml\/","title":{"rendered":"American Crew Daily Cleansing Shampoo 250ml"},"content":{"rendered":"<p>American Crew Daily Cleansing Shampoo er en mild rensesjampo som kan brukes daglig. Sjampoen inneholder vitamin B5 som tilf\u00f8rer fuktighet til b\u00e5de h\u00e5r og hodebunn. Passer best for menn med normalt til fet h\u00e5r og hodebunn.<\/p>\n","protected":false},"excerpt":{"rendered":"<p>American Crew Daily Cleansing Shampoo er en mild rensesjampo som kan brukes daglig. Sjampoen inneholder vitamin B5 som tilf\u00f8rer fuktighet til b\u00e5de h\u00e5r og hodebunn. Passer best for menn med normalt til fet h\u00e5r og hodebunn.<\/p>\n","protected":false},"featured_media":407136,"comment_status":"open","ping_status":"closed","template":"","meta":{"_trash_the_other_posts":false},"product_brand":[],"product_cat":[563],"product_tag":[2360],"berocket_brand":[1071],"class_list":{"0":"post-407137","1":"product","2":"type-product","3":"status-publish","4":"has-post-thumbnail","6":"product_cat-sjampo","7":"product_tag-american-crew-daily-cleansing-shampoo","8":"pa_brand-american-crew","9":"pa_variant-250ml","10":"berocket_brand-american-crew","12":"first","13":"instock","14":"sale","15":"taxable","16":"shipping-taxable","17":"purchasable","18":"product-type-simple"},"_links":{"self":[{"href":"https:\/\/stylingagenten.com\/no\/wp-json\/wp\/v2\/product\/407137","targetHints":{"allow":["GET"]}}],"collection":[{"href":"https:\/\/stylingagenten.com\/no\/wp-json\/wp\/v2\/product"}],"about":[{"href":"https:\/\/stylingagenten.com\/no\/wp-json\/wp\/v2\/types\/product"}],"replies":[{"embeddable":true,"href":"https:\/\/stylingagenten.com\/no\/wp-json\/wp\/v2\/comments?post=407137"}],"version-history":[{"count":0,"href":"https:\/\/stylingagenten.com\/no\/wp-json\/wp\/v2\/product\/407137\/revisions"}],"wp:featuredmedia":[{"embeddable":true,"href":"https:\/\/stylingagenten.com\/no\/wp-json\/wp\/v2\/media\/407136"}],"wp:attachment":[{"href":"https:\/\/stylingagenten.com\/no\/wp-json\/wp\/v2\/media?parent=407137"}],"wp:term":[{"taxonomy":"product_brand","embeddable":true,"href":"https:\/\/stylingagenten.com\/no\/wp-json\/wp\/v2\/product_brand?post=407137"},{"taxonomy":"product_cat","embeddable":true,"href":"https:\/\/stylingagenten.com\/no\/wp-json\/wp\/v2\/product_cat?post=407137"},{"taxonomy":"product_tag","embeddable":true,"href":"https:\/\/stylingagenten.com\/no\/wp-json\/wp\/v2\/product_tag?post=407137"},{"taxonomy":"berocket_brand","embeddable":true,"href":"https:\/\/stylingagenten.com\/no\/wp-json\/wp\/v2\/berocket_brand?post=407137"}],"curies":[{"name":"wp","href":"https:\/\/api.w.org\/{rel}","templated":true}]}}