{"id":407133,"date":"2025-05-18T23:15:20","date_gmt":"2025-05-18T23:15:20","guid":{"rendered":"https:\/\/staging2.stylingagenten.com\/no\/produkt\/paul-mitchell-baby-dont-cry-shampoo-500ml\/"},"modified":"2026-03-11T21:56:39","modified_gmt":"2026-03-11T21:56:39","slug":"paul-mitchell-baby-dont-cry-shampoo-500ml","status":"publish","type":"product","link":"https:\/\/stylingagenten.com\/no\/produkt\/paul-mitchell-baby-dont-cry-shampoo-500ml\/","title":{"rendered":"Paul Mitchell Baby Don&#8217;t Cry Shampoo 500ml"},"content":{"rendered":"<p>Baby Don&#039;t Cry er spesialdesignet for babyfint h\u00e5r og supersensitiv hodebunn. Vasker h\u00e5ret rent og st\u00f8tter frisyren &ndash; uten t\u00e5rer!<br \/>Inneholder kamille, bl\u00e5b\u00e6r og awapuhi. Beskytter mot solens skadelige str\u00e5ler.<\/p>\n","protected":false},"excerpt":{"rendered":"<p>Baby Don&#039;t Cry er spesialdesignet for babyfint h\u00e5r og supersensitiv hodebunn. Vasker h\u00e5ret rent og st\u00f8tter frisyren &ndash; uten t\u00e5rer!Inneholder kamille, bl\u00e5b\u00e6r og awapuhi. Beskytter mot solens skadelige str\u00e5ler.<\/p>\n","protected":false},"featured_media":407131,"comment_status":"open","ping_status":"closed","template":"","meta":{"_trash_the_other_posts":false},"product_brand":[],"product_cat":[1010,563],"product_tag":[3749],"berocket_brand":[1053],"class_list":{"0":"post-407133","1":"product","2":"type-product","3":"status-publish","4":"has-post-thumbnail","6":"product_cat-dusj","7":"product_cat-sjampo","8":"product_tag-paul-mitchell-baby-dont-cry-shampoo","9":"pa_brand-paul-mitchell","10":"pa_variant-500ml","11":"berocket_brand-paul-mitchell","13":"first","14":"instock","15":"sale","16":"taxable","17":"shipping-taxable","18":"purchasable","19":"product-type-simple"},"_links":{"self":[{"href":"https:\/\/stylingagenten.com\/no\/wp-json\/wp\/v2\/product\/407133","targetHints":{"allow":["GET"]}}],"collection":[{"href":"https:\/\/stylingagenten.com\/no\/wp-json\/wp\/v2\/product"}],"about":[{"href":"https:\/\/stylingagenten.com\/no\/wp-json\/wp\/v2\/types\/product"}],"replies":[{"embeddable":true,"href":"https:\/\/stylingagenten.com\/no\/wp-json\/wp\/v2\/comments?post=407133"}],"version-history":[{"count":0,"href":"https:\/\/stylingagenten.com\/no\/wp-json\/wp\/v2\/product\/407133\/revisions"}],"wp:featuredmedia":[{"embeddable":true,"href":"https:\/\/stylingagenten.com\/no\/wp-json\/wp\/v2\/media\/407131"}],"wp:attachment":[{"href":"https:\/\/stylingagenten.com\/no\/wp-json\/wp\/v2\/media?parent=407133"}],"wp:term":[{"taxonomy":"product_brand","embeddable":true,"href":"https:\/\/stylingagenten.com\/no\/wp-json\/wp\/v2\/product_brand?post=407133"},{"taxonomy":"product_cat","embeddable":true,"href":"https:\/\/stylingagenten.com\/no\/wp-json\/wp\/v2\/product_cat?post=407133"},{"taxonomy":"product_tag","embeddable":true,"href":"https:\/\/stylingagenten.com\/no\/wp-json\/wp\/v2\/product_tag?post=407133"},{"taxonomy":"berocket_brand","embeddable":true,"href":"https:\/\/stylingagenten.com\/no\/wp-json\/wp\/v2\/berocket_brand?post=407133"}],"curies":[{"name":"wp","href":"https:\/\/api.w.org\/{rel}","templated":true}]}}