{"id":407116,"date":"2025-05-18T23:15:13","date_gmt":"2025-05-18T23:15:13","guid":{"rendered":"https:\/\/staging2.stylingagenten.com\/no\/produkt\/american-crew-daily-silver-shampoo-250ml\/"},"modified":"2026-04-13T06:08:31","modified_gmt":"2026-04-13T06:08:31","slug":"american-crew-daily-silver-shampoo-250ml","status":"publish","type":"product","link":"https:\/\/stylingagenten.com\/no\/produkt\/american-crew-daily-silver-shampoo-250ml\/","title":{"rendered":"American Crew Daily Silver Shampoo 250ml"},"content":{"rendered":"<p>American Crew Daily Silver Shampoo er formulert med fiolett pigment for \u00e5 motvirke u\u00f8nskede gule toner i kj\u00f8lige nyanser. UV-filtre bidrar til \u00e5 forhindre at h\u00e5ret falmer i solen. Den fuktige hodebunnen f\u00f8les frisk.<br \/>Kan brukes hver dag uten \u00e5 farge eller tynge h\u00e5ret. Formulert med 95 % naturlig avledede ingredienser og duft av naturlig avledet sitrusmynte. Fri for silikon og vegansk formel.<\/p>\n","protected":false},"excerpt":{"rendered":"<p>American Crew Daily Silver Shampoo er formulert med fiolett pigment for \u00e5 motvirke u\u00f8nskede gule toner i kj\u00f8lige nyanser. UV-filtre bidrar til \u00e5 forhindre at h\u00e5ret falmer i solen. Den fuktige hodebunnen f\u00f8les frisk.Kan brukes hver dag uten \u00e5 farge eller tynge h\u00e5ret. Formulert med 95 % naturlig avledede ingredienser og duft av naturlig avledet [&hellip;]<\/p>\n","protected":false},"featured_media":407114,"comment_status":"open","ping_status":"closed","template":"","meta":{"_trash_the_other_posts":false},"product_brand":[],"product_cat":[1004,563],"product_tag":[],"berocket_brand":[1071],"class_list":{"0":"post-407116","1":"product","2":"type-product","3":"status-publish","4":"has-post-thumbnail","6":"product_cat-silverschampo","7":"product_cat-sjampo","8":"pa_brand-american-crew","9":"berocket_brand-american-crew","11":"first","12":"instock","13":"sale","14":"taxable","15":"shipping-taxable","16":"purchasable","17":"product-type-simple"},"_links":{"self":[{"href":"https:\/\/stylingagenten.com\/no\/wp-json\/wp\/v2\/product\/407116","targetHints":{"allow":["GET"]}}],"collection":[{"href":"https:\/\/stylingagenten.com\/no\/wp-json\/wp\/v2\/product"}],"about":[{"href":"https:\/\/stylingagenten.com\/no\/wp-json\/wp\/v2\/types\/product"}],"replies":[{"embeddable":true,"href":"https:\/\/stylingagenten.com\/no\/wp-json\/wp\/v2\/comments?post=407116"}],"version-history":[{"count":0,"href":"https:\/\/stylingagenten.com\/no\/wp-json\/wp\/v2\/product\/407116\/revisions"}],"wp:featuredmedia":[{"embeddable":true,"href":"https:\/\/stylingagenten.com\/no\/wp-json\/wp\/v2\/media\/407114"}],"wp:attachment":[{"href":"https:\/\/stylingagenten.com\/no\/wp-json\/wp\/v2\/media?parent=407116"}],"wp:term":[{"taxonomy":"product_brand","embeddable":true,"href":"https:\/\/stylingagenten.com\/no\/wp-json\/wp\/v2\/product_brand?post=407116"},{"taxonomy":"product_cat","embeddable":true,"href":"https:\/\/stylingagenten.com\/no\/wp-json\/wp\/v2\/product_cat?post=407116"},{"taxonomy":"product_tag","embeddable":true,"href":"https:\/\/stylingagenten.com\/no\/wp-json\/wp\/v2\/product_tag?post=407116"},{"taxonomy":"berocket_brand","embeddable":true,"href":"https:\/\/stylingagenten.com\/no\/wp-json\/wp\/v2\/berocket_brand?post=407116"}],"curies":[{"name":"wp","href":"https:\/\/api.w.org\/{rel}","templated":true}]}}