{"id":407103,"date":"2025-05-18T23:15:08","date_gmt":"2025-05-18T23:15:08","guid":{"rendered":"https:\/\/staging2.stylingagenten.com\/no\/produkt\/loreal-professionnel-blondifier-gloss-shampoo-300ml\/"},"modified":"2026-03-11T21:48:45","modified_gmt":"2026-03-11T21:48:45","slug":"loreal-professionnel-blondifier-gloss-shampoo-300ml","status":"publish","type":"product","link":"https:\/\/stylingagenten.com\/no\/produkt\/loreal-professionnel-blondifier-gloss-shampoo-300ml\/","title":{"rendered":"LOreal Professionnel Blondifier Gloss Shampoo 300ml"},"content":{"rendered":"<p>L&#8217;Or\u00e9al Professionnel Serie Expert Blondifier Gloss Shampoo (300ml) er en mild sjampo som arbeider for \u00e5 fremheve glans med en formel designet for \u00e5 pleie, rense og f\u00e5 frem alle toner i h\u00e5ret. Polyohenol er et Acai Berry Extract som gir sjampoen mer livlighet og understreker den allsidige naturen til h\u00e5rfargen. Fjern smuss, urenheter og overfl\u00f8dig olje mens du tar vare p\u00e5 og reparerer tr\u00e5dene.<\/p>\n","protected":false},"excerpt":{"rendered":"<p>L&#8217;Or\u00e9al Professionnel Serie Expert Blondifier Gloss Shampoo (300ml) er en mild sjampo som arbeider for \u00e5 fremheve glans med en formel designet for \u00e5 pleie, rense og f\u00e5 frem alle toner i h\u00e5ret. Polyohenol er et Acai Berry Extract som gir sjampoen mer livlighet og understreker den allsidige naturen til h\u00e5rfargen. Fjern smuss, urenheter og [&hellip;]<\/p>\n","protected":false},"featured_media":407100,"comment_status":"open","ping_status":"closed","template":"","meta":{"_trash_the_other_posts":false},"product_brand":[],"product_cat":[563],"product_tag":[],"berocket_brand":[2001],"class_list":{"0":"post-407103","1":"product","2":"type-product","3":"status-publish","4":"has-post-thumbnail","6":"product_cat-sjampo","7":"pa_brand-loreal-paris-2","8":"berocket_brand-loreal-paris","10":"first","11":"instock","12":"sale","13":"taxable","14":"shipping-taxable","15":"purchasable","16":"product-type-simple"},"_links":{"self":[{"href":"https:\/\/stylingagenten.com\/no\/wp-json\/wp\/v2\/product\/407103","targetHints":{"allow":["GET"]}}],"collection":[{"href":"https:\/\/stylingagenten.com\/no\/wp-json\/wp\/v2\/product"}],"about":[{"href":"https:\/\/stylingagenten.com\/no\/wp-json\/wp\/v2\/types\/product"}],"replies":[{"embeddable":true,"href":"https:\/\/stylingagenten.com\/no\/wp-json\/wp\/v2\/comments?post=407103"}],"version-history":[{"count":0,"href":"https:\/\/stylingagenten.com\/no\/wp-json\/wp\/v2\/product\/407103\/revisions"}],"wp:featuredmedia":[{"embeddable":true,"href":"https:\/\/stylingagenten.com\/no\/wp-json\/wp\/v2\/media\/407100"}],"wp:attachment":[{"href":"https:\/\/stylingagenten.com\/no\/wp-json\/wp\/v2\/media?parent=407103"}],"wp:term":[{"taxonomy":"product_brand","embeddable":true,"href":"https:\/\/stylingagenten.com\/no\/wp-json\/wp\/v2\/product_brand?post=407103"},{"taxonomy":"product_cat","embeddable":true,"href":"https:\/\/stylingagenten.com\/no\/wp-json\/wp\/v2\/product_cat?post=407103"},{"taxonomy":"product_tag","embeddable":true,"href":"https:\/\/stylingagenten.com\/no\/wp-json\/wp\/v2\/product_tag?post=407103"},{"taxonomy":"berocket_brand","embeddable":true,"href":"https:\/\/stylingagenten.com\/no\/wp-json\/wp\/v2\/berocket_brand?post=407103"}],"curies":[{"name":"wp","href":"https:\/\/api.w.org\/{rel}","templated":true}]}}