{"id":407092,"date":"2025-05-18T23:15:02","date_gmt":"2025-05-18T23:15:02","guid":{"rendered":"https:\/\/staging2.stylingagenten.com\/no\/produkt\/american-crew-detox-shampoo-250ml\/"},"modified":"2026-04-13T13:48:44","modified_gmt":"2026-04-13T13:48:44","slug":"american-crew-detox-shampoo-250ml","status":"publish","type":"product","link":"https:\/\/stylingagenten.com\/no\/produkt\/american-crew-detox-shampoo-250ml\/","title":{"rendered":"American Crew Detox Shampoo 250ml"},"content":{"rendered":"<p>Shampoo som renser p\u00e5 dybden samtidig som den sk\u00e5nsomt eksfolierer hodebunnen. Fjerner effektivt smuss og rester av stylingprodukter fra h\u00e5ret. Har en frisk naturlig duft. Silikonfri og vegansk formel.<\/p>\n","protected":false},"excerpt":{"rendered":"<p>Shampoo som renser p\u00e5 dybden samtidig som den sk\u00e5nsomt eksfolierer hodebunnen. Fjerner effektivt smuss og rester av stylingprodukter fra h\u00e5ret. Har en frisk naturlig duft. Silikonfri og vegansk formel.<\/p>\n","protected":false},"featured_media":407090,"comment_status":"open","ping_status":"closed","template":"","meta":{"_trash_the_other_posts":false},"product_brand":[],"product_cat":[563],"product_tag":[2364],"berocket_brand":[1071],"class_list":{"0":"post-407092","1":"product","2":"type-product","3":"status-publish","4":"has-post-thumbnail","6":"product_cat-sjampo","7":"product_tag-american-crew-detox-shampoo","8":"pa_brand-american-crew","9":"pa_variant-250ml","10":"berocket_brand-american-crew","12":"first","13":"instock","14":"sale","15":"taxable","16":"shipping-taxable","17":"purchasable","18":"product-type-simple"},"_links":{"self":[{"href":"https:\/\/stylingagenten.com\/no\/wp-json\/wp\/v2\/product\/407092","targetHints":{"allow":["GET"]}}],"collection":[{"href":"https:\/\/stylingagenten.com\/no\/wp-json\/wp\/v2\/product"}],"about":[{"href":"https:\/\/stylingagenten.com\/no\/wp-json\/wp\/v2\/types\/product"}],"replies":[{"embeddable":true,"href":"https:\/\/stylingagenten.com\/no\/wp-json\/wp\/v2\/comments?post=407092"}],"version-history":[{"count":0,"href":"https:\/\/stylingagenten.com\/no\/wp-json\/wp\/v2\/product\/407092\/revisions"}],"wp:featuredmedia":[{"embeddable":true,"href":"https:\/\/stylingagenten.com\/no\/wp-json\/wp\/v2\/media\/407090"}],"wp:attachment":[{"href":"https:\/\/stylingagenten.com\/no\/wp-json\/wp\/v2\/media?parent=407092"}],"wp:term":[{"taxonomy":"product_brand","embeddable":true,"href":"https:\/\/stylingagenten.com\/no\/wp-json\/wp\/v2\/product_brand?post=407092"},{"taxonomy":"product_cat","embeddable":true,"href":"https:\/\/stylingagenten.com\/no\/wp-json\/wp\/v2\/product_cat?post=407092"},{"taxonomy":"product_tag","embeddable":true,"href":"https:\/\/stylingagenten.com\/no\/wp-json\/wp\/v2\/product_tag?post=407092"},{"taxonomy":"berocket_brand","embeddable":true,"href":"https:\/\/stylingagenten.com\/no\/wp-json\/wp\/v2\/berocket_brand?post=407092"}],"curies":[{"name":"wp","href":"https:\/\/api.w.org\/{rel}","templated":true}]}}