{"id":407067,"date":"2025-05-18T23:14:51","date_gmt":"2025-05-18T23:14:51","guid":{"rendered":"https:\/\/staging2.stylingagenten.com\/no\/produkt\/milk_shake-curl-passion-shampoo-300ml\/"},"modified":"2026-04-14T07:18:37","modified_gmt":"2026-04-14T07:18:37","slug":"milk_shake-curl-passion-shampoo-300ml","status":"publish","type":"product","link":"https:\/\/stylingagenten.com\/no\/produkt\/milk_shake-curl-passion-shampoo-300ml\/","title":{"rendered":"Milk_Shake Curl Passion Shampoo 300ml"},"content":{"rendered":"<p>Sjampo for kr\u00f8llete h\u00e5r. Renser og pleier alle h\u00e5rtyper sk\u00e5nsomt og dypt, og gir mykhet og h\u00e5ndterbarhet. Hjelper med \u00e5 gj\u00f8re kr\u00f8llene spenstige, fleksible og langvarige. Inneholder organiske pracaxi- og babassuoljer, melkeproteiner, fruktekstrakter, Integrity 41\u00ae og quinoaproteiner. <\/p>\n<p>Bruk:<br \/>Fordel jevnt over fuktig h\u00e5r, skum og skyll deretter. Gjenta om n\u00f8dvendig. Fortsett med milk_shake\u00ae curl passion conditioner.<\/p>\n","protected":false},"excerpt":{"rendered":"<p>Sjampo for kr\u00f8llete h\u00e5r. Renser og pleier alle h\u00e5rtyper sk\u00e5nsomt og dypt, og gir mykhet og h\u00e5ndterbarhet. Hjelper med \u00e5 gj\u00f8re kr\u00f8llene spenstige, fleksible og langvarige. Inneholder organiske pracaxi- og babassuoljer, melkeproteiner, fruktekstrakter, Integrity 41\u00ae og quinoaproteiner. Bruk:Fordel jevnt over fuktig h\u00e5r, skum og skyll deretter. Gjenta om n\u00f8dvendig. Fortsett med milk_shake\u00ae curl passion conditioner.<\/p>\n","protected":false},"featured_media":407066,"comment_status":"open","ping_status":"closed","template":"","meta":{"_trash_the_other_posts":false},"product_brand":[],"product_cat":[1003,563],"product_tag":[3568],"berocket_brand":[1085],"class_list":{"0":"post-407067","1":"product","2":"type-product","3":"status-publish","4":"has-post-thumbnail","6":"product_cat-bestselgere","7":"product_cat-sjampo","8":"product_tag-milk_shake-curl-passion-shampoo","9":"pa_brand-milk_shake","10":"pa_variant-300ml","11":"berocket_brand-milk_shake","13":"first","14":"instock","15":"sale","16":"taxable","17":"shipping-taxable","18":"purchasable","19":"product-type-simple"},"_links":{"self":[{"href":"https:\/\/stylingagenten.com\/no\/wp-json\/wp\/v2\/product\/407067","targetHints":{"allow":["GET"]}}],"collection":[{"href":"https:\/\/stylingagenten.com\/no\/wp-json\/wp\/v2\/product"}],"about":[{"href":"https:\/\/stylingagenten.com\/no\/wp-json\/wp\/v2\/types\/product"}],"replies":[{"embeddable":true,"href":"https:\/\/stylingagenten.com\/no\/wp-json\/wp\/v2\/comments?post=407067"}],"version-history":[{"count":0,"href":"https:\/\/stylingagenten.com\/no\/wp-json\/wp\/v2\/product\/407067\/revisions"}],"wp:featuredmedia":[{"embeddable":true,"href":"https:\/\/stylingagenten.com\/no\/wp-json\/wp\/v2\/media\/407066"}],"wp:attachment":[{"href":"https:\/\/stylingagenten.com\/no\/wp-json\/wp\/v2\/media?parent=407067"}],"wp:term":[{"taxonomy":"product_brand","embeddable":true,"href":"https:\/\/stylingagenten.com\/no\/wp-json\/wp\/v2\/product_brand?post=407067"},{"taxonomy":"product_cat","embeddable":true,"href":"https:\/\/stylingagenten.com\/no\/wp-json\/wp\/v2\/product_cat?post=407067"},{"taxonomy":"product_tag","embeddable":true,"href":"https:\/\/stylingagenten.com\/no\/wp-json\/wp\/v2\/product_tag?post=407067"},{"taxonomy":"berocket_brand","embeddable":true,"href":"https:\/\/stylingagenten.com\/no\/wp-json\/wp\/v2\/berocket_brand?post=407067"}],"curies":[{"name":"wp","href":"https:\/\/api.w.org\/{rel}","templated":true}]}}