{"id":407063,"date":"2025-05-18T23:14:49","date_gmt":"2025-05-18T23:14:49","guid":{"rendered":"https:\/\/staging2.stylingagenten.com\/no\/produkt\/schwarzkopf-bc-moisture-kick-schampo-250ml\/"},"modified":"2026-03-21T12:07:48","modified_gmt":"2026-03-21T12:07:48","slug":"schwarzkopf-bc-moisture-kick-schampo-250ml","status":"publish","type":"product","link":"https:\/\/stylingagenten.com\/no\/produkt\/schwarzkopf-bc-moisture-kick-schampo-250ml\/","title":{"rendered":"Schwarzkopf BC Moisture Kick Schampo 250ml"},"content":{"rendered":"<p>BC Bonacure Moisture Kick Shampoo er en fuktighetsgivende sjampo for t\u00f8rt, kr\u00f8llete og kr\u00f8llete h\u00e5r. Den silikonfrie sammensetningen renser sk\u00e5nsomt h\u00e5ret og hodebunnen samtidig som den tilf\u00f8rer fuktighet for \u00e5 forhindre dehydrering gjennom lett pleie. Glyserol balanserer h\u00e5rets fuktighetsniv\u00e5. <\/p>\n<p>250 ml<\/p>\n","protected":false},"excerpt":{"rendered":"<p>BC Bonacure Moisture Kick Shampoo er en fuktighetsgivende sjampo for t\u00f8rt, kr\u00f8llete og kr\u00f8llete h\u00e5r. Den silikonfrie sammensetningen renser sk\u00e5nsomt h\u00e5ret og hodebunnen samtidig som den tilf\u00f8rer fuktighet for \u00e5 forhindre dehydrering gjennom lett pleie. Glyserol balanserer h\u00e5rets fuktighetsniv\u00e5. 250 ml<\/p>\n","protected":false},"featured_media":407062,"comment_status":"open","ping_status":"closed","template":"","meta":{"_trash_the_other_posts":false},"product_brand":[],"product_cat":[563],"product_tag":[],"berocket_brand":[1060],"class_list":{"0":"post-407063","1":"product","2":"type-product","3":"status-publish","4":"has-post-thumbnail","6":"product_cat-sjampo","7":"pa_brand-schwarzkopf","8":"berocket_brand-schwarzkopf","10":"first","11":"instock","12":"sale","13":"taxable","14":"shipping-taxable","15":"purchasable","16":"product-type-simple"},"_links":{"self":[{"href":"https:\/\/stylingagenten.com\/no\/wp-json\/wp\/v2\/product\/407063","targetHints":{"allow":["GET"]}}],"collection":[{"href":"https:\/\/stylingagenten.com\/no\/wp-json\/wp\/v2\/product"}],"about":[{"href":"https:\/\/stylingagenten.com\/no\/wp-json\/wp\/v2\/types\/product"}],"replies":[{"embeddable":true,"href":"https:\/\/stylingagenten.com\/no\/wp-json\/wp\/v2\/comments?post=407063"}],"version-history":[{"count":0,"href":"https:\/\/stylingagenten.com\/no\/wp-json\/wp\/v2\/product\/407063\/revisions"}],"wp:featuredmedia":[{"embeddable":true,"href":"https:\/\/stylingagenten.com\/no\/wp-json\/wp\/v2\/media\/407062"}],"wp:attachment":[{"href":"https:\/\/stylingagenten.com\/no\/wp-json\/wp\/v2\/media?parent=407063"}],"wp:term":[{"taxonomy":"product_brand","embeddable":true,"href":"https:\/\/stylingagenten.com\/no\/wp-json\/wp\/v2\/product_brand?post=407063"},{"taxonomy":"product_cat","embeddable":true,"href":"https:\/\/stylingagenten.com\/no\/wp-json\/wp\/v2\/product_cat?post=407063"},{"taxonomy":"product_tag","embeddable":true,"href":"https:\/\/stylingagenten.com\/no\/wp-json\/wp\/v2\/product_tag?post=407063"},{"taxonomy":"berocket_brand","embeddable":true,"href":"https:\/\/stylingagenten.com\/no\/wp-json\/wp\/v2\/berocket_brand?post=407063"}],"curies":[{"name":"wp","href":"https:\/\/api.w.org\/{rel}","templated":true}]}}