{"id":407057,"date":"2025-05-18T23:14:46","date_gmt":"2025-05-18T23:14:46","guid":{"rendered":"https:\/\/staging2.stylingagenten.com\/no\/produkt\/joico-defy-damage-protective-shampoo-300ml\/"},"modified":"2026-04-14T15:00:37","modified_gmt":"2026-04-14T15:00:37","slug":"joico-defy-damage-protective-shampoo-300ml","status":"publish","type":"product","link":"https:\/\/stylingagenten.com\/no\/produkt\/joico-defy-damage-protective-shampoo-300ml\/","title":{"rendered":"Joico Defy Damage Protective Shampoo 300ml"},"content":{"rendered":"<p>Beskyttende sjampo<br \/>Med et rikt og rikt luksuri\u00f8st skum renser denne sulfatfrie sjampoen h\u00e5ret ditt sk\u00e5nsomt mens den tilf\u00f8rer styrkende, forebyggende og beskyttende ingredienser. Sk\u00e5nsom nok til at b\u00e5de h\u00e5r og h\u00e5rfarge kan brukes daglig, uten \u00e5 t\u00f8rke ut.<\/p>\n<p>HVORFOR DU VIL ELSKE DET:<br \/>Gir sterkt og h\u00e5ndterlig h\u00e5r<br \/>F\u00f8lelsen av tykkere, fyldigere og mykere h\u00e5r <br \/>Fantastisk glans<br \/>Nydelig duft<br \/>Styrker h\u00e5rbindingene og bevarer fargen<\/p>\n<p>BRUK<br \/>P\u00e5f\u00f8res i v\u00e5tt h\u00e5r. Skum og skyll grundig. For optimale resultater, bruk med Defy Damage Conditioner eller Defy Damage Masque. Avslutt med Protective Shield.<\/p>\n","protected":false},"excerpt":{"rendered":"<p>Beskyttende sjampoMed et rikt og rikt luksuri\u00f8st skum renser denne sulfatfrie sjampoen h\u00e5ret ditt sk\u00e5nsomt mens den tilf\u00f8rer styrkende, forebyggende og beskyttende ingredienser. Sk\u00e5nsom nok til at b\u00e5de h\u00e5r og h\u00e5rfarge kan brukes daglig, uten \u00e5 t\u00f8rke ut. HVORFOR DU VIL ELSKE DET:Gir sterkt og h\u00e5ndterlig h\u00e5rF\u00f8lelsen av tykkere, fyldigere og mykere h\u00e5r Fantastisk glansNydelig [&hellip;]<\/p>\n","protected":false},"featured_media":407056,"comment_status":"open","ping_status":"closed","template":"","meta":{"_trash_the_other_posts":false},"product_brand":[],"product_cat":[1003,563],"product_tag":[3059],"berocket_brand":[1372],"class_list":{"0":"post-407057","1":"product","2":"type-product","3":"status-publish","4":"has-post-thumbnail","6":"product_cat-bestselgere","7":"product_cat-sjampo","8":"product_tag-joico-defy-damage-protective-shampoo","9":"pa_brand-joico","10":"pa_variant-300ml","11":"berocket_brand-joico","13":"first","14":"outofstock","15":"sale","16":"taxable","17":"shipping-taxable","18":"purchasable","19":"product-type-simple"},"_links":{"self":[{"href":"https:\/\/stylingagenten.com\/no\/wp-json\/wp\/v2\/product\/407057","targetHints":{"allow":["GET"]}}],"collection":[{"href":"https:\/\/stylingagenten.com\/no\/wp-json\/wp\/v2\/product"}],"about":[{"href":"https:\/\/stylingagenten.com\/no\/wp-json\/wp\/v2\/types\/product"}],"replies":[{"embeddable":true,"href":"https:\/\/stylingagenten.com\/no\/wp-json\/wp\/v2\/comments?post=407057"}],"version-history":[{"count":0,"href":"https:\/\/stylingagenten.com\/no\/wp-json\/wp\/v2\/product\/407057\/revisions"}],"wp:featuredmedia":[{"embeddable":true,"href":"https:\/\/stylingagenten.com\/no\/wp-json\/wp\/v2\/media\/407056"}],"wp:attachment":[{"href":"https:\/\/stylingagenten.com\/no\/wp-json\/wp\/v2\/media?parent=407057"}],"wp:term":[{"taxonomy":"product_brand","embeddable":true,"href":"https:\/\/stylingagenten.com\/no\/wp-json\/wp\/v2\/product_brand?post=407057"},{"taxonomy":"product_cat","embeddable":true,"href":"https:\/\/stylingagenten.com\/no\/wp-json\/wp\/v2\/product_cat?post=407057"},{"taxonomy":"product_tag","embeddable":true,"href":"https:\/\/stylingagenten.com\/no\/wp-json\/wp\/v2\/product_tag?post=407057"},{"taxonomy":"berocket_brand","embeddable":true,"href":"https:\/\/stylingagenten.com\/no\/wp-json\/wp\/v2\/berocket_brand?post=407057"}],"curies":[{"name":"wp","href":"https:\/\/api.w.org\/{rel}","templated":true}]}}