{"id":407055,"date":"2025-05-18T23:14:45","date_gmt":"2025-05-18T23:14:45","guid":{"rendered":"https:\/\/staging2.stylingagenten.com\/no\/produkt\/joico-joifull-volumizing-shampoo-300ml\/"},"modified":"2026-04-13T19:18:39","modified_gmt":"2026-04-13T19:18:39","slug":"joico-joifull-volumizing-shampoo-300ml","status":"publish","type":"product","link":"https:\/\/stylingagenten.com\/no\/produkt\/joico-joifull-volumizing-shampoo-300ml\/","title":{"rendered":"Joico Joifull Volumizing Shampoo 300ml"},"content":{"rendered":"<p>JoiFull Volumizing Shampoo<br \/>Forbered h\u00e5ret for et luksuri\u00f8st, langvarig og fyldig resultat med denne rike skummende sjampoen som sk\u00e5nsomt fjerner overfl\u00f8dig olje og urenheter som tynger h\u00e5ret ned. Hver h\u00e5rst\u00f8rrelse Blader renset, blanke og unikt verdsatt &#8211; klar for ekstraordin\u00e6rt volum med en naturlig f\u00f8lelse.<\/p>\n","protected":false},"excerpt":{"rendered":"<p>JoiFull Volumizing ShampooForbered h\u00e5ret for et luksuri\u00f8st, langvarig og fyldig resultat med denne rike skummende sjampoen som sk\u00e5nsomt fjerner overfl\u00f8dig olje og urenheter som tynger h\u00e5ret ned. Hver h\u00e5rst\u00f8rrelse Blader renset, blanke og unikt verdsatt &#8211; klar for ekstraordin\u00e6rt volum med en naturlig f\u00f8lelse.<\/p>\n","protected":false},"featured_media":407054,"comment_status":"open","ping_status":"closed","template":"","meta":{"_trash_the_other_posts":false},"product_brand":[],"product_cat":[1003,563],"product_tag":[3063],"berocket_brand":[1372],"class_list":{"0":"post-407055","1":"product","2":"type-product","3":"status-publish","4":"has-post-thumbnail","6":"product_cat-bestselgere","7":"product_cat-sjampo","8":"product_tag-joico-joifull-volumizing-shampoo","9":"pa_brand-joico","10":"pa_variant-300ml","11":"berocket_brand-joico","13":"first","14":"instock","15":"sale","16":"taxable","17":"shipping-taxable","18":"purchasable","19":"product-type-simple"},"_links":{"self":[{"href":"https:\/\/stylingagenten.com\/no\/wp-json\/wp\/v2\/product\/407055","targetHints":{"allow":["GET"]}}],"collection":[{"href":"https:\/\/stylingagenten.com\/no\/wp-json\/wp\/v2\/product"}],"about":[{"href":"https:\/\/stylingagenten.com\/no\/wp-json\/wp\/v2\/types\/product"}],"replies":[{"embeddable":true,"href":"https:\/\/stylingagenten.com\/no\/wp-json\/wp\/v2\/comments?post=407055"}],"version-history":[{"count":0,"href":"https:\/\/stylingagenten.com\/no\/wp-json\/wp\/v2\/product\/407055\/revisions"}],"wp:featuredmedia":[{"embeddable":true,"href":"https:\/\/stylingagenten.com\/no\/wp-json\/wp\/v2\/media\/407054"}],"wp:attachment":[{"href":"https:\/\/stylingagenten.com\/no\/wp-json\/wp\/v2\/media?parent=407055"}],"wp:term":[{"taxonomy":"product_brand","embeddable":true,"href":"https:\/\/stylingagenten.com\/no\/wp-json\/wp\/v2\/product_brand?post=407055"},{"taxonomy":"product_cat","embeddable":true,"href":"https:\/\/stylingagenten.com\/no\/wp-json\/wp\/v2\/product_cat?post=407055"},{"taxonomy":"product_tag","embeddable":true,"href":"https:\/\/stylingagenten.com\/no\/wp-json\/wp\/v2\/product_tag?post=407055"},{"taxonomy":"berocket_brand","embeddable":true,"href":"https:\/\/stylingagenten.com\/no\/wp-json\/wp\/v2\/berocket_brand?post=407055"}],"curies":[{"name":"wp","href":"https:\/\/api.w.org\/{rel}","templated":true}]}}