{"id":407047,"date":"2025-05-18T23:14:42","date_gmt":"2025-05-18T23:14:42","guid":{"rendered":"https:\/\/staging2.stylingagenten.com\/no\/produkt\/joico-k-pak-reconstructing-shampoo-300ml\/"},"modified":"2026-04-01T13:48:38","modified_gmt":"2026-04-01T13:48:38","slug":"joico-k-pak-reconstructing-shampoo-300ml","status":"publish","type":"product","link":"https:\/\/stylingagenten.com\/no\/produkt\/joico-k-pak-reconstructing-shampoo-300ml\/","title":{"rendered":"Joico K-Pak Reconstructing Shampoo 300ml"},"content":{"rendered":"<p>K-PAK Reconstructing Shampoo<br \/>Reconstructing shampoo for skadet h\u00e5r. Utviklet med keratin og ekstrakter fra guavafrukt som reparerer de skadede delene av h\u00e5ret. Perfekt for skadet, por\u00f8st eller kjemisk behandlet h\u00e5r. \u00d8yeblikkelig forbedrer h\u00e5rets elastisitet, styrke og glans.<\/p>\n","protected":false},"excerpt":{"rendered":"<p>K-PAK Reconstructing ShampooReconstructing shampoo for skadet h\u00e5r. Utviklet med keratin og ekstrakter fra guavafrukt som reparerer de skadede delene av h\u00e5ret. Perfekt for skadet, por\u00f8st eller kjemisk behandlet h\u00e5r. \u00d8yeblikkelig forbedrer h\u00e5rets elastisitet, styrke og glans.<\/p>\n","protected":false},"featured_media":407046,"comment_status":"open","ping_status":"closed","template":"","meta":{"_trash_the_other_posts":false},"product_brand":[],"product_cat":[1003,563],"product_tag":[3070],"berocket_brand":[1372],"class_list":{"0":"post-407047","1":"product","2":"type-product","3":"status-publish","4":"has-post-thumbnail","6":"product_cat-bestselgere","7":"product_cat-sjampo","8":"product_tag-joico-k-pak-reconstructing-shampoo","9":"pa_brand-joico","10":"pa_variant-300ml","11":"berocket_brand-joico","13":"first","14":"outofstock","15":"sale","16":"taxable","17":"shipping-taxable","18":"purchasable","19":"product-type-simple"},"_links":{"self":[{"href":"https:\/\/stylingagenten.com\/no\/wp-json\/wp\/v2\/product\/407047","targetHints":{"allow":["GET"]}}],"collection":[{"href":"https:\/\/stylingagenten.com\/no\/wp-json\/wp\/v2\/product"}],"about":[{"href":"https:\/\/stylingagenten.com\/no\/wp-json\/wp\/v2\/types\/product"}],"replies":[{"embeddable":true,"href":"https:\/\/stylingagenten.com\/no\/wp-json\/wp\/v2\/comments?post=407047"}],"version-history":[{"count":0,"href":"https:\/\/stylingagenten.com\/no\/wp-json\/wp\/v2\/product\/407047\/revisions"}],"wp:featuredmedia":[{"embeddable":true,"href":"https:\/\/stylingagenten.com\/no\/wp-json\/wp\/v2\/media\/407046"}],"wp:attachment":[{"href":"https:\/\/stylingagenten.com\/no\/wp-json\/wp\/v2\/media?parent=407047"}],"wp:term":[{"taxonomy":"product_brand","embeddable":true,"href":"https:\/\/stylingagenten.com\/no\/wp-json\/wp\/v2\/product_brand?post=407047"},{"taxonomy":"product_cat","embeddable":true,"href":"https:\/\/stylingagenten.com\/no\/wp-json\/wp\/v2\/product_cat?post=407047"},{"taxonomy":"product_tag","embeddable":true,"href":"https:\/\/stylingagenten.com\/no\/wp-json\/wp\/v2\/product_tag?post=407047"},{"taxonomy":"berocket_brand","embeddable":true,"href":"https:\/\/stylingagenten.com\/no\/wp-json\/wp\/v2\/berocket_brand?post=407047"}],"curies":[{"name":"wp","href":"https:\/\/api.w.org\/{rel}","templated":true}]}}