{"id":407045,"date":"2025-05-18T23:14:41","date_gmt":"2025-05-18T23:14:41","guid":{"rendered":"https:\/\/staging2.stylingagenten.com\/no\/produkt\/joico-k-pak-color-therapy-shampoo-300ml\/"},"modified":"2026-03-18T07:48:01","modified_gmt":"2026-03-18T07:48:01","slug":"joico-k-pak-color-therapy-shampoo-300ml","status":"publish","type":"product","link":"https:\/\/stylingagenten.com\/no\/produkt\/joico-k-pak-color-therapy-shampoo-300ml\/","title":{"rendered":"Joico K-Pak Color Therapy Shampoo 300ml"},"content":{"rendered":"<p>K-PAK Color Therapy Color-Protecting Shampoo<br \/>Fargebevaring og en rik skummende sjampo som sk\u00e5nsomt fjerner smuss og urenheter. Forlenger livligheten til h\u00e5rfargen samtidig som den gjenoppbygger og beskytter h\u00e5ret.<\/p>\n","protected":false},"excerpt":{"rendered":"<p>K-PAK Color Therapy Color-Protecting ShampooFargebevaring og en rik skummende sjampo som sk\u00e5nsomt fjerner smuss og urenheter. Forlenger livligheten til h\u00e5rfargen samtidig som den gjenoppbygger og beskytter h\u00e5ret.<\/p>\n","protected":false},"featured_media":407044,"comment_status":"open","ping_status":"closed","template":"","meta":{"_trash_the_other_posts":false},"product_brand":[],"product_cat":[1003,563],"product_tag":[3067],"berocket_brand":[1372],"class_list":{"0":"post-407045","1":"product","2":"type-product","3":"status-publish","4":"has-post-thumbnail","6":"product_cat-bestselgere","7":"product_cat-sjampo","8":"product_tag-joico-k-pak-color-therapy-shampoo","9":"pa_brand-joico","10":"pa_variant-300ml","11":"berocket_brand-joico","13":"first","14":"outofstock","15":"sale","16":"taxable","17":"shipping-taxable","18":"purchasable","19":"product-type-simple"},"_links":{"self":[{"href":"https:\/\/stylingagenten.com\/no\/wp-json\/wp\/v2\/product\/407045","targetHints":{"allow":["GET"]}}],"collection":[{"href":"https:\/\/stylingagenten.com\/no\/wp-json\/wp\/v2\/product"}],"about":[{"href":"https:\/\/stylingagenten.com\/no\/wp-json\/wp\/v2\/types\/product"}],"replies":[{"embeddable":true,"href":"https:\/\/stylingagenten.com\/no\/wp-json\/wp\/v2\/comments?post=407045"}],"version-history":[{"count":0,"href":"https:\/\/stylingagenten.com\/no\/wp-json\/wp\/v2\/product\/407045\/revisions"}],"wp:featuredmedia":[{"embeddable":true,"href":"https:\/\/stylingagenten.com\/no\/wp-json\/wp\/v2\/media\/407044"}],"wp:attachment":[{"href":"https:\/\/stylingagenten.com\/no\/wp-json\/wp\/v2\/media?parent=407045"}],"wp:term":[{"taxonomy":"product_brand","embeddable":true,"href":"https:\/\/stylingagenten.com\/no\/wp-json\/wp\/v2\/product_brand?post=407045"},{"taxonomy":"product_cat","embeddable":true,"href":"https:\/\/stylingagenten.com\/no\/wp-json\/wp\/v2\/product_cat?post=407045"},{"taxonomy":"product_tag","embeddable":true,"href":"https:\/\/stylingagenten.com\/no\/wp-json\/wp\/v2\/product_tag?post=407045"},{"taxonomy":"berocket_brand","embeddable":true,"href":"https:\/\/stylingagenten.com\/no\/wp-json\/wp\/v2\/berocket_brand?post=407045"}],"curies":[{"name":"wp","href":"https:\/\/api.w.org\/{rel}","templated":true}]}}