{"id":407005,"date":"2025-05-18T23:14:18","date_gmt":"2025-05-18T23:14:18","guid":{"rendered":"https:\/\/staging2.stylingagenten.com\/no\/produkt\/ida-warg-plumping-shampoo-pro-size-500ml\/"},"modified":"2026-04-06T14:09:05","modified_gmt":"2026-04-06T14:09:05","slug":"ida-warg-plumping-shampoo-pro-size-500ml","status":"publish","type":"product","link":"https:\/\/stylingagenten.com\/no\/produkt\/ida-warg-plumping-shampoo-pro-size-500ml\/","title":{"rendered":"Ida Warg Plumping Shampoo Pro Size 500ml"},"content":{"rendered":"<p>Plumping Shampoo pro size gir h\u00e5ret ekstra volum, fylde og tetthet. Tilf\u00f8rer og holder p\u00e5 fuktighet dypt inne i h\u00e5rstr\u00e5et ved hjelp av hydrolyserte hveteproteiner. Peptider gjenoppbygger skader p\u00e5 h\u00e5rets indre struktur og gir en f\u00f8lelse av metthet. <\/p>\n<p>En fantastisk prikkende og forfriskende duft med hint av sitrus, einer og p\u00e6re<br \/>100 % vegansk og grusomhetsfri<br \/>Fri for parabener og sulfater<\/p>\n","protected":false},"excerpt":{"rendered":"<p>Plumping Shampoo pro size gir h\u00e5ret ekstra volum, fylde og tetthet. Tilf\u00f8rer og holder p\u00e5 fuktighet dypt inne i h\u00e5rstr\u00e5et ved hjelp av hydrolyserte hveteproteiner. Peptider gjenoppbygger skader p\u00e5 h\u00e5rets indre struktur og gir en f\u00f8lelse av metthet. En fantastisk prikkende og forfriskende duft med hint av sitrus, einer og p\u00e6re100 % vegansk og grusomhetsfriFri [&hellip;]<\/p>\n","protected":false},"featured_media":407003,"comment_status":"open","ping_status":"closed","template":"","meta":{"_trash_the_other_posts":false},"product_brand":[],"product_cat":[563],"product_tag":[3005],"berocket_brand":[1346],"class_list":{"0":"post-407005","1":"product","2":"type-product","3":"status-publish","4":"has-post-thumbnail","6":"product_cat-sjampo","7":"product_tag-ida-warg-plumping-shampoo","8":"pa_brand-ida-warg","9":"pa_variant-500ml","10":"berocket_brand-ida-warg","12":"first","13":"outofstock","14":"sale","15":"taxable","16":"shipping-taxable","17":"purchasable","18":"product-type-simple"},"_links":{"self":[{"href":"https:\/\/stylingagenten.com\/no\/wp-json\/wp\/v2\/product\/407005","targetHints":{"allow":["GET"]}}],"collection":[{"href":"https:\/\/stylingagenten.com\/no\/wp-json\/wp\/v2\/product"}],"about":[{"href":"https:\/\/stylingagenten.com\/no\/wp-json\/wp\/v2\/types\/product"}],"replies":[{"embeddable":true,"href":"https:\/\/stylingagenten.com\/no\/wp-json\/wp\/v2\/comments?post=407005"}],"version-history":[{"count":0,"href":"https:\/\/stylingagenten.com\/no\/wp-json\/wp\/v2\/product\/407005\/revisions"}],"wp:featuredmedia":[{"embeddable":true,"href":"https:\/\/stylingagenten.com\/no\/wp-json\/wp\/v2\/media\/407003"}],"wp:attachment":[{"href":"https:\/\/stylingagenten.com\/no\/wp-json\/wp\/v2\/media?parent=407005"}],"wp:term":[{"taxonomy":"product_brand","embeddable":true,"href":"https:\/\/stylingagenten.com\/no\/wp-json\/wp\/v2\/product_brand?post=407005"},{"taxonomy":"product_cat","embeddable":true,"href":"https:\/\/stylingagenten.com\/no\/wp-json\/wp\/v2\/product_cat?post=407005"},{"taxonomy":"product_tag","embeddable":true,"href":"https:\/\/stylingagenten.com\/no\/wp-json\/wp\/v2\/product_tag?post=407005"},{"taxonomy":"berocket_brand","embeddable":true,"href":"https:\/\/stylingagenten.com\/no\/wp-json\/wp\/v2\/berocket_brand?post=407005"}],"curies":[{"name":"wp","href":"https:\/\/api.w.org\/{rel}","templated":true}]}}