{"id":406972,"date":"2025-05-18T23:14:01","date_gmt":"2025-05-18T23:14:01","guid":{"rendered":"https:\/\/staging2.stylingagenten.com\/no\/produkt\/paul-mitchell-clean-beauty-everyday-shampoo-1000ml\/"},"modified":"2026-03-11T21:59:53","modified_gmt":"2026-03-11T21:59:53","slug":"paul-mitchell-clean-beauty-everyday-shampoo-1000ml","status":"publish","type":"product","link":"https:\/\/stylingagenten.com\/no\/produkt\/paul-mitchell-clean-beauty-everyday-shampoo-1000ml\/","title":{"rendered":"Paul Mitchell Clean Beauty Everyday Shampoo 1000ml"},"content":{"rendered":"<p>Clean Beauty Everyday Shampoo renser sk\u00e5nsomt h\u00e5r og hodebunn med et forfriskende, sulfatfritt (uten SLS, SLES, ALS) skum som resulterer i skinnende, spenstig og sunnere h\u00e5r. 83 % naturlig opprinnelse.<\/p>\n<p>Beriket med Argan olje og Aloe Vera.<br \/>Argan olje mykner, pleier og gir n\u00e6ring til h\u00e5ret med antioksidanter, fettsyrer og vitamin E. Bidrar naturlig til \u00e5 \u00f8ke h\u00e5rets elastisitet og tilf\u00f8rer vakker glans .<br \/>Aloe Vera beroliger hodebunnen og gir n\u00e6ring til h\u00e5ret. Etterlater h\u00e5ret glatt og skinnende.<\/p>\n<p>Bruk daglig for mykere, luftigere og sunnere h\u00e5r.<\/p>\n","protected":false},"excerpt":{"rendered":"<p>Clean Beauty Everyday Shampoo renser sk\u00e5nsomt h\u00e5r og hodebunn med et forfriskende, sulfatfritt (uten SLS, SLES, ALS) skum som resulterer i skinnende, spenstig og sunnere h\u00e5r. 83 % naturlig opprinnelse. Beriket med Argan olje og Aloe Vera.Argan olje mykner, pleier og gir n\u00e6ring til h\u00e5ret med antioksidanter, fettsyrer og vitamin E. Bidrar naturlig til \u00e5 [&hellip;]<\/p>\n","protected":false},"featured_media":406970,"comment_status":"open","ping_status":"closed","template":"","meta":{"_trash_the_other_posts":false},"product_brand":[],"product_cat":[563],"product_tag":[3757],"berocket_brand":[1053],"class_list":{"0":"post-406972","1":"product","2":"type-product","3":"status-publish","4":"has-post-thumbnail","6":"product_cat-sjampo","7":"product_tag-paul-mitchell-clean-beauty-everyday-shampoo","8":"pa_brand-paul-mitchell","9":"pa_variant-1000ml","10":"berocket_brand-paul-mitchell","12":"first","13":"instock","14":"sale","15":"taxable","16":"shipping-taxable","17":"purchasable","18":"product-type-simple"},"_links":{"self":[{"href":"https:\/\/stylingagenten.com\/no\/wp-json\/wp\/v2\/product\/406972","targetHints":{"allow":["GET"]}}],"collection":[{"href":"https:\/\/stylingagenten.com\/no\/wp-json\/wp\/v2\/product"}],"about":[{"href":"https:\/\/stylingagenten.com\/no\/wp-json\/wp\/v2\/types\/product"}],"replies":[{"embeddable":true,"href":"https:\/\/stylingagenten.com\/no\/wp-json\/wp\/v2\/comments?post=406972"}],"version-history":[{"count":0,"href":"https:\/\/stylingagenten.com\/no\/wp-json\/wp\/v2\/product\/406972\/revisions"}],"wp:featuredmedia":[{"embeddable":true,"href":"https:\/\/stylingagenten.com\/no\/wp-json\/wp\/v2\/media\/406970"}],"wp:attachment":[{"href":"https:\/\/stylingagenten.com\/no\/wp-json\/wp\/v2\/media?parent=406972"}],"wp:term":[{"taxonomy":"product_brand","embeddable":true,"href":"https:\/\/stylingagenten.com\/no\/wp-json\/wp\/v2\/product_brand?post=406972"},{"taxonomy":"product_cat","embeddable":true,"href":"https:\/\/stylingagenten.com\/no\/wp-json\/wp\/v2\/product_cat?post=406972"},{"taxonomy":"product_tag","embeddable":true,"href":"https:\/\/stylingagenten.com\/no\/wp-json\/wp\/v2\/product_tag?post=406972"},{"taxonomy":"berocket_brand","embeddable":true,"href":"https:\/\/stylingagenten.com\/no\/wp-json\/wp\/v2\/berocket_brand?post=406972"}],"curies":[{"name":"wp","href":"https:\/\/api.w.org\/{rel}","templated":true}]}}